{"id":123651,"date":"2026-05-06T13:27:21","date_gmt":"2026-05-06T16:27:21","guid":{"rendered":"https:\/\/www.hediyepazar.com\/?product=leopar-ozel-bolgesi-acik-beyaz-fiyoklu-kulot-18025"},"modified":"2026-05-06T13:27:21","modified_gmt":"2026-05-06T16:27:21","slug":"leopar-ozel-bolgesi-acik-beyaz-fiyoklu-kulot-18025","status":"publish","type":"product","link":"https:\/\/www.hediyepazar.com\/?product=leopar-ozel-bolgesi-acik-beyaz-fiyoklu-kulot-18025","title":{"rendered":"Leopar \u00d6zel B\u00f6lgesi A\u00e7\u0131k Beyaz Fiyoklu K\u00fclot 18025"},"content":{"rendered":"<p> Leopar \u00d6zel B\u00f6lgesi A\u00e7\u0131k K\u00fclot&nbsp;18025<\/p>\n<p>Paket \u0130\u00e7eri\u011fi; *Tanga<\/p>\n<p>&nbsp;Bedenler : S\/M &#8211; L\/XL &#8211; 2XL\/3XL<\/p>\n<p>&nbsp;90% Polyester %10 Elastan Malzemeden \u00fcretilmi\u015ftir.<\/p>\n<ul>\n<li>%100 yerli malzemelerden \u00fcretilmi\u015f olup, \u00fcretiminde sa\u011fl\u0131\u011fa zararl\u0131 herhangi bir materyal kullan\u0131lmam\u0131\u015ft\u0131r.\u00d6zel tasar\u0131m\u0131 ve esnek yap\u0131s\u0131ndan dolay\u0131 en \u00e7ok tercih edilen \u00fcr\u00fcnlerimiz aras\u0131nda yer almaktad\u0131r.&nbsp;<\/li>\n<\/ul>\n<p>Not :\u0130ncelediginiz \u00dcr\u00fcn Hijyen Kurallar\u0131 Gere\u011fi \u0130ade Ve De\u011fi\u015fimi Bulunmamaktad\u0131r.<\/p>\n","protected":false},"excerpt":{"rendered":"<p>Leopar \u00d6zel B\u00f6lgesi A\u00e7\u0131k K\u00fclot&nbsp;18025 Paket \u0130\u00e7eri\u011fi; *Tanga &nbsp;Bedenler : S\/M &#8211; L\/XL &#8211; 2XL\/3XL &nbsp;90% Polyester %10 Elastan Malzemeden \u00fcretilmi\u015ftir. %100 yerli malzemelerden \u00fcretilmi\u015f olup, \u00fcretiminde sa\u011fl\u0131\u011fa zararl\u0131 herhangi bir materyal kullan\u0131lmam\u0131\u015ft\u0131r.\u00d6zel tasar\u0131m\u0131 ve esnek yap\u0131s\u0131ndan dolay\u0131 en \u00e7ok tercih edilen \u00fcr\u00fcnlerimiz aras\u0131nda yer almaktad\u0131r.&nbsp; Not :\u0130ncelediginiz \u00dcr\u00fcn Hijyen Kurallar\u0131 Gere\u011fi \u0130ade Ve De\u011fi\u015fimi&#8230;<\/p>\n","protected":false},"featured_media":123650,"comment_status":"open","ping_status":"closed","template":"","meta":{"_kad_post_transparent":"","_kad_post_title":"","_kad_post_layout":"","_kad_post_sidebar_id":"","_kad_post_content_style":"","_kad_post_vertical_padding":"","_kad_post_feature":"","_kad_post_feature_position":"","_kad_post_header":false,"_kad_post_footer":false,"_kad_post_classname":""},"product_brand":[],"product_cat":[15169],"product_tag":[],"class_list":{"0":"post-123651","1":"product","2":"type-product","3":"status-publish","4":"has-post-thumbnail","6":"product_cat-fantezi-tanga-kulot-fantezi-tanga-kulot","8":"first","9":"instock","10":"purchasable","11":"product-type-simple","12":"entry","13":"content-bg","14":"loop-entry"},"_links":{"self":[{"href":"https:\/\/www.hediyepazar.com\/index.php?rest_route=\/wp\/v2\/product\/123651","targetHints":{"allow":["GET"]}}],"collection":[{"href":"https:\/\/www.hediyepazar.com\/index.php?rest_route=\/wp\/v2\/product"}],"about":[{"href":"https:\/\/www.hediyepazar.com\/index.php?rest_route=\/wp\/v2\/types\/product"}],"replies":[{"embeddable":true,"href":"https:\/\/www.hediyepazar.com\/index.php?rest_route=%2Fwp%2Fv2%2Fcomments&post=123651"}],"wp:featuredmedia":[{"embeddable":true,"href":"https:\/\/www.hediyepazar.com\/index.php?rest_route=\/wp\/v2\/media\/123650"}],"wp:attachment":[{"href":"https:\/\/www.hediyepazar.com\/index.php?rest_route=%2Fwp%2Fv2%2Fmedia&parent=123651"}],"wp:term":[{"taxonomy":"product_brand","embeddable":true,"href":"https:\/\/www.hediyepazar.com\/index.php?rest_route=%2Fwp%2Fv2%2Fproduct_brand&post=123651"},{"taxonomy":"product_cat","embeddable":true,"href":"https:\/\/www.hediyepazar.com\/index.php?rest_route=%2Fwp%2Fv2%2Fproduct_cat&post=123651"},{"taxonomy":"product_tag","embeddable":true,"href":"https:\/\/www.hediyepazar.com\/index.php?rest_route=%2Fwp%2Fv2%2Fproduct_tag&post=123651"}],"curies":[{"name":"wp","href":"https:\/\/api.w.org\/{rel}","templated":true}]}}