{"id":123655,"date":"2026-05-06T13:29:22","date_gmt":"2026-05-06T16:29:22","guid":{"rendered":"https:\/\/www.hediyepazar.com\/?product=siyah-sirti-acik-dantelli-gecelik-15032"},"modified":"2026-05-06T13:29:22","modified_gmt":"2026-05-06T16:29:22","slug":"siyah-sirti-acik-dantelli-gecelik-15032","status":"publish","type":"product","link":"https:\/\/www.hediyepazar.com\/?product=siyah-sirti-acik-dantelli-gecelik-15032","title":{"rendered":"Siyah S\u0131rt\u0131 A\u00e7\u0131k Dantelli\u00a0Gecelik 15032"},"content":{"rendered":"<p> Siyah S\u0131rt\u0131 A\u00e7\u0131k Dantelli&nbsp;Gecelik 15032<\/p>\n<p>Paket \u0130\u00e7eri\u011fi; *Gecelik&nbsp;<\/p>\n<p>Bedenler : S\/M &#8211; L\/XL &#8211; 2XL\/3XL<\/p>\n<p>\u00dcr\u00fcn\u00fcm\u00fcz&nbsp; ince t\u00fcl ve dantelden&nbsp;\u00fcretilmi\u015fdir.Transparan yap\u0131s\u0131 sayesinde bayan gecelik katagorisinde en \u00e7ok tercih edilen modeller aras\u0131dad\u0131r.<\/p>\n<p>%100 poyester<\/p>\n<p> Not :\u0130ncelediginiz \u00dcr\u00fcn Hijyen Kurallar\u0131 Gere\u011fi \u0130ade Ve De\u011fi\u015fimi Bulunmamaktad\u0131r.<\/p>\n","protected":false},"excerpt":{"rendered":"<p>Siyah S\u0131rt\u0131 A\u00e7\u0131k Dantelli&nbsp;Gecelik 15032 Paket \u0130\u00e7eri\u011fi; *Gecelik&nbsp; Bedenler : S\/M &#8211; L\/XL &#8211; 2XL\/3XL \u00dcr\u00fcn\u00fcm\u00fcz&nbsp; ince t\u00fcl ve dantelden&nbsp;\u00fcretilmi\u015fdir.Transparan yap\u0131s\u0131 sayesinde bayan gecelik katagorisinde en \u00e7ok tercih edilen modeller aras\u0131dad\u0131r. %100 poyester Not :\u0130ncelediginiz \u00dcr\u00fcn Hijyen Kurallar\u0131 Gere\u011fi \u0130ade Ve De\u011fi\u015fimi Bulunmamaktad\u0131r.<\/p>\n","protected":false},"featured_media":123654,"comment_status":"open","ping_status":"closed","template":"","meta":{"_kad_post_transparent":"","_kad_post_title":"","_kad_post_layout":"","_kad_post_sidebar_id":"","_kad_post_content_style":"","_kad_post_vertical_padding":"","_kad_post_feature":"","_kad_post_feature_position":"","_kad_post_header":false,"_kad_post_footer":false,"_kad_post_classname":""},"product_brand":[],"product_cat":[15167],"product_tag":[],"class_list":{"0":"post-123655","1":"product","2":"type-product","3":"status-publish","4":"has-post-thumbnail","6":"product_cat-fantezi-gecelik-fantezi-gecelik","8":"first","9":"instock","10":"purchasable","11":"product-type-simple","12":"entry","13":"content-bg","14":"loop-entry"},"_links":{"self":[{"href":"https:\/\/www.hediyepazar.com\/index.php?rest_route=\/wp\/v2\/product\/123655","targetHints":{"allow":["GET"]}}],"collection":[{"href":"https:\/\/www.hediyepazar.com\/index.php?rest_route=\/wp\/v2\/product"}],"about":[{"href":"https:\/\/www.hediyepazar.com\/index.php?rest_route=\/wp\/v2\/types\/product"}],"replies":[{"embeddable":true,"href":"https:\/\/www.hediyepazar.com\/index.php?rest_route=%2Fwp%2Fv2%2Fcomments&post=123655"}],"wp:featuredmedia":[{"embeddable":true,"href":"https:\/\/www.hediyepazar.com\/index.php?rest_route=\/wp\/v2\/media\/123654"}],"wp:attachment":[{"href":"https:\/\/www.hediyepazar.com\/index.php?rest_route=%2Fwp%2Fv2%2Fmedia&parent=123655"}],"wp:term":[{"taxonomy":"product_brand","embeddable":true,"href":"https:\/\/www.hediyepazar.com\/index.php?rest_route=%2Fwp%2Fv2%2Fproduct_brand&post=123655"},{"taxonomy":"product_cat","embeddable":true,"href":"https:\/\/www.hediyepazar.com\/index.php?rest_route=%2Fwp%2Fv2%2Fproduct_cat&post=123655"},{"taxonomy":"product_tag","embeddable":true,"href":"https:\/\/www.hediyepazar.com\/index.php?rest_route=%2Fwp%2Fv2%2Fproduct_tag&post=123655"}],"curies":[{"name":"wp","href":"https:\/\/api.w.org\/{rel}","templated":true}]}}