{"id":123658,"date":"2026-05-06T13:31:24","date_gmt":"2026-05-06T16:31:24","guid":{"rendered":"https:\/\/www.hediyepazar.com\/?product=uzun-kollu-trend-bluz-bn6576c"},"modified":"2026-05-06T13:31:24","modified_gmt":"2026-05-06T16:31:24","slug":"uzun-kollu-trend-bluz-bn6576c","status":"publish","type":"product","link":"https:\/\/www.hediyepazar.com\/?product=uzun-kollu-trend-bluz-bn6576c","title":{"rendered":"\u00a0Uzun Kollu Trend Bluz BN6576C"},"content":{"rendered":"<p>&nbsp;Uzun Kollu Trend Bluz BN6576C<\/p>\n<p>Paket \u0130\u00e7eri\u011fi : Tek Par\u00e7a Bluz<\/p>\n<p>Renk :&nbsp;Cappicuo<\/p>\n<p>Metaryel Bilgisi : %95 Pamuk&nbsp; %5 Elestan<\/p>\n<p>Beden : \u00dcr\u00fcn\u00fcm\u00fcz XS-S-M-L-XL Beden uyumlu Standart Bedendir.<\/p>\n<p>Maksimum 30 C\u00b0 s\u0131cakl\u0131ka y\u0131kay\u0131n\u0131z.&nbsp;<\/p>\n","protected":false},"excerpt":{"rendered":"<p>&nbsp;Uzun Kollu Trend Bluz BN6576C Paket \u0130\u00e7eri\u011fi : Tek Par\u00e7a Bluz Renk :&nbsp;Cappicuo Metaryel Bilgisi : %95 Pamuk&nbsp; %5 Elestan Beden : \u00dcr\u00fcn\u00fcm\u00fcz XS-S-M-L-XL Beden uyumlu Standart Bedendir. Maksimum 30 C\u00b0 s\u0131cakl\u0131ka y\u0131kay\u0131n\u0131z.&nbsp;<\/p>\n","protected":false},"featured_media":123657,"comment_status":"open","ping_status":"closed","template":"","meta":{"_kad_post_transparent":"","_kad_post_title":"","_kad_post_layout":"","_kad_post_sidebar_id":"","_kad_post_content_style":"","_kad_post_vertical_padding":"","_kad_post_feature":"","_kad_post_feature_position":"","_kad_post_header":false,"_kad_post_footer":false,"_kad_post_classname":""},"product_brand":[],"product_cat":[15171],"product_tag":[],"class_list":{"0":"post-123658","1":"product","2":"type-product","3":"status-publish","4":"has-post-thumbnail","6":"product_cat-bluz-bluz-2","8":"first","9":"instock","10":"purchasable","11":"product-type-simple","12":"entry","13":"content-bg","14":"loop-entry"},"_links":{"self":[{"href":"https:\/\/www.hediyepazar.com\/index.php?rest_route=\/wp\/v2\/product\/123658","targetHints":{"allow":["GET"]}}],"collection":[{"href":"https:\/\/www.hediyepazar.com\/index.php?rest_route=\/wp\/v2\/product"}],"about":[{"href":"https:\/\/www.hediyepazar.com\/index.php?rest_route=\/wp\/v2\/types\/product"}],"replies":[{"embeddable":true,"href":"https:\/\/www.hediyepazar.com\/index.php?rest_route=%2Fwp%2Fv2%2Fcomments&post=123658"}],"wp:featuredmedia":[{"embeddable":true,"href":"https:\/\/www.hediyepazar.com\/index.php?rest_route=\/wp\/v2\/media\/123657"}],"wp:attachment":[{"href":"https:\/\/www.hediyepazar.com\/index.php?rest_route=%2Fwp%2Fv2%2Fmedia&parent=123658"}],"wp:term":[{"taxonomy":"product_brand","embeddable":true,"href":"https:\/\/www.hediyepazar.com\/index.php?rest_route=%2Fwp%2Fv2%2Fproduct_brand&post=123658"},{"taxonomy":"product_cat","embeddable":true,"href":"https:\/\/www.hediyepazar.com\/index.php?rest_route=%2Fwp%2Fv2%2Fproduct_cat&post=123658"},{"taxonomy":"product_tag","embeddable":true,"href":"https:\/\/www.hediyepazar.com\/index.php?rest_route=%2Fwp%2Fv2%2Fproduct_tag&post=123658"}],"curies":[{"name":"wp","href":"https:\/\/api.w.org\/{rel}","templated":true}]}}