{"id":123662,"date":"2026-05-06T13:32:59","date_gmt":"2026-05-06T16:32:59","guid":{"rendered":"https:\/\/www.hediyepazar.com\/?product=pembe-cicek-desenli-dantel-detayli-gecelik-15706"},"modified":"2026-05-06T13:32:59","modified_gmt":"2026-05-06T16:32:59","slug":"pembe-cicek-desenli-dantel-detayli-gecelik-15706","status":"publish","type":"product","link":"https:\/\/www.hediyepazar.com\/?product=pembe-cicek-desenli-dantel-detayli-gecelik-15706","title":{"rendered":"Pembe \u00c7i\u00e7ek Desenli Dantel Detayl\u0131 Gecelik 15706"},"content":{"rendered":"<p> Pembe \u00c7i\u00e7ek Desenli Dantel Detayl\u0131 Gecelik 15706<\/p>\n<p>Bedenler : S\/M -L\/XL -2XL\/3XL<\/p>\n<p>Paket \u0130\u00e7eri\u011fi : *Gecelik *Slip<\/p>\n<p>Not : Hijyen kurallar\u0131 nedeniyle \u00fcr\u00fcnlerde iade ve de\u011fi\u015fim kabul edilmemektedir.<\/p>\n<p style=\"text-align: center;\"><strong>Bu \u00fcr\u00fcn <span style=\"color: #ff0000;\">Vega Sanal Ma\u011faza<\/span> ile listelenmi\u015ftir<\/strong><\/p>\n","protected":false},"excerpt":{"rendered":"<p>Pembe \u00c7i\u00e7ek Desenli Dantel Detayl\u0131 Gecelik 15706 Bedenler : S\/M -L\/XL -2XL\/3XL Paket \u0130\u00e7eri\u011fi : *Gecelik *Slip Not : Hijyen kurallar\u0131 nedeniyle \u00fcr\u00fcnlerde iade ve de\u011fi\u015fim kabul edilmemektedir. Bu \u00fcr\u00fcn Vega Sanal Ma\u011faza ile listelenmi\u015ftir<\/p>\n","protected":false},"featured_media":0,"comment_status":"open","ping_status":"closed","template":"","meta":{"_kad_post_transparent":"","_kad_post_title":"","_kad_post_layout":"","_kad_post_sidebar_id":"","_kad_post_content_style":"","_kad_post_vertical_padding":"","_kad_post_feature":"","_kad_post_feature_position":"","_kad_post_header":false,"_kad_post_footer":false,"_kad_post_classname":""},"product_brand":[],"product_cat":[15167],"product_tag":[],"class_list":{"0":"post-123662","1":"product","2":"type-product","3":"status-publish","5":"product_cat-fantezi-gecelik-fantezi-gecelik","7":"first","8":"instock","9":"purchasable","10":"product-type-simple","11":"entry","12":"content-bg","13":"loop-entry"},"_links":{"self":[{"href":"https:\/\/www.hediyepazar.com\/index.php?rest_route=\/wp\/v2\/product\/123662","targetHints":{"allow":["GET"]}}],"collection":[{"href":"https:\/\/www.hediyepazar.com\/index.php?rest_route=\/wp\/v2\/product"}],"about":[{"href":"https:\/\/www.hediyepazar.com\/index.php?rest_route=\/wp\/v2\/types\/product"}],"replies":[{"embeddable":true,"href":"https:\/\/www.hediyepazar.com\/index.php?rest_route=%2Fwp%2Fv2%2Fcomments&post=123662"}],"wp:attachment":[{"href":"https:\/\/www.hediyepazar.com\/index.php?rest_route=%2Fwp%2Fv2%2Fmedia&parent=123662"}],"wp:term":[{"taxonomy":"product_brand","embeddable":true,"href":"https:\/\/www.hediyepazar.com\/index.php?rest_route=%2Fwp%2Fv2%2Fproduct_brand&post=123662"},{"taxonomy":"product_cat","embeddable":true,"href":"https:\/\/www.hediyepazar.com\/index.php?rest_route=%2Fwp%2Fv2%2Fproduct_cat&post=123662"},{"taxonomy":"product_tag","embeddable":true,"href":"https:\/\/www.hediyepazar.com\/index.php?rest_route=%2Fwp%2Fv2%2Fproduct_tag&post=123662"}],"curies":[{"name":"wp","href":"https:\/\/api.w.org\/{rel}","templated":true}]}}