{"id":123664,"date":"2026-05-06T13:33:19","date_gmt":"2026-05-06T16:33:19","guid":{"rendered":"https:\/\/www.hediyepazar.com\/?product=beyaz-pirilti-cicekli-askili-mini-gecelik-15626"},"modified":"2026-05-06T13:33:19","modified_gmt":"2026-05-06T16:33:19","slug":"beyaz-pirilti-cicekli-askili-mini-gecelik-15626","status":"publish","type":"product","link":"https:\/\/www.hediyepazar.com\/?product=beyaz-pirilti-cicekli-askili-mini-gecelik-15626","title":{"rendered":"Beyaz P\u0131r\u0131lt\u0131 \u00c7i\u00e7ekli Ask\u0131l\u0131 Mini Gecelik 15626"},"content":{"rendered":"<p>Beyaz P\u0131r\u0131lt\u0131 \u00c7i\u00e7ekli Ask\u0131l\u0131 Mini Gecelik 15626 Bedenler : S-M-L-XL-2XL-3XL Materyal : Micro Kuma\u015f Not : Hijyen kurallar\u0131 nedeniyle \u00fcr\u00fcnlerde de\u011fi\u015fim ve iade kabul edillmemektedir. Y\u0131kama Talimat\u0131 : Maksimum 30 C\u00b0 s\u0131cakl\u0131ka y\u0131kay\u0131n\u0131z.<\/p>\n","protected":false},"excerpt":{"rendered":"<p>Beyaz P\u0131r\u0131lt\u0131 \u00c7i\u00e7ekli Ask\u0131l\u0131 Mini Gecelik 15626 Bedenler : S-M-L-XL-2XL-3XL Materyal : Micro Kuma\u015f Not : Hijyen kurallar\u0131 nedeniyle \u00fcr\u00fcnlerde de\u011fi\u015fim ve iade kabul edillmemektedir. Y\u0131kama Talimat\u0131 : Maksimum 30 C\u00b0 s\u0131cakl\u0131ka y\u0131kay\u0131n\u0131z.<\/p>\n","protected":false},"featured_media":0,"comment_status":"open","ping_status":"closed","template":"","meta":{"_kad_post_transparent":"","_kad_post_title":"","_kad_post_layout":"","_kad_post_sidebar_id":"","_kad_post_content_style":"","_kad_post_vertical_padding":"","_kad_post_feature":"","_kad_post_feature_position":"","_kad_post_header":false,"_kad_post_footer":false,"_kad_post_classname":""},"product_brand":[],"product_cat":[15167],"product_tag":[],"class_list":{"0":"post-123664","1":"product","2":"type-product","3":"status-publish","5":"product_cat-fantezi-gecelik-fantezi-gecelik","7":"first","8":"instock","9":"purchasable","10":"product-type-simple","11":"entry","12":"content-bg","13":"loop-entry"},"_links":{"self":[{"href":"https:\/\/www.hediyepazar.com\/index.php?rest_route=\/wp\/v2\/product\/123664","targetHints":{"allow":["GET"]}}],"collection":[{"href":"https:\/\/www.hediyepazar.com\/index.php?rest_route=\/wp\/v2\/product"}],"about":[{"href":"https:\/\/www.hediyepazar.com\/index.php?rest_route=\/wp\/v2\/types\/product"}],"replies":[{"embeddable":true,"href":"https:\/\/www.hediyepazar.com\/index.php?rest_route=%2Fwp%2Fv2%2Fcomments&post=123664"}],"wp:attachment":[{"href":"https:\/\/www.hediyepazar.com\/index.php?rest_route=%2Fwp%2Fv2%2Fmedia&parent=123664"}],"wp:term":[{"taxonomy":"product_brand","embeddable":true,"href":"https:\/\/www.hediyepazar.com\/index.php?rest_route=%2Fwp%2Fv2%2Fproduct_brand&post=123664"},{"taxonomy":"product_cat","embeddable":true,"href":"https:\/\/www.hediyepazar.com\/index.php?rest_route=%2Fwp%2Fv2%2Fproduct_cat&post=123664"},{"taxonomy":"product_tag","embeddable":true,"href":"https:\/\/www.hediyepazar.com\/index.php?rest_route=%2Fwp%2Fv2%2Fproduct_tag&post=123664"}],"curies":[{"name":"wp","href":"https:\/\/api.w.org\/{rel}","templated":true}]}}