{"id":123665,"date":"2026-05-06T13:34:00","date_gmt":"2026-05-06T16:34:00","guid":{"rendered":"https:\/\/www.hediyepazar.com\/?product=siyah-dokumlu-yirtmac-detay-sik-geceliik-15531"},"modified":"2026-05-06T13:34:00","modified_gmt":"2026-05-06T16:34:00","slug":"siyah-dokumlu-yirtmac-detay-sik-geceliik-15531","status":"publish","type":"product","link":"https:\/\/www.hediyepazar.com\/?product=siyah-dokumlu-yirtmac-detay-sik-geceliik-15531","title":{"rendered":"Siyah D\u00f6k\u00fcml\u00fc Y\u0131rtma\u00e7 Detay \u015e\u0131k Geceliik 15531\u00a0"},"content":{"rendered":"<p><iframe allow=\"accelerometer; autoplay; clipboard-write; encrypted-media; gyroscope; picture-in-picture; web-share\" allowfullscreen=\"\" frameborder=\"0\" height=\"315\" referrerpolicy=\"strict-origin-when-cross-origin\" src=\"https:\/\/www.youtube.com\/embed\/chq2LBmEWHc?si=WyaYmE60jARE4E58&amp;start=15\" title=\"YouTube video player\" width=\"560\"><\/iframe> <\/p>\n<p> Siyah D\u00f6k\u00fcml\u00fc Y\u0131rtma\u00e7 Detay \u015e\u0131k Geceliik 15531&nbsp;<\/p>\n<p>Paket \u0130\u00e7eri\u011fi; *Gecelik<\/p>\n<p>Bedenler : S\/M &#8211; L\/XL &#8211; 2XL\/3XL -4XL &#8211; 5 XL<\/p>\n<p>\u00dcr\u00fcn\u00fcm\u00fcz micro kuma\u015ftan \u00fcretilmi\u015fdir.Transparan yap\u0131s\u0131 sayesinde bayan gecelik katagorisinde en \u00e7ok tercih edilen modeller aras\u0131dad\u0131r.<br \/> Not:Omuz sabit ask\u0131d\u0131r.Ayarlamal\u0131 de\u011fildir.Daha rahat giyilmesi amac\u0131yla bu sekilde \u00fcretilmi\u015fdir.<br \/> %100 Polyester<\/p>\n<p>Not :\u0130ncelediginiz \u00dcr\u00fcn Hijyen Kurallar\u0131 Gere\u011fi \u0130ade Ve De\u011fi\u015fimi Bulunmamaktad\u0131r.<\/p>\n","protected":false},"excerpt":{"rendered":"<p>Siyah D\u00f6k\u00fcml\u00fc Y\u0131rtma\u00e7 Detay \u015e\u0131k Geceliik 15531&nbsp; Paket \u0130\u00e7eri\u011fi; *Gecelik Bedenler : S\/M &#8211; L\/XL &#8211; 2XL\/3XL -4XL &#8211; 5 XL \u00dcr\u00fcn\u00fcm\u00fcz micro kuma\u015ftan \u00fcretilmi\u015fdir.Transparan yap\u0131s\u0131 sayesinde bayan gecelik katagorisinde en \u00e7ok tercih edilen modeller aras\u0131dad\u0131r. Not:Omuz sabit ask\u0131d\u0131r.Ayarlamal\u0131 de\u011fildir.Daha rahat giyilmesi amac\u0131yla bu sekilde \u00fcretilmi\u015fdir. %100 Polyester Not :\u0130ncelediginiz \u00dcr\u00fcn Hijyen Kurallar\u0131 Gere\u011fi \u0130ade&#8230;<\/p>\n","protected":false},"featured_media":0,"comment_status":"open","ping_status":"closed","template":"","meta":{"_kad_post_transparent":"","_kad_post_title":"","_kad_post_layout":"","_kad_post_sidebar_id":"","_kad_post_content_style":"","_kad_post_vertical_padding":"","_kad_post_feature":"","_kad_post_feature_position":"","_kad_post_header":false,"_kad_post_footer":false,"_kad_post_classname":""},"product_brand":[],"product_cat":[15175],"product_tag":[],"class_list":{"0":"post-123665","1":"product","2":"type-product","3":"status-publish","5":"product_cat-ev-giyim-gecelik-ev-giyim-gecelik","7":"first","8":"instock","9":"purchasable","10":"product-type-simple","11":"entry","12":"content-bg","13":"loop-entry"},"_links":{"self":[{"href":"https:\/\/www.hediyepazar.com\/index.php?rest_route=\/wp\/v2\/product\/123665","targetHints":{"allow":["GET"]}}],"collection":[{"href":"https:\/\/www.hediyepazar.com\/index.php?rest_route=\/wp\/v2\/product"}],"about":[{"href":"https:\/\/www.hediyepazar.com\/index.php?rest_route=\/wp\/v2\/types\/product"}],"replies":[{"embeddable":true,"href":"https:\/\/www.hediyepazar.com\/index.php?rest_route=%2Fwp%2Fv2%2Fcomments&post=123665"}],"wp:attachment":[{"href":"https:\/\/www.hediyepazar.com\/index.php?rest_route=%2Fwp%2Fv2%2Fmedia&parent=123665"}],"wp:term":[{"taxonomy":"product_brand","embeddable":true,"href":"https:\/\/www.hediyepazar.com\/index.php?rest_route=%2Fwp%2Fv2%2Fproduct_brand&post=123665"},{"taxonomy":"product_cat","embeddable":true,"href":"https:\/\/www.hediyepazar.com\/index.php?rest_route=%2Fwp%2Fv2%2Fproduct_cat&post=123665"},{"taxonomy":"product_tag","embeddable":true,"href":"https:\/\/www.hediyepazar.com\/index.php?rest_route=%2Fwp%2Fv2%2Fproduct_tag&post=123665"}],"curies":[{"name":"wp","href":"https:\/\/api.w.org\/{rel}","templated":true}]}}