{"id":123674,"date":"2026-05-06T13:36:15","date_gmt":"2026-05-06T16:36:15","guid":{"rendered":"https:\/\/www.hediyepazar.com\/?product=kare-askili-mumluk-duvara-asilan-sik-dekoratif-mumluk-16x16-cm"},"modified":"2026-05-06T13:36:15","modified_gmt":"2026-05-06T16:36:15","slug":"kare-askili-mumluk-duvara-asilan-sik-dekoratif-mumluk-16x16-cm","status":"publish","type":"product","link":"https:\/\/www.hediyepazar.com\/?product=kare-askili-mumluk-duvara-asilan-sik-dekoratif-mumluk-16x16-cm","title":{"rendered":"Kare Ask\u0131l\u0131 Mumluk Duvara As\u0131lan \u015e\u0131k Dekoratif Mumluk 16\u00d716 cm"},"content":{"rendered":"<p>Kare formda tasarlanan ask\u0131l\u0131 mumluk, duvar dekorasyonuna farkl\u0131 bir boyut kazand\u0131r\u0131r. Salon, oturma odas\u0131, antre veya yatak odas\u0131 gibi alanlarda rahatl\u0131kla kullan\u0131labilir. Mum \u0131\u015f\u0131\u011f\u0131yla birlikte ortamda yumu\u015fak ve s\u0131cak bir ambiyans olu\u015fturur. Duvara as\u0131l\u0131 yap\u0131s\u0131 sayesinde tek ba\u015f\u0131na g\u00fc\u00e7l\u00fc bir dekor unsuru olarak \u00f6ne \u00e7\u0131kar. Modern, bohem veya sade dekorasyon stilleriyle uyum sa\u011flar.<\/p>\n","protected":false},"excerpt":{"rendered":"<p>Kare formda tasarlanan ask\u0131l\u0131 mumluk, duvar dekorasyonuna farkl\u0131 bir boyut kazand\u0131r\u0131r. Salon, oturma odas\u0131, antre veya yatak odas\u0131 gibi alanlarda rahatl\u0131kla kullan\u0131labilir. Mum \u0131\u015f\u0131\u011f\u0131yla birlikte ortamda yumu\u015fak ve s\u0131cak bir ambiyans olu\u015fturur. Duvara as\u0131l\u0131 yap\u0131s\u0131 sayesinde tek ba\u015f\u0131na g\u00fc\u00e7l\u00fc bir dekor unsuru olarak \u00f6ne \u00e7\u0131kar. Modern, bohem veya sade dekorasyon stilleriyle uyum sa\u011flar.<\/p>\n","protected":false},"featured_media":123673,"comment_status":"open","ping_status":"closed","template":"","meta":{"_kad_post_transparent":"","_kad_post_title":"","_kad_post_layout":"","_kad_post_sidebar_id":"","_kad_post_content_style":"","_kad_post_vertical_padding":"","_kad_post_feature":"","_kad_post_feature_position":"","_kad_post_header":false,"_kad_post_footer":false,"_kad_post_classname":""},"product_brand":[],"product_cat":[14940],"product_tag":[],"class_list":{"0":"post-123674","1":"product","2":"type-product","3":"status-publish","4":"has-post-thumbnail","6":"product_cat-dekoratif-obje-biblo-dekoratif-obje-biblo","8":"first","9":"instock","10":"purchasable","11":"product-type-simple","12":"entry","13":"content-bg","14":"loop-entry"},"_links":{"self":[{"href":"https:\/\/www.hediyepazar.com\/index.php?rest_route=\/wp\/v2\/product\/123674","targetHints":{"allow":["GET"]}}],"collection":[{"href":"https:\/\/www.hediyepazar.com\/index.php?rest_route=\/wp\/v2\/product"}],"about":[{"href":"https:\/\/www.hediyepazar.com\/index.php?rest_route=\/wp\/v2\/types\/product"}],"replies":[{"embeddable":true,"href":"https:\/\/www.hediyepazar.com\/index.php?rest_route=%2Fwp%2Fv2%2Fcomments&post=123674"}],"wp:featuredmedia":[{"embeddable":true,"href":"https:\/\/www.hediyepazar.com\/index.php?rest_route=\/wp\/v2\/media\/123673"}],"wp:attachment":[{"href":"https:\/\/www.hediyepazar.com\/index.php?rest_route=%2Fwp%2Fv2%2Fmedia&parent=123674"}],"wp:term":[{"taxonomy":"product_brand","embeddable":true,"href":"https:\/\/www.hediyepazar.com\/index.php?rest_route=%2Fwp%2Fv2%2Fproduct_brand&post=123674"},{"taxonomy":"product_cat","embeddable":true,"href":"https:\/\/www.hediyepazar.com\/index.php?rest_route=%2Fwp%2Fv2%2Fproduct_cat&post=123674"},{"taxonomy":"product_tag","embeddable":true,"href":"https:\/\/www.hediyepazar.com\/index.php?rest_route=%2Fwp%2Fv2%2Fproduct_tag&post=123674"}],"curies":[{"name":"wp","href":"https:\/\/api.w.org\/{rel}","templated":true}]}}