{"id":123682,"date":"2026-05-06T13:37:07","date_gmt":"2026-05-06T16:37:07","guid":{"rendered":"https:\/\/www.hediyepazar.com\/?product=gri-cerezlik-4lu-set-sik-ve-minimal-masa-ustu-kullanim"},"modified":"2026-05-06T13:37:07","modified_gmt":"2026-05-06T16:37:07","slug":"gri-cerezlik-4lu-set-sik-ve-minimal-masa-ustu-kullanim","status":"publish","type":"product","link":"https:\/\/www.hediyepazar.com\/?product=gri-cerezlik-4lu-set-sik-ve-minimal-masa-ustu-kullanim","title":{"rendered":"Gri \u00c7erezlik 4\u2019l\u00fc Set \u015e\u0131k ve Minimal Masa \u00dcst\u00fc Kullan\u0131m"},"content":{"rendered":"<p>\u015e\u0131kl\u0131\u011f\u0131 ve fonksiyonelli\u011fi bir arada sunan gri \u00e7erezlik kase seti, modern ya\u015fam alanlar\u0131 i\u00e7in \u00f6zel olarak tasarlanm\u0131\u015ft\u0131r. B\u00f6lmeli i\u00e7 yap\u0131s\u0131 sayesinde f\u0131st\u0131k, badem, cips, draje veya sosluk kullan\u0131m\u0131na uygundur. Kompakt \u00f6l\u00e7\u00fcleri ile yer kaplamaz, ayn\u0131 zamanda d\u00fczenli bir sunum sa\u011flar.Mat gri rengi, \u00f6zellikle modern ve minimal salon dekorasyonlar\u0131nda sofistike bir hava olu\u015fturur. Lo\u015f ayd\u0131nlatmal\u0131 salonlarda veya masa \u00fcst\u00fc sunumlarda zarif bir detay olarak \u00f6ne \u00e7\u0131kar. Ev kullan\u0131m\u0131 d\u0131\u015f\u0131nda ofis, bekleme alan\u0131 veya \u00f6zel davetlerde de rahatl\u0131kla tercih edilebilir. Hem dekoratif hem de i\u015flevsel bir sunum \u00fcr\u00fcn\u00fc arayanlar i\u00e7in ideal bir settir.<\/p>\n","protected":false},"excerpt":{"rendered":"<p>\u015e\u0131kl\u0131\u011f\u0131 ve fonksiyonelli\u011fi bir arada sunan gri \u00e7erezlik kase seti, modern ya\u015fam alanlar\u0131 i\u00e7in \u00f6zel olarak tasarlanm\u0131\u015ft\u0131r. B\u00f6lmeli i\u00e7 yap\u0131s\u0131 sayesinde f\u0131st\u0131k, badem, cips, draje veya sosluk kullan\u0131m\u0131na uygundur. Kompakt \u00f6l\u00e7\u00fcleri ile yer kaplamaz, ayn\u0131 zamanda d\u00fczenli bir sunum sa\u011flar.Mat gri rengi, \u00f6zellikle modern ve minimal salon dekorasyonlar\u0131nda sofistike bir hava olu\u015fturur. Lo\u015f ayd\u0131nlatmal\u0131 salonlarda&#8230;<\/p>\n","protected":false},"featured_media":123681,"comment_status":"open","ping_status":"closed","template":"","meta":{"_kad_post_transparent":"","_kad_post_title":"","_kad_post_layout":"","_kad_post_sidebar_id":"","_kad_post_content_style":"","_kad_post_vertical_padding":"","_kad_post_feature":"","_kad_post_feature_position":"","_kad_post_header":false,"_kad_post_footer":false,"_kad_post_classname":""},"product_brand":[],"product_cat":[14940],"product_tag":[],"class_list":{"0":"post-123682","1":"product","2":"type-product","3":"status-publish","4":"has-post-thumbnail","6":"product_cat-dekoratif-obje-biblo-dekoratif-obje-biblo","8":"first","9":"instock","10":"purchasable","11":"product-type-simple","12":"entry","13":"content-bg","14":"loop-entry"},"_links":{"self":[{"href":"https:\/\/www.hediyepazar.com\/index.php?rest_route=\/wp\/v2\/product\/123682","targetHints":{"allow":["GET"]}}],"collection":[{"href":"https:\/\/www.hediyepazar.com\/index.php?rest_route=\/wp\/v2\/product"}],"about":[{"href":"https:\/\/www.hediyepazar.com\/index.php?rest_route=\/wp\/v2\/types\/product"}],"replies":[{"embeddable":true,"href":"https:\/\/www.hediyepazar.com\/index.php?rest_route=%2Fwp%2Fv2%2Fcomments&post=123682"}],"wp:featuredmedia":[{"embeddable":true,"href":"https:\/\/www.hediyepazar.com\/index.php?rest_route=\/wp\/v2\/media\/123681"}],"wp:attachment":[{"href":"https:\/\/www.hediyepazar.com\/index.php?rest_route=%2Fwp%2Fv2%2Fmedia&parent=123682"}],"wp:term":[{"taxonomy":"product_brand","embeddable":true,"href":"https:\/\/www.hediyepazar.com\/index.php?rest_route=%2Fwp%2Fv2%2Fproduct_brand&post=123682"},{"taxonomy":"product_cat","embeddable":true,"href":"https:\/\/www.hediyepazar.com\/index.php?rest_route=%2Fwp%2Fv2%2Fproduct_cat&post=123682"},{"taxonomy":"product_tag","embeddable":true,"href":"https:\/\/www.hediyepazar.com\/index.php?rest_route=%2Fwp%2Fv2%2Fproduct_tag&post=123682"}],"curies":[{"name":"wp","href":"https:\/\/api.w.org\/{rel}","templated":true}]}}