{"id":123702,"date":"2026-05-06T13:41:02","date_gmt":"2026-05-06T16:41:02","guid":{"rendered":"https:\/\/www.hediyepazar.com\/?product=dekoratif-gold-hoodie-kalemlik-10x10-cm"},"modified":"2026-05-06T13:41:02","modified_gmt":"2026-05-06T16:41:02","slug":"dekoratif-gold-hoodie-kalemlik-10x10-cm","status":"publish","type":"product","link":"https:\/\/www.hediyepazar.com\/?product=dekoratif-gold-hoodie-kalemlik-10x10-cm","title":{"rendered":"Dekoratif Gold Hoodie Kalemlik 10&#215;10 cm"},"content":{"rendered":"<p>Hoodie tasar\u0131ml\u0131 gold kalemlik, modern masa d\u00fczenine estetik bir dokunu\u015f katmak isteyenler i\u00e7in \u00f6zel olarak tasarlanm\u0131\u015ft\u0131r. 10&#215;10 cm \u00f6l\u00e7\u00fcs\u00fc, kompakt yap\u0131s\u0131 sayesinde masa \u00fczerinde d\u00fczen sa\u011flarken alan tasarrufu sunar. Kalemler, not ka\u011f\u0131tlar\u0131 ve k\u00fc\u00e7\u00fck masa\u00fcst\u00fc \u00fcr\u00fcnleri i\u00e7in pratik bir saklama alan\u0131 olu\u015fturur.Gold tonu, klasik ve modern dekorasyon stilleriyle uyum sa\u011flayarak bulundu\u011fu ortamda zarif bir g\u00f6r\u00fcn\u00fcm olu\u015fturur. \u00d6zellikle sade masa d\u00fczenlerinde dikkat \u00e7ekici bir detay olarak \u00f6ne \u00e7\u0131kar. Hoodie formu, \u00fcr\u00fcne e\u011flenceli ve \u00f6zg\u00fcn bir karakter kazand\u0131r\u0131r.Minimal boyutlar\u0131na ra\u011fmen i\u015flevsel yap\u0131s\u0131 sayesinde g\u00fcnl\u00fck kullan\u0131mda b\u00fcy\u00fck kolayl\u0131k sa\u011flar. Masa \u00fczerindeki da\u011f\u0131n\u0131kl\u0131\u011f\u0131 azalt\u0131r ve daha d\u00fczenli bir \u00e7al\u0131\u015fma alan\u0131 olu\u015fturur. Tek ba\u015f\u0131na dekoratif bir obje olarak da kullan\u0131labilir.Dayan\u0131kl\u0131 yap\u0131s\u0131 ile uzun s\u00fcreli kullan\u0131m sunar. Hem estetik hem de pratik bir masa aksesuar\u0131 arayanlar i\u00e7in ideal bir \u00fcr\u00fcnd\u00fcr. Kendiniz i\u00e7in oldu\u011fu kadar sevdiklerinize \u015f\u0131k ve farkl\u0131 bir hediye olarak da tercih edilebilir.<\/p>\n","protected":false},"excerpt":{"rendered":"<p>Hoodie tasar\u0131ml\u0131 gold kalemlik, modern masa d\u00fczenine estetik bir dokunu\u015f katmak isteyenler i\u00e7in \u00f6zel olarak tasarlanm\u0131\u015ft\u0131r. 10&#215;10 cm \u00f6l\u00e7\u00fcs\u00fc, kompakt yap\u0131s\u0131 sayesinde masa \u00fczerinde d\u00fczen sa\u011flarken alan tasarrufu sunar. Kalemler, not ka\u011f\u0131tlar\u0131 ve k\u00fc\u00e7\u00fck masa\u00fcst\u00fc \u00fcr\u00fcnleri i\u00e7in pratik bir saklama alan\u0131 olu\u015fturur.Gold tonu, klasik ve modern dekorasyon stilleriyle uyum sa\u011flayarak bulundu\u011fu ortamda zarif bir g\u00f6r\u00fcn\u00fcm&#8230;<\/p>\n","protected":false},"featured_media":123701,"comment_status":"open","ping_status":"closed","template":"","meta":{"_kad_post_transparent":"","_kad_post_title":"","_kad_post_layout":"","_kad_post_sidebar_id":"","_kad_post_content_style":"","_kad_post_vertical_padding":"","_kad_post_feature":"","_kad_post_feature_position":"","_kad_post_header":false,"_kad_post_footer":false,"_kad_post_classname":""},"product_brand":[],"product_cat":[14940],"product_tag":[],"class_list":{"0":"post-123702","1":"product","2":"type-product","3":"status-publish","4":"has-post-thumbnail","6":"product_cat-dekoratif-obje-biblo-dekoratif-obje-biblo","8":"first","9":"instock","10":"purchasable","11":"product-type-simple","12":"entry","13":"content-bg","14":"loop-entry"},"_links":{"self":[{"href":"https:\/\/www.hediyepazar.com\/index.php?rest_route=\/wp\/v2\/product\/123702","targetHints":{"allow":["GET"]}}],"collection":[{"href":"https:\/\/www.hediyepazar.com\/index.php?rest_route=\/wp\/v2\/product"}],"about":[{"href":"https:\/\/www.hediyepazar.com\/index.php?rest_route=\/wp\/v2\/types\/product"}],"replies":[{"embeddable":true,"href":"https:\/\/www.hediyepazar.com\/index.php?rest_route=%2Fwp%2Fv2%2Fcomments&post=123702"}],"wp:featuredmedia":[{"embeddable":true,"href":"https:\/\/www.hediyepazar.com\/index.php?rest_route=\/wp\/v2\/media\/123701"}],"wp:attachment":[{"href":"https:\/\/www.hediyepazar.com\/index.php?rest_route=%2Fwp%2Fv2%2Fmedia&parent=123702"}],"wp:term":[{"taxonomy":"product_brand","embeddable":true,"href":"https:\/\/www.hediyepazar.com\/index.php?rest_route=%2Fwp%2Fv2%2Fproduct_brand&post=123702"},{"taxonomy":"product_cat","embeddable":true,"href":"https:\/\/www.hediyepazar.com\/index.php?rest_route=%2Fwp%2Fv2%2Fproduct_cat&post=123702"},{"taxonomy":"product_tag","embeddable":true,"href":"https:\/\/www.hediyepazar.com\/index.php?rest_route=%2Fwp%2Fv2%2Fproduct_tag&post=123702"}],"curies":[{"name":"wp","href":"https:\/\/api.w.org\/{rel}","templated":true}]}}