{"id":123722,"date":"2026-05-06T13:46:13","date_gmt":"2026-05-06T16:46:13","guid":{"rendered":"https:\/\/www.hediyepazar.com\/?product=cok-fonksiyonlu-elektrikli-cakmak-el-feneri-ozellikli"},"modified":"2026-05-06T13:46:13","modified_gmt":"2026-05-06T16:46:13","slug":"cok-fonksiyonlu-elektrikli-cakmak-el-feneri-ozellikli","status":"publish","type":"product","link":"https:\/\/www.hediyepazar.com\/?product=cok-fonksiyonlu-elektrikli-cakmak-el-feneri-ozellikli","title":{"rendered":"\u00c7ok Fonksiyonlu Elektrikli \u00c7akmak El Feneri \u00d6zellikli"},"content":{"rendered":"<p>Elektrikli \u00e7akmak, \u00e7ok y\u00f6nl\u00fc kullan\u0131m\u0131 ve dayan\u0131kl\u0131 tasar\u0131m\u0131yla \u00f6ne \u00e7\u0131kar. USB \u015farj edilebilir yap\u0131s\u0131 sayesinde pratik bir \u00e7\u00f6z\u00fcm sunar. R\u00fczgar ge\u00e7irmez ate\u015fleme sistemi, d\u0131\u015f mek\u00e2n kullan\u0131m\u0131nda g\u00fcven verir.\u00c7ok modlu el feneri, entegre d\u00fcd\u00fck ve sa\u011flam g\u00f6vdesi ile acil durumlar i\u00e7in ideal bir ekipmand\u0131r. G\u00fcnl\u00fck kullan\u0131mda ve outdoor aktivitelerde g\u00fcvenilir bir yard\u0131mc\u0131d\u0131r.<\/p>\n","protected":false},"excerpt":{"rendered":"<p>Elektrikli \u00e7akmak, \u00e7ok y\u00f6nl\u00fc kullan\u0131m\u0131 ve dayan\u0131kl\u0131 tasar\u0131m\u0131yla \u00f6ne \u00e7\u0131kar. USB \u015farj edilebilir yap\u0131s\u0131 sayesinde pratik bir \u00e7\u00f6z\u00fcm sunar. R\u00fczgar ge\u00e7irmez ate\u015fleme sistemi, d\u0131\u015f mek\u00e2n kullan\u0131m\u0131nda g\u00fcven verir.\u00c7ok modlu el feneri, entegre d\u00fcd\u00fck ve sa\u011flam g\u00f6vdesi ile acil durumlar i\u00e7in ideal bir ekipmand\u0131r. G\u00fcnl\u00fck kullan\u0131mda ve outdoor aktivitelerde g\u00fcvenilir bir yard\u0131mc\u0131d\u0131r.<\/p>\n","protected":false},"featured_media":123721,"comment_status":"open","ping_status":"closed","template":"","meta":{"_kad_post_transparent":"","_kad_post_title":"","_kad_post_layout":"","_kad_post_sidebar_id":"","_kad_post_content_style":"","_kad_post_vertical_padding":"","_kad_post_feature":"","_kad_post_feature_position":"","_kad_post_header":false,"_kad_post_footer":false,"_kad_post_classname":""},"product_brand":[],"product_cat":[15046],"product_tag":[],"class_list":{"0":"post-123722","1":"product","2":"type-product","3":"status-publish","4":"has-post-thumbnail","6":"product_cat-elektronik-cakmak-elektronik-cakmak","8":"first","9":"instock","10":"purchasable","11":"product-type-simple","12":"entry","13":"content-bg","14":"loop-entry"},"_links":{"self":[{"href":"https:\/\/www.hediyepazar.com\/index.php?rest_route=\/wp\/v2\/product\/123722","targetHints":{"allow":["GET"]}}],"collection":[{"href":"https:\/\/www.hediyepazar.com\/index.php?rest_route=\/wp\/v2\/product"}],"about":[{"href":"https:\/\/www.hediyepazar.com\/index.php?rest_route=\/wp\/v2\/types\/product"}],"replies":[{"embeddable":true,"href":"https:\/\/www.hediyepazar.com\/index.php?rest_route=%2Fwp%2Fv2%2Fcomments&post=123722"}],"wp:featuredmedia":[{"embeddable":true,"href":"https:\/\/www.hediyepazar.com\/index.php?rest_route=\/wp\/v2\/media\/123721"}],"wp:attachment":[{"href":"https:\/\/www.hediyepazar.com\/index.php?rest_route=%2Fwp%2Fv2%2Fmedia&parent=123722"}],"wp:term":[{"taxonomy":"product_brand","embeddable":true,"href":"https:\/\/www.hediyepazar.com\/index.php?rest_route=%2Fwp%2Fv2%2Fproduct_brand&post=123722"},{"taxonomy":"product_cat","embeddable":true,"href":"https:\/\/www.hediyepazar.com\/index.php?rest_route=%2Fwp%2Fv2%2Fproduct_cat&post=123722"},{"taxonomy":"product_tag","embeddable":true,"href":"https:\/\/www.hediyepazar.com\/index.php?rest_route=%2Fwp%2Fv2%2Fproduct_tag&post=123722"}],"curies":[{"name":"wp","href":"https:\/\/api.w.org\/{rel}","templated":true}]}}