{"id":123724,"date":"2026-05-06T13:46:19","date_gmt":"2026-05-06T16:46:19","guid":{"rendered":"https:\/\/www.hediyepazar.com\/?product=usb-sarjli-suya-dayanikli-elektrikli-cakmak"},"modified":"2026-05-06T13:46:19","modified_gmt":"2026-05-06T16:46:19","slug":"usb-sarjli-suya-dayanikli-elektrikli-cakmak","status":"publish","type":"product","link":"https:\/\/www.hediyepazar.com\/?product=usb-sarjli-suya-dayanikli-elektrikli-cakmak","title":{"rendered":"USB \u015earjl\u0131 Suya Dayan\u0131kl\u0131 Elektrikli \u00c7akmak"},"content":{"rendered":"<p>Bu \u00e7ok fonksiyonlu elektrikli \u00e7akmak, modern kullan\u0131c\u0131lar\u0131n ihtiya\u00e7lar\u0131na uygun olarak tasarlanm\u0131\u015ft\u0131r. USB \u015farj \u00f6zelli\u011fi, h\u0131zl\u0131 ve kolay enerji sa\u011flar. R\u00fczgar ge\u00e7irmez ate\u015fleme sistemi, her ortamda g\u00fcvenli kullan\u0131m sunar.El feneri ve d\u00fcd\u00fck gibi ek \u00f6zellikler, \u00fcr\u00fcn\u00fc yaln\u0131zca bir \u00e7akmak olmaktan \u00e7\u0131kar\u0131r. Dayan\u0131kl\u0131 yap\u0131s\u0131 ve suya dayan\u0131kl\u0131 tasar\u0131m\u0131 ile a\u00e7\u0131k hava aktivitelerinde g\u00fcvenle kullan\u0131labilir.<\/p>\n","protected":false},"excerpt":{"rendered":"<p>Bu \u00e7ok fonksiyonlu elektrikli \u00e7akmak, modern kullan\u0131c\u0131lar\u0131n ihtiya\u00e7lar\u0131na uygun olarak tasarlanm\u0131\u015ft\u0131r. USB \u015farj \u00f6zelli\u011fi, h\u0131zl\u0131 ve kolay enerji sa\u011flar. R\u00fczgar ge\u00e7irmez ate\u015fleme sistemi, her ortamda g\u00fcvenli kullan\u0131m sunar.El feneri ve d\u00fcd\u00fck gibi ek \u00f6zellikler, \u00fcr\u00fcn\u00fc yaln\u0131zca bir \u00e7akmak olmaktan \u00e7\u0131kar\u0131r. Dayan\u0131kl\u0131 yap\u0131s\u0131 ve suya dayan\u0131kl\u0131 tasar\u0131m\u0131 ile a\u00e7\u0131k hava aktivitelerinde g\u00fcvenle kullan\u0131labilir.<\/p>\n","protected":false},"featured_media":123723,"comment_status":"open","ping_status":"closed","template":"","meta":{"_kad_post_transparent":"","_kad_post_title":"","_kad_post_layout":"","_kad_post_sidebar_id":"","_kad_post_content_style":"","_kad_post_vertical_padding":"","_kad_post_feature":"","_kad_post_feature_position":"","_kad_post_header":false,"_kad_post_footer":false,"_kad_post_classname":""},"product_brand":[],"product_cat":[15046],"product_tag":[],"class_list":{"0":"post-123724","1":"product","2":"type-product","3":"status-publish","4":"has-post-thumbnail","6":"product_cat-elektronik-cakmak-elektronik-cakmak","8":"first","9":"instock","10":"purchasable","11":"product-type-simple","12":"entry","13":"content-bg","14":"loop-entry"},"_links":{"self":[{"href":"https:\/\/www.hediyepazar.com\/index.php?rest_route=\/wp\/v2\/product\/123724","targetHints":{"allow":["GET"]}}],"collection":[{"href":"https:\/\/www.hediyepazar.com\/index.php?rest_route=\/wp\/v2\/product"}],"about":[{"href":"https:\/\/www.hediyepazar.com\/index.php?rest_route=\/wp\/v2\/types\/product"}],"replies":[{"embeddable":true,"href":"https:\/\/www.hediyepazar.com\/index.php?rest_route=%2Fwp%2Fv2%2Fcomments&post=123724"}],"wp:featuredmedia":[{"embeddable":true,"href":"https:\/\/www.hediyepazar.com\/index.php?rest_route=\/wp\/v2\/media\/123723"}],"wp:attachment":[{"href":"https:\/\/www.hediyepazar.com\/index.php?rest_route=%2Fwp%2Fv2%2Fmedia&parent=123724"}],"wp:term":[{"taxonomy":"product_brand","embeddable":true,"href":"https:\/\/www.hediyepazar.com\/index.php?rest_route=%2Fwp%2Fv2%2Fproduct_brand&post=123724"},{"taxonomy":"product_cat","embeddable":true,"href":"https:\/\/www.hediyepazar.com\/index.php?rest_route=%2Fwp%2Fv2%2Fproduct_cat&post=123724"},{"taxonomy":"product_tag","embeddable":true,"href":"https:\/\/www.hediyepazar.com\/index.php?rest_route=%2Fwp%2Fv2%2Fproduct_tag&post=123724"}],"curies":[{"name":"wp","href":"https:\/\/api.w.org\/{rel}","templated":true}]}}