{"id":123726,"date":"2026-05-06T13:46:25","date_gmt":"2026-05-06T16:46:25","guid":{"rendered":"https:\/\/www.hediyepazar.com\/?product=ruzgar-gecirmez-elektrikli-cakmak-hayatta-kalma-tasarimli"},"modified":"2026-05-06T13:46:25","modified_gmt":"2026-05-06T16:46:25","slug":"ruzgar-gecirmez-elektrikli-cakmak-hayatta-kalma-tasarimli","status":"publish","type":"product","link":"https:\/\/www.hediyepazar.com\/?product=ruzgar-gecirmez-elektrikli-cakmak-hayatta-kalma-tasarimli","title":{"rendered":"R\u00fczgar Ge\u00e7irmez Elektrikli \u00c7akmak Hayatta Kalma Tasar\u0131ml\u0131"},"content":{"rendered":"<p>R\u00fczgar ge\u00e7irmez elektrikli \u00e7akmak, zorlu \u00e7evre ko\u015fullar\u0131nda dahi g\u00fcvenilir performans sunmak i\u00e7in geli\u015ftirilmi\u015ftir. USB ile \u015farj edilebilir olmas\u0131, pratik ve \u00e7evre dostu kullan\u0131m sa\u011flar. Gazs\u0131z \u00e7al\u0131\u015fma prensibi ile g\u00fcvenli\u011fi \u00f6n planda tutar.\u00c7ok modlu el feneri, karanl\u0131k ortamlarda g\u00f6r\u00fc\u015f sa\u011flar. D\u00fcd\u00fck \u00f6zelli\u011fi, a\u00e7\u0131k hava aktivitelerinde g\u00fcvenli\u011fi art\u0131r\u0131r. Silikon kaplama, \u00fcr\u00fcn\u00fc darbelere kar\u015f\u0131 korur ve uzun \u00f6m\u00fcrl\u00fc kullan\u0131m sunar.Kompakt boyutu sayesinde her yerde ta\u015f\u0131nabilir. Suya dayan\u0131kl\u0131 yap\u0131s\u0131 ile outdoor kullan\u0131mlar i\u00e7in uygundur.<\/p>\n","protected":false},"excerpt":{"rendered":"<p>R\u00fczgar ge\u00e7irmez elektrikli \u00e7akmak, zorlu \u00e7evre ko\u015fullar\u0131nda dahi g\u00fcvenilir performans sunmak i\u00e7in geli\u015ftirilmi\u015ftir. USB ile \u015farj edilebilir olmas\u0131, pratik ve \u00e7evre dostu kullan\u0131m sa\u011flar. Gazs\u0131z \u00e7al\u0131\u015fma prensibi ile g\u00fcvenli\u011fi \u00f6n planda tutar.\u00c7ok modlu el feneri, karanl\u0131k ortamlarda g\u00f6r\u00fc\u015f sa\u011flar. D\u00fcd\u00fck \u00f6zelli\u011fi, a\u00e7\u0131k hava aktivitelerinde g\u00fcvenli\u011fi art\u0131r\u0131r. Silikon kaplama, \u00fcr\u00fcn\u00fc darbelere kar\u015f\u0131 korur ve uzun \u00f6m\u00fcrl\u00fc&#8230;<\/p>\n","protected":false},"featured_media":123725,"comment_status":"open","ping_status":"closed","template":"","meta":{"_kad_post_transparent":"","_kad_post_title":"","_kad_post_layout":"","_kad_post_sidebar_id":"","_kad_post_content_style":"","_kad_post_vertical_padding":"","_kad_post_feature":"","_kad_post_feature_position":"","_kad_post_header":false,"_kad_post_footer":false,"_kad_post_classname":""},"product_brand":[],"product_cat":[15046],"product_tag":[],"class_list":{"0":"post-123726","1":"product","2":"type-product","3":"status-publish","4":"has-post-thumbnail","6":"product_cat-elektronik-cakmak-elektronik-cakmak","8":"first","9":"instock","10":"purchasable","11":"product-type-simple","12":"entry","13":"content-bg","14":"loop-entry"},"_links":{"self":[{"href":"https:\/\/www.hediyepazar.com\/index.php?rest_route=\/wp\/v2\/product\/123726","targetHints":{"allow":["GET"]}}],"collection":[{"href":"https:\/\/www.hediyepazar.com\/index.php?rest_route=\/wp\/v2\/product"}],"about":[{"href":"https:\/\/www.hediyepazar.com\/index.php?rest_route=\/wp\/v2\/types\/product"}],"replies":[{"embeddable":true,"href":"https:\/\/www.hediyepazar.com\/index.php?rest_route=%2Fwp%2Fv2%2Fcomments&post=123726"}],"wp:featuredmedia":[{"embeddable":true,"href":"https:\/\/www.hediyepazar.com\/index.php?rest_route=\/wp\/v2\/media\/123725"}],"wp:attachment":[{"href":"https:\/\/www.hediyepazar.com\/index.php?rest_route=%2Fwp%2Fv2%2Fmedia&parent=123726"}],"wp:term":[{"taxonomy":"product_brand","embeddable":true,"href":"https:\/\/www.hediyepazar.com\/index.php?rest_route=%2Fwp%2Fv2%2Fproduct_brand&post=123726"},{"taxonomy":"product_cat","embeddable":true,"href":"https:\/\/www.hediyepazar.com\/index.php?rest_route=%2Fwp%2Fv2%2Fproduct_cat&post=123726"},{"taxonomy":"product_tag","embeddable":true,"href":"https:\/\/www.hediyepazar.com\/index.php?rest_route=%2Fwp%2Fv2%2Fproduct_tag&post=123726"}],"curies":[{"name":"wp","href":"https:\/\/api.w.org\/{rel}","templated":true}]}}