{"id":123728,"date":"2026-05-06T13:48:08","date_gmt":"2026-05-06T16:48:08","guid":{"rendered":"https:\/\/www.hediyepazar.com\/?product=outdoor-uyumlu-elektrikli-cakmak-fener"},"modified":"2026-05-06T13:48:08","modified_gmt":"2026-05-06T16:48:08","slug":"outdoor-uyumlu-elektrikli-cakmak-fener","status":"publish","type":"product","link":"https:\/\/www.hediyepazar.com\/?product=outdoor-uyumlu-elektrikli-cakmak-fener","title":{"rendered":"Outdoor Uyumlu Elektrikli \u00c7akmak Fener"},"content":{"rendered":"<p>Bu elektrikli \u00e7akmak, yaln\u0131zca ate\u015fleme de\u011fil ayn\u0131 zamanda g\u00fcvenlik ve ayd\u0131nlatma ihtiya\u00e7lar\u0131n\u0131 da kar\u015f\u0131lamak \u00fczere tasarlanm\u0131\u015ft\u0131r. USB \u015farj \u00f6zelli\u011fi sayesinde elektrikli kullan\u0131m sunar ve geleneksel \u00e7akmaklara g\u00f6re daha s\u00fcrd\u00fcr\u00fclebilir bir alternatiftir.R\u00fczgar ge\u00e7irmez tasar\u0131m\u0131, ate\u015fleme s\u0131ras\u0131nda d\u0131\u015f etkenlerden etkilenmez. A\u00e7\u0131k hava aktivitelerinde g\u00fcvenli kullan\u0131m sa\u011flar. Silikon kau\u00e7uk g\u00f6vdesi, \u00fcr\u00fcn\u00fc darbelere ve zorlu ko\u015fullara kar\u015f\u0131 korur.\u00dczerinde bulunan \u00e7ok modlu el feneri, y\u00fcr\u00fcy\u00fc\u015f, bal\u0131k tutma ve kamp gibi aktivitelerde b\u00fcy\u00fck avantaj sa\u011flar. Entegre d\u00fcd\u00fck, acil durumlarda hayati bir yard\u0131mc\u0131d\u0131r. Kompakt ve ergonomik yap\u0131s\u0131, ta\u015f\u0131may\u0131 kolayla\u015ft\u0131r\u0131r.Suya dayan\u0131kl\u0131 yap\u0131s\u0131 ve dayan\u0131kl\u0131 tasar\u0131m\u0131 ile uzun s\u00fcreli kullan\u0131m sunar. Hem g\u00fcnl\u00fck hem de outdoor kullan\u0131m i\u00e7in ideal bir elektrikli \u00e7akmakt\u0131r.<\/p>\n","protected":false},"excerpt":{"rendered":"<p>Bu elektrikli \u00e7akmak, yaln\u0131zca ate\u015fleme de\u011fil ayn\u0131 zamanda g\u00fcvenlik ve ayd\u0131nlatma ihtiya\u00e7lar\u0131n\u0131 da kar\u015f\u0131lamak \u00fczere tasarlanm\u0131\u015ft\u0131r. USB \u015farj \u00f6zelli\u011fi sayesinde elektrikli kullan\u0131m sunar ve geleneksel \u00e7akmaklara g\u00f6re daha s\u00fcrd\u00fcr\u00fclebilir bir alternatiftir.R\u00fczgar ge\u00e7irmez tasar\u0131m\u0131, ate\u015fleme s\u0131ras\u0131nda d\u0131\u015f etkenlerden etkilenmez. A\u00e7\u0131k hava aktivitelerinde g\u00fcvenli kullan\u0131m sa\u011flar. Silikon kau\u00e7uk g\u00f6vdesi, \u00fcr\u00fcn\u00fc darbelere ve zorlu ko\u015fullara kar\u015f\u0131 korur.\u00dczerinde bulunan&#8230;<\/p>\n","protected":false},"featured_media":123727,"comment_status":"open","ping_status":"closed","template":"","meta":{"_kad_post_transparent":"","_kad_post_title":"","_kad_post_layout":"","_kad_post_sidebar_id":"","_kad_post_content_style":"","_kad_post_vertical_padding":"","_kad_post_feature":"","_kad_post_feature_position":"","_kad_post_header":false,"_kad_post_footer":false,"_kad_post_classname":""},"product_brand":[],"product_cat":[15046],"product_tag":[],"class_list":{"0":"post-123728","1":"product","2":"type-product","3":"status-publish","4":"has-post-thumbnail","6":"product_cat-elektronik-cakmak-elektronik-cakmak","8":"first","9":"instock","10":"purchasable","11":"product-type-simple","12":"entry","13":"content-bg","14":"loop-entry"},"_links":{"self":[{"href":"https:\/\/www.hediyepazar.com\/index.php?rest_route=\/wp\/v2\/product\/123728","targetHints":{"allow":["GET"]}}],"collection":[{"href":"https:\/\/www.hediyepazar.com\/index.php?rest_route=\/wp\/v2\/product"}],"about":[{"href":"https:\/\/www.hediyepazar.com\/index.php?rest_route=\/wp\/v2\/types\/product"}],"replies":[{"embeddable":true,"href":"https:\/\/www.hediyepazar.com\/index.php?rest_route=%2Fwp%2Fv2%2Fcomments&post=123728"}],"wp:featuredmedia":[{"embeddable":true,"href":"https:\/\/www.hediyepazar.com\/index.php?rest_route=\/wp\/v2\/media\/123727"}],"wp:attachment":[{"href":"https:\/\/www.hediyepazar.com\/index.php?rest_route=%2Fwp%2Fv2%2Fmedia&parent=123728"}],"wp:term":[{"taxonomy":"product_brand","embeddable":true,"href":"https:\/\/www.hediyepazar.com\/index.php?rest_route=%2Fwp%2Fv2%2Fproduct_brand&post=123728"},{"taxonomy":"product_cat","embeddable":true,"href":"https:\/\/www.hediyepazar.com\/index.php?rest_route=%2Fwp%2Fv2%2Fproduct_cat&post=123728"},{"taxonomy":"product_tag","embeddable":true,"href":"https:\/\/www.hediyepazar.com\/index.php?rest_route=%2Fwp%2Fv2%2Fproduct_tag&post=123728"}],"curies":[{"name":"wp","href":"https:\/\/api.w.org\/{rel}","templated":true}]}}