{"id":123749,"date":"2026-05-06T13:53:06","date_gmt":"2026-05-06T16:53:06","guid":{"rendered":"https:\/\/www.hediyepazar.com\/?product=tasinabilir-sarjli-damacana-su-pompasi-hijyenik-tasarim"},"modified":"2026-05-06T13:53:06","modified_gmt":"2026-05-06T16:53:06","slug":"tasinabilir-sarjli-damacana-su-pompasi-hijyenik-tasarim","status":"publish","type":"product","link":"https:\/\/www.hediyepazar.com\/?product=tasinabilir-sarjli-damacana-su-pompasi-hijyenik-tasarim","title":{"rendered":"Ta\u015f\u0131nabilir \u015earjl\u0131 Damacana Su Pompas\u0131 Hijyenik Tasar\u0131m"},"content":{"rendered":"<p>Bu \u015farjl\u0131 damacana su pompas\u0131, modern tasar\u0131m\u0131 ve pratik \u00f6zellikleriyle g\u00fcnl\u00fck hayat\u0131 kolayla\u015ft\u0131r\u0131r. Manuel pompalama gereksinimini ortadan kald\u0131rarak tek tu\u015fla su al\u0131m\u0131n\u0131 m\u00fcmk\u00fcn k\u0131lar. Ergonomik yap\u0131s\u0131 sayesinde her ya\u015ftan kullan\u0131c\u0131 i\u00e7in uygundur.\u015earj edilebilir bataryas\u0131, uzun s\u00fcreli kullan\u0131m sunar. Micro USB ile \u015farj edilebilmesi, \u00fcr\u00fcn\u00fc son derece esnek hale getirir. Otomatik dolum modlar\u0131 sayesinde bardak veya s\u00fcrahi doldurmak son derece pratiktir.Sa\u011fl\u0131\u011fa uygun malzemelerden \u00fcretilmi\u015ftir. BPA i\u00e7ermeyen yap\u0131s\u0131 ve a\u00e7\u0131labilir g\u00f6vdesi, hijyenik kullan\u0131m avantaj\u0131 sa\u011flar. Kolay temizlenebilir olmas\u0131, \u00fcr\u00fcn\u00fc uzun s\u00fcre g\u00fcvenle kullanman\u0131za yard\u0131mc\u0131 olur.Katlanabilir ba\u015fl\u0131\u011f\u0131 ve kompakt yap\u0131s\u0131 sayesinde ta\u015f\u0131nabilir. A\u00e7\u0131k hava aktivitelerinde, yazl\u0131klarda ve ofislerde rahatl\u0131kla kullan\u0131labilir. D\u00fc\u015f\u00fck enerji t\u00fcketimi ile \u00e7al\u0131\u015f\u0131r ve g\u00fc\u00e7l\u00fc su ak\u0131\u015f\u0131 sunar.<\/p>\n","protected":false},"excerpt":{"rendered":"<p>Bu \u015farjl\u0131 damacana su pompas\u0131, modern tasar\u0131m\u0131 ve pratik \u00f6zellikleriyle g\u00fcnl\u00fck hayat\u0131 kolayla\u015ft\u0131r\u0131r. Manuel pompalama gereksinimini ortadan kald\u0131rarak tek tu\u015fla su al\u0131m\u0131n\u0131 m\u00fcmk\u00fcn k\u0131lar. Ergonomik yap\u0131s\u0131 sayesinde her ya\u015ftan kullan\u0131c\u0131 i\u00e7in uygundur.\u015earj edilebilir bataryas\u0131, uzun s\u00fcreli kullan\u0131m sunar. Micro USB ile \u015farj edilebilmesi, \u00fcr\u00fcn\u00fc son derece esnek hale getirir. Otomatik dolum modlar\u0131 sayesinde bardak veya&#8230;<\/p>\n","protected":false},"featured_media":123748,"comment_status":"open","ping_status":"closed","template":"","meta":{"_kad_post_transparent":"","_kad_post_title":"","_kad_post_layout":"","_kad_post_sidebar_id":"","_kad_post_content_style":"","_kad_post_vertical_padding":"","_kad_post_feature":"","_kad_post_feature_position":"","_kad_post_header":false,"_kad_post_footer":false,"_kad_post_classname":""},"product_brand":[],"product_cat":[15068],"product_tag":[],"class_list":{"0":"post-123749","1":"product","2":"type-product","3":"status-publish","4":"has-post-thumbnail","6":"product_cat-pratik-mutfak-gerecleri-pratik-mutfak-gerecleri-2","8":"first","9":"instock","10":"purchasable","11":"product-type-simple","12":"entry","13":"content-bg","14":"loop-entry"},"_links":{"self":[{"href":"https:\/\/www.hediyepazar.com\/index.php?rest_route=\/wp\/v2\/product\/123749","targetHints":{"allow":["GET"]}}],"collection":[{"href":"https:\/\/www.hediyepazar.com\/index.php?rest_route=\/wp\/v2\/product"}],"about":[{"href":"https:\/\/www.hediyepazar.com\/index.php?rest_route=\/wp\/v2\/types\/product"}],"replies":[{"embeddable":true,"href":"https:\/\/www.hediyepazar.com\/index.php?rest_route=%2Fwp%2Fv2%2Fcomments&post=123749"}],"wp:featuredmedia":[{"embeddable":true,"href":"https:\/\/www.hediyepazar.com\/index.php?rest_route=\/wp\/v2\/media\/123748"}],"wp:attachment":[{"href":"https:\/\/www.hediyepazar.com\/index.php?rest_route=%2Fwp%2Fv2%2Fmedia&parent=123749"}],"wp:term":[{"taxonomy":"product_brand","embeddable":true,"href":"https:\/\/www.hediyepazar.com\/index.php?rest_route=%2Fwp%2Fv2%2Fproduct_brand&post=123749"},{"taxonomy":"product_cat","embeddable":true,"href":"https:\/\/www.hediyepazar.com\/index.php?rest_route=%2Fwp%2Fv2%2Fproduct_cat&post=123749"},{"taxonomy":"product_tag","embeddable":true,"href":"https:\/\/www.hediyepazar.com\/index.php?rest_route=%2Fwp%2Fv2%2Fproduct_tag&post=123749"}],"curies":[{"name":"wp","href":"https:\/\/api.w.org\/{rel}","templated":true}]}}