{"id":123751,"date":"2026-05-06T13:53:13","date_gmt":"2026-05-06T16:53:13","guid":{"rendered":"https:\/\/www.hediyepazar.com\/?product=akilli-sarjli-damacana-pompasi-tek-tusla-su-dolum"},"modified":"2026-05-06T13:53:13","modified_gmt":"2026-05-06T16:53:13","slug":"akilli-sarjli-damacana-pompasi-tek-tusla-su-dolum","status":"publish","type":"product","link":"https:\/\/www.hediyepazar.com\/?product=akilli-sarjli-damacana-pompasi-tek-tusla-su-dolum","title":{"rendered":"Ak\u0131ll\u0131 \u015earjl\u0131 Damacana Pompas\u0131 Tek Tu\u015fla Su Dolum"},"content":{"rendered":"<p>\u015earjl\u0131 damacana su pompas\u0131, g\u00fcnl\u00fck su t\u00fcketimini daha konforlu hale getirmek i\u00e7in geli\u015ftirilmi\u015f yenilik\u00e7i bir \u00fcr\u00fcnd\u00fcr. Geleneksel manuel pompalar\u0131n aksine, tek tu\u015fla \u00e7al\u0131\u015fan otomatik sistemi sayesinde zahmetsiz kullan\u0131m sunar. \u00d6zellikle s\u0131k damacana kullanan evler ve ofisler i\u00e7in b\u00fcy\u00fck kolayl\u0131k sa\u011flar.\u015earj edilebilir yap\u0131s\u0131 sayesinde pil de\u011fi\u015fimi gerektirmez. Micro USB ile \u015farj edilebilen pompa, farkl\u0131 enerji kaynaklar\u0131yla uyumludur. Bu sayede her ortamda pratik \u015fekilde kullan\u0131labilir.Otomatik zamanl\u0131 dolum se\u00e7enekleri, farkl\u0131 kaplar i\u00e7in uygun su miktar\u0131n\u0131 sa\u011flar. Ta\u015fmay\u0131 \u00f6nleyen kontroll\u00fc ak\u0131\u015f sistemi, g\u00fcvenli kullan\u0131m sunar. G\u0131da ile temasa uygun malzemeden \u00fcretilmi\u015f olmas\u0131, sa\u011fl\u0131kl\u0131 su t\u00fcketimini destekler.A\u00e7\u0131labilir g\u00f6vdesi, i\u00e7 y\u00fczeyin rahatl\u0131kla temizlenmesine olanak tan\u0131r. Hijyenik kullan\u0131m isteyenler i\u00e7in \u00f6nemli bir avantaj sunar. Katlanabilir tasar\u0131m\u0131 sayesinde kolay ta\u015f\u0131n\u0131r ve saklan\u0131r.Ev, ofis, kamp ve piknik gibi bir\u00e7ok alanda kullan\u0131labilir. Cam damacana dahil olmak \u00fczere standart damacanalarla uyumludur. D\u00fc\u015f\u00fck enerji t\u00fcketimi ile uzun \u00f6m\u00fcrl\u00fc kullan\u0131m sa\u011flar.<\/p>\n","protected":false},"excerpt":{"rendered":"<p>\u015earjl\u0131 damacana su pompas\u0131, g\u00fcnl\u00fck su t\u00fcketimini daha konforlu hale getirmek i\u00e7in geli\u015ftirilmi\u015f yenilik\u00e7i bir \u00fcr\u00fcnd\u00fcr. Geleneksel manuel pompalar\u0131n aksine, tek tu\u015fla \u00e7al\u0131\u015fan otomatik sistemi sayesinde zahmetsiz kullan\u0131m sunar. \u00d6zellikle s\u0131k damacana kullanan evler ve ofisler i\u00e7in b\u00fcy\u00fck kolayl\u0131k sa\u011flar.\u015earj edilebilir yap\u0131s\u0131 sayesinde pil de\u011fi\u015fimi gerektirmez. Micro USB ile \u015farj edilebilen pompa, farkl\u0131 enerji kaynaklar\u0131yla&#8230;<\/p>\n","protected":false},"featured_media":123750,"comment_status":"open","ping_status":"closed","template":"","meta":{"_kad_post_transparent":"","_kad_post_title":"","_kad_post_layout":"","_kad_post_sidebar_id":"","_kad_post_content_style":"","_kad_post_vertical_padding":"","_kad_post_feature":"","_kad_post_feature_position":"","_kad_post_header":false,"_kad_post_footer":false,"_kad_post_classname":""},"product_brand":[],"product_cat":[15068],"product_tag":[],"class_list":{"0":"post-123751","1":"product","2":"type-product","3":"status-publish","4":"has-post-thumbnail","6":"product_cat-pratik-mutfak-gerecleri-pratik-mutfak-gerecleri-2","8":"first","9":"instock","10":"purchasable","11":"product-type-simple","12":"entry","13":"content-bg","14":"loop-entry"},"_links":{"self":[{"href":"https:\/\/www.hediyepazar.com\/index.php?rest_route=\/wp\/v2\/product\/123751","targetHints":{"allow":["GET"]}}],"collection":[{"href":"https:\/\/www.hediyepazar.com\/index.php?rest_route=\/wp\/v2\/product"}],"about":[{"href":"https:\/\/www.hediyepazar.com\/index.php?rest_route=\/wp\/v2\/types\/product"}],"replies":[{"embeddable":true,"href":"https:\/\/www.hediyepazar.com\/index.php?rest_route=%2Fwp%2Fv2%2Fcomments&post=123751"}],"wp:featuredmedia":[{"embeddable":true,"href":"https:\/\/www.hediyepazar.com\/index.php?rest_route=\/wp\/v2\/media\/123750"}],"wp:attachment":[{"href":"https:\/\/www.hediyepazar.com\/index.php?rest_route=%2Fwp%2Fv2%2Fmedia&parent=123751"}],"wp:term":[{"taxonomy":"product_brand","embeddable":true,"href":"https:\/\/www.hediyepazar.com\/index.php?rest_route=%2Fwp%2Fv2%2Fproduct_brand&post=123751"},{"taxonomy":"product_cat","embeddable":true,"href":"https:\/\/www.hediyepazar.com\/index.php?rest_route=%2Fwp%2Fv2%2Fproduct_cat&post=123751"},{"taxonomy":"product_tag","embeddable":true,"href":"https:\/\/www.hediyepazar.com\/index.php?rest_route=%2Fwp%2Fv2%2Fproduct_tag&post=123751"}],"curies":[{"name":"wp","href":"https:\/\/api.w.org\/{rel}","templated":true}]}}