{"id":123759,"date":"2026-05-06T13:54:57","date_gmt":"2026-05-06T16:54:57","guid":{"rendered":"https:\/\/www.hediyepazar.com\/?product=otomatik-baharat-degirmeni-paslanmaz-govde-ergonomik-tasarim"},"modified":"2026-05-06T13:54:57","modified_gmt":"2026-05-06T16:54:57","slug":"otomatik-baharat-degirmeni-paslanmaz-govde-ergonomik-tasarim","status":"publish","type":"product","link":"https:\/\/www.hediyepazar.com\/?product=otomatik-baharat-degirmeni-paslanmaz-govde-ergonomik-tasarim","title":{"rendered":"Otomatik Baharat De\u011firmeni Paslanmaz G\u00f6vde Ergonomik Tasar\u0131m"},"content":{"rendered":"<p>Kabloya ihtiya\u00e7 duymadan \u00e7al\u0131\u015fan pilli otomatik baharat de\u011firmeni, mutfakta konforu bir \u00fcst seviyeye ta\u015f\u0131r. Tek elle kolay kullan\u0131m sa\u011flayan d\u00fc\u011fmeli sistemi sayesinde yemek yaparken h\u0131z kazand\u0131r\u0131r. Paslanmaz ve dayan\u0131kl\u0131 g\u00f6vdesi uzun s\u00fcreli kullan\u0131m i\u00e7in idealdir. Y\u00fcksekli\u011fi 22,5 cm olan bu \u00fcr\u00fcn, 1 adet olarak g\u00f6nderilir.<\/p>\n","protected":false},"excerpt":{"rendered":"<p>Kabloya ihtiya\u00e7 duymadan \u00e7al\u0131\u015fan pilli otomatik baharat de\u011firmeni, mutfakta konforu bir \u00fcst seviyeye ta\u015f\u0131r. Tek elle kolay kullan\u0131m sa\u011flayan d\u00fc\u011fmeli sistemi sayesinde yemek yaparken h\u0131z kazand\u0131r\u0131r. Paslanmaz ve dayan\u0131kl\u0131 g\u00f6vdesi uzun s\u00fcreli kullan\u0131m i\u00e7in idealdir. Y\u00fcksekli\u011fi 22,5 cm olan bu \u00fcr\u00fcn, 1 adet olarak g\u00f6nderilir.<\/p>\n","protected":false},"featured_media":123758,"comment_status":"open","ping_status":"closed","template":"","meta":{"_kad_post_transparent":"","_kad_post_title":"","_kad_post_layout":"","_kad_post_sidebar_id":"","_kad_post_content_style":"","_kad_post_vertical_padding":"","_kad_post_feature":"","_kad_post_feature_position":"","_kad_post_header":false,"_kad_post_footer":false,"_kad_post_classname":""},"product_brand":[],"product_cat":[15016],"product_tag":[],"class_list":{"0":"post-123759","1":"product","2":"type-product","3":"status-publish","4":"has-post-thumbnail","6":"product_cat-baharat-ogutucu-baharat-ogutucu-2","8":"first","9":"instock","10":"purchasable","11":"product-type-simple","12":"entry","13":"content-bg","14":"loop-entry"},"_links":{"self":[{"href":"https:\/\/www.hediyepazar.com\/index.php?rest_route=\/wp\/v2\/product\/123759","targetHints":{"allow":["GET"]}}],"collection":[{"href":"https:\/\/www.hediyepazar.com\/index.php?rest_route=\/wp\/v2\/product"}],"about":[{"href":"https:\/\/www.hediyepazar.com\/index.php?rest_route=\/wp\/v2\/types\/product"}],"replies":[{"embeddable":true,"href":"https:\/\/www.hediyepazar.com\/index.php?rest_route=%2Fwp%2Fv2%2Fcomments&post=123759"}],"wp:featuredmedia":[{"embeddable":true,"href":"https:\/\/www.hediyepazar.com\/index.php?rest_route=\/wp\/v2\/media\/123758"}],"wp:attachment":[{"href":"https:\/\/www.hediyepazar.com\/index.php?rest_route=%2Fwp%2Fv2%2Fmedia&parent=123759"}],"wp:term":[{"taxonomy":"product_brand","embeddable":true,"href":"https:\/\/www.hediyepazar.com\/index.php?rest_route=%2Fwp%2Fv2%2Fproduct_brand&post=123759"},{"taxonomy":"product_cat","embeddable":true,"href":"https:\/\/www.hediyepazar.com\/index.php?rest_route=%2Fwp%2Fv2%2Fproduct_cat&post=123759"},{"taxonomy":"product_tag","embeddable":true,"href":"https:\/\/www.hediyepazar.com\/index.php?rest_route=%2Fwp%2Fv2%2Fproduct_tag&post=123759"}],"curies":[{"name":"wp","href":"https:\/\/api.w.org\/{rel}","templated":true}]}}