{"id":123761,"date":"2026-05-06T13:55:03","date_gmt":"2026-05-06T16:55:03","guid":{"rendered":"https:\/\/www.hediyepazar.com\/?product=isikli-pilli-baharat-degirmeni-taze-ve-pratik-ogutme"},"modified":"2026-05-06T13:55:03","modified_gmt":"2026-05-06T16:55:03","slug":"isikli-pilli-baharat-degirmeni-taze-ve-pratik-ogutme","status":"publish","type":"product","link":"https:\/\/www.hediyepazar.com\/?product=isikli-pilli-baharat-degirmeni-taze-ve-pratik-ogutme","title":{"rendered":"I\u015f\u0131kl\u0131 Pilli Baharat De\u011firmeni Taze ve Pratik \u00d6\u011f\u00fctme"},"content":{"rendered":"<p>Bu pilli otomatik baharat de\u011firmeni, modern mutfaklar i\u00e7in hem \u015f\u0131k hem de kullan\u0131\u015fl\u0131 bir \u00e7\u00f6z\u00fcmd\u00fcr. \u00dczerinde bulunan d\u00fc\u011fmeye basarak baharatlar\u0131n\u0131z\u0131 an\u0131nda taze \u015fekilde \u00e7ekebilirsiniz. I\u015f\u0131kl\u0131 yap\u0131s\u0131 sayesinde \u00f6l\u00e7\u00fcl\u00fc ve kontroll\u00fc kullan\u0131m sa\u011flar. Karabiber, tuz ve benzeri baharatlar i\u00e7in uygundur. \u00dcr\u00fcn 1 adet olarak g\u00f6nderilmektedir, piller pakete dahil de\u011fildir.<\/p>\n","protected":false},"excerpt":{"rendered":"<p>Bu pilli otomatik baharat de\u011firmeni, modern mutfaklar i\u00e7in hem \u015f\u0131k hem de kullan\u0131\u015fl\u0131 bir \u00e7\u00f6z\u00fcmd\u00fcr. \u00dczerinde bulunan d\u00fc\u011fmeye basarak baharatlar\u0131n\u0131z\u0131 an\u0131nda taze \u015fekilde \u00e7ekebilirsiniz. I\u015f\u0131kl\u0131 yap\u0131s\u0131 sayesinde \u00f6l\u00e7\u00fcl\u00fc ve kontroll\u00fc kullan\u0131m sa\u011flar. Karabiber, tuz ve benzeri baharatlar i\u00e7in uygundur. \u00dcr\u00fcn 1 adet olarak g\u00f6nderilmektedir, piller pakete dahil de\u011fildir.<\/p>\n","protected":false},"featured_media":123760,"comment_status":"open","ping_status":"closed","template":"","meta":{"_kad_post_transparent":"","_kad_post_title":"","_kad_post_layout":"","_kad_post_sidebar_id":"","_kad_post_content_style":"","_kad_post_vertical_padding":"","_kad_post_feature":"","_kad_post_feature_position":"","_kad_post_header":false,"_kad_post_footer":false,"_kad_post_classname":""},"product_brand":[],"product_cat":[15016],"product_tag":[],"class_list":{"0":"post-123761","1":"product","2":"type-product","3":"status-publish","4":"has-post-thumbnail","6":"product_cat-baharat-ogutucu-baharat-ogutucu-2","8":"first","9":"instock","10":"purchasable","11":"product-type-simple","12":"entry","13":"content-bg","14":"loop-entry"},"_links":{"self":[{"href":"https:\/\/www.hediyepazar.com\/index.php?rest_route=\/wp\/v2\/product\/123761","targetHints":{"allow":["GET"]}}],"collection":[{"href":"https:\/\/www.hediyepazar.com\/index.php?rest_route=\/wp\/v2\/product"}],"about":[{"href":"https:\/\/www.hediyepazar.com\/index.php?rest_route=\/wp\/v2\/types\/product"}],"replies":[{"embeddable":true,"href":"https:\/\/www.hediyepazar.com\/index.php?rest_route=%2Fwp%2Fv2%2Fcomments&post=123761"}],"wp:featuredmedia":[{"embeddable":true,"href":"https:\/\/www.hediyepazar.com\/index.php?rest_route=\/wp\/v2\/media\/123760"}],"wp:attachment":[{"href":"https:\/\/www.hediyepazar.com\/index.php?rest_route=%2Fwp%2Fv2%2Fmedia&parent=123761"}],"wp:term":[{"taxonomy":"product_brand","embeddable":true,"href":"https:\/\/www.hediyepazar.com\/index.php?rest_route=%2Fwp%2Fv2%2Fproduct_brand&post=123761"},{"taxonomy":"product_cat","embeddable":true,"href":"https:\/\/www.hediyepazar.com\/index.php?rest_route=%2Fwp%2Fv2%2Fproduct_cat&post=123761"},{"taxonomy":"product_tag","embeddable":true,"href":"https:\/\/www.hediyepazar.com\/index.php?rest_route=%2Fwp%2Fv2%2Fproduct_tag&post=123761"}],"curies":[{"name":"wp","href":"https:\/\/api.w.org\/{rel}","templated":true}]}}