{"id":123775,"date":"2026-05-06T13:58:57","date_gmt":"2026-05-06T16:58:57","guid":{"rendered":"https:\/\/www.hediyepazar.com\/?product=dekoratif-el-uzerinde-insan-figuru-beyaz-minimal-sanatsal-biblo"},"modified":"2026-05-06T13:58:57","modified_gmt":"2026-05-06T16:58:57","slug":"dekoratif-el-uzerinde-insan-figuru-beyaz-minimal-sanatsal-biblo","status":"publish","type":"product","link":"https:\/\/www.hediyepazar.com\/?product=dekoratif-el-uzerinde-insan-figuru-beyaz-minimal-sanatsal-biblo","title":{"rendered":"Dekoratif El \u00dczerinde \u0130nsan Fig\u00fcr\u00fc Beyaz Minimal Sanatsal Biblo"},"content":{"rendered":"<p>Dekoratif El \u0130nsan Fig\u00fcr\u00fc Beyaz, soyut sanat\u0131n modern yorumunu ev dekorasyonuna ta\u015f\u0131r. El formunun \u00fczerinde y\u00fckselen insan fig\u00fcr\u00fc, g\u00fc\u00e7l\u00fc ve anlaml\u0131 bir estetik sunar. Detayl\u0131 i\u015f\u00e7ili\u011fi sayesinde bulundu\u011fu ortamda hemen fark edilir.Salon, ofis, raf, TV \u00fcnitesi, sehpa veya masa \u00fcst\u00fc dekorasyonu i\u00e7in uygundur. Beyaz rengi sayesinde ferah ve ayd\u0131nl\u0131k bir g\u00f6r\u00fcn\u00fcm sa\u011flar, bulundu\u011fu ortama zarafet katar. Modern ve minimal dekorasyon anlay\u0131\u015f\u0131na sahip kullan\u0131c\u0131lar i\u00e7in ideal bir aksesuard\u0131r.12\u00d718 cm kompakt \u00f6l\u00e7\u00fcs\u00fcyle hem k\u00fc\u00e7\u00fck hem de geni\u015f alanlarda rahatl\u0131kla kullan\u0131labilir. Sanatsal ve \u00f6zg\u00fcn dekoratif \u00fcr\u00fcn arayanlar i\u00e7in \u015f\u0131k bir tercihtir.<\/p>\n","protected":false},"excerpt":{"rendered":"<p>Dekoratif El \u0130nsan Fig\u00fcr\u00fc Beyaz, soyut sanat\u0131n modern yorumunu ev dekorasyonuna ta\u015f\u0131r. El formunun \u00fczerinde y\u00fckselen insan fig\u00fcr\u00fc, g\u00fc\u00e7l\u00fc ve anlaml\u0131 bir estetik sunar. Detayl\u0131 i\u015f\u00e7ili\u011fi sayesinde bulundu\u011fu ortamda hemen fark edilir.Salon, ofis, raf, TV \u00fcnitesi, sehpa veya masa \u00fcst\u00fc dekorasyonu i\u00e7in uygundur. Beyaz rengi sayesinde ferah ve ayd\u0131nl\u0131k bir g\u00f6r\u00fcn\u00fcm sa\u011flar, bulundu\u011fu ortama zarafet&#8230;<\/p>\n","protected":false},"featured_media":123774,"comment_status":"open","ping_status":"closed","template":"","meta":{"_kad_post_transparent":"","_kad_post_title":"","_kad_post_layout":"","_kad_post_sidebar_id":"","_kad_post_content_style":"","_kad_post_vertical_padding":"","_kad_post_feature":"","_kad_post_feature_position":"","_kad_post_header":false,"_kad_post_footer":false,"_kad_post_classname":""},"product_brand":[],"product_cat":[14940],"product_tag":[],"class_list":{"0":"post-123775","1":"product","2":"type-product","3":"status-publish","4":"has-post-thumbnail","6":"product_cat-dekoratif-obje-biblo-dekoratif-obje-biblo","8":"first","9":"instock","10":"purchasable","11":"product-type-simple","12":"entry","13":"content-bg","14":"loop-entry"},"_links":{"self":[{"href":"https:\/\/www.hediyepazar.com\/index.php?rest_route=\/wp\/v2\/product\/123775","targetHints":{"allow":["GET"]}}],"collection":[{"href":"https:\/\/www.hediyepazar.com\/index.php?rest_route=\/wp\/v2\/product"}],"about":[{"href":"https:\/\/www.hediyepazar.com\/index.php?rest_route=\/wp\/v2\/types\/product"}],"replies":[{"embeddable":true,"href":"https:\/\/www.hediyepazar.com\/index.php?rest_route=%2Fwp%2Fv2%2Fcomments&post=123775"}],"wp:featuredmedia":[{"embeddable":true,"href":"https:\/\/www.hediyepazar.com\/index.php?rest_route=\/wp\/v2\/media\/123774"}],"wp:attachment":[{"href":"https:\/\/www.hediyepazar.com\/index.php?rest_route=%2Fwp%2Fv2%2Fmedia&parent=123775"}],"wp:term":[{"taxonomy":"product_brand","embeddable":true,"href":"https:\/\/www.hediyepazar.com\/index.php?rest_route=%2Fwp%2Fv2%2Fproduct_brand&post=123775"},{"taxonomy":"product_cat","embeddable":true,"href":"https:\/\/www.hediyepazar.com\/index.php?rest_route=%2Fwp%2Fv2%2Fproduct_cat&post=123775"},{"taxonomy":"product_tag","embeddable":true,"href":"https:\/\/www.hediyepazar.com\/index.php?rest_route=%2Fwp%2Fv2%2Fproduct_tag&post=123775"}],"curies":[{"name":"wp","href":"https:\/\/api.w.org\/{rel}","templated":true}]}}