{"id":123791,"date":"2026-05-06T14:00:21","date_gmt":"2026-05-06T17:00:21","guid":{"rendered":"https:\/\/www.hediyepazar.com\/?product=yilbasi-temali-dekoratif-seker-biblo-sicak-salon-aksesuari-13x34-cm"},"modified":"2026-05-06T14:00:21","modified_gmt":"2026-05-06T17:00:21","slug":"yilbasi-temali-dekoratif-seker-biblo-sicak-salon-aksesuari-13x34-cm","status":"publish","type":"product","link":"https:\/\/www.hediyepazar.com\/?product=yilbasi-temali-dekoratif-seker-biblo-sicak-salon-aksesuari-13x34-cm","title":{"rendered":"Y\u0131lba\u015f\u0131 Temal\u0131 Dekoratif \u015eeker Biblo S\u0131cak Salon Aksesuar\u0131 13&#215;34 cm"},"content":{"rendered":"<p>Evinizin y\u0131lba\u015f\u0131 dekorasyonunu tamamlayacak \u015f\u0131k ve e\u011flenceli bir par\u00e7a ar\u0131yorsan\u0131z Dekoratif Y\u0131lba\u015f\u0131 \u015eekeri tam size g\u00f6re. 13\u00d734 cm \u00f6l\u00e7\u00fcs\u00fcyle yerde biblo olarak rahatl\u0131kla sergilenebilir.\u00d6zellikle y\u0131lba\u015f\u0131 a\u011fac\u0131 alt\u0131, \u015f\u00f6mine \u00f6n\u00fc, TV \u00fcnitesi yan\u0131 veya salon zemini dekorasyonlar\u0131nda g\u00fc\u00e7l\u00fc bir g\u00f6rsel etki yarat\u0131r. Klasik y\u0131lba\u015f\u0131 renkleriyle haz\u0131rlanan bu dekoratif \u00fcr\u00fcn, s\u0131cak \u0131\u015f\u0131klarla birle\u015fti\u011finde ortamda davetk\u00e2r ve ne\u015feli bir atmosfer olu\u015fturur.Hem modern hem klasik y\u0131lba\u015f\u0131 konseptlerine uyum sa\u011flayan zamans\u0131z bir tasar\u0131md\u0131r.<\/p>\n","protected":false},"excerpt":{"rendered":"<p>Evinizin y\u0131lba\u015f\u0131 dekorasyonunu tamamlayacak \u015f\u0131k ve e\u011flenceli bir par\u00e7a ar\u0131yorsan\u0131z Dekoratif Y\u0131lba\u015f\u0131 \u015eekeri tam size g\u00f6re. 13\u00d734 cm \u00f6l\u00e7\u00fcs\u00fcyle yerde biblo olarak rahatl\u0131kla sergilenebilir.\u00d6zellikle y\u0131lba\u015f\u0131 a\u011fac\u0131 alt\u0131, \u015f\u00f6mine \u00f6n\u00fc, TV \u00fcnitesi yan\u0131 veya salon zemini dekorasyonlar\u0131nda g\u00fc\u00e7l\u00fc bir g\u00f6rsel etki yarat\u0131r. Klasik y\u0131lba\u015f\u0131 renkleriyle haz\u0131rlanan bu dekoratif \u00fcr\u00fcn, s\u0131cak \u0131\u015f\u0131klarla birle\u015fti\u011finde ortamda davetk\u00e2r ve ne\u015feli&#8230;<\/p>\n","protected":false},"featured_media":123790,"comment_status":"open","ping_status":"closed","template":"","meta":{"_kad_post_transparent":"","_kad_post_title":"","_kad_post_layout":"","_kad_post_sidebar_id":"","_kad_post_content_style":"","_kad_post_vertical_padding":"","_kad_post_feature":"","_kad_post_feature_position":"","_kad_post_header":false,"_kad_post_footer":false,"_kad_post_classname":""},"product_brand":[],"product_cat":[14940],"product_tag":[],"class_list":{"0":"post-123791","1":"product","2":"type-product","3":"status-publish","4":"has-post-thumbnail","6":"product_cat-dekoratif-obje-biblo-dekoratif-obje-biblo","8":"first","9":"instock","10":"purchasable","11":"product-type-simple","12":"entry","13":"content-bg","14":"loop-entry"},"_links":{"self":[{"href":"https:\/\/www.hediyepazar.com\/index.php?rest_route=\/wp\/v2\/product\/123791","targetHints":{"allow":["GET"]}}],"collection":[{"href":"https:\/\/www.hediyepazar.com\/index.php?rest_route=\/wp\/v2\/product"}],"about":[{"href":"https:\/\/www.hediyepazar.com\/index.php?rest_route=\/wp\/v2\/types\/product"}],"replies":[{"embeddable":true,"href":"https:\/\/www.hediyepazar.com\/index.php?rest_route=%2Fwp%2Fv2%2Fcomments&post=123791"}],"wp:featuredmedia":[{"embeddable":true,"href":"https:\/\/www.hediyepazar.com\/index.php?rest_route=\/wp\/v2\/media\/123790"}],"wp:attachment":[{"href":"https:\/\/www.hediyepazar.com\/index.php?rest_route=%2Fwp%2Fv2%2Fmedia&parent=123791"}],"wp:term":[{"taxonomy":"product_brand","embeddable":true,"href":"https:\/\/www.hediyepazar.com\/index.php?rest_route=%2Fwp%2Fv2%2Fproduct_brand&post=123791"},{"taxonomy":"product_cat","embeddable":true,"href":"https:\/\/www.hediyepazar.com\/index.php?rest_route=%2Fwp%2Fv2%2Fproduct_cat&post=123791"},{"taxonomy":"product_tag","embeddable":true,"href":"https:\/\/www.hediyepazar.com\/index.php?rest_route=%2Fwp%2Fv2%2Fproduct_tag&post=123791"}],"curies":[{"name":"wp","href":"https:\/\/api.w.org\/{rel}","templated":true}]}}