{"id":123795,"date":"2026-05-06T14:01:07","date_gmt":"2026-05-06T17:01:07","guid":{"rendered":"https:\/\/www.hediyepazar.com\/?product=bugs-bunny-buyuk-boy-figur-10x34-cm-salon-dekoru"},"modified":"2026-05-06T14:01:07","modified_gmt":"2026-05-06T17:01:07","slug":"bugs-bunny-buyuk-boy-figur-10x34-cm-salon-dekoru","status":"publish","type":"product","link":"https:\/\/www.hediyepazar.com\/?product=bugs-bunny-buyuk-boy-figur-10x34-cm-salon-dekoru","title":{"rendered":"Bugs Bunny B\u00fcy\u00fck Boy Fig\u00fcr 10\u00d734 cm Salon Dekoru"},"content":{"rendered":"<p>\u0130konik karakter tasar\u0131m\u0131na sahip Bugs Bunny fig\u00fcr, 10\u00d734 cm \u00f6l\u00e7\u00fcs\u00fcyle standart biblolardan ayr\u0131l\u0131r. Koleksiyon severler i\u00e7in \u00f6zel bir par\u00e7a olmas\u0131n\u0131n yan\u0131 s\u0131ra, modern ve pop-art dekorasyon stilini tamamlayan \u015f\u0131k bir objedir. Tek ba\u015f\u0131na sergilendi\u011finde dekorasyona karakter kazand\u0131r\u0131r.<\/p>\n","protected":false},"excerpt":{"rendered":"<p>\u0130konik karakter tasar\u0131m\u0131na sahip Bugs Bunny fig\u00fcr, 10\u00d734 cm \u00f6l\u00e7\u00fcs\u00fcyle standart biblolardan ayr\u0131l\u0131r. Koleksiyon severler i\u00e7in \u00f6zel bir par\u00e7a olmas\u0131n\u0131n yan\u0131 s\u0131ra, modern ve pop-art dekorasyon stilini tamamlayan \u015f\u0131k bir objedir. Tek ba\u015f\u0131na sergilendi\u011finde dekorasyona karakter kazand\u0131r\u0131r.<\/p>\n","protected":false},"featured_media":123794,"comment_status":"open","ping_status":"closed","template":"","meta":{"_kad_post_transparent":"","_kad_post_title":"","_kad_post_layout":"","_kad_post_sidebar_id":"","_kad_post_content_style":"","_kad_post_vertical_padding":"","_kad_post_feature":"","_kad_post_feature_position":"","_kad_post_header":false,"_kad_post_footer":false,"_kad_post_classname":""},"product_brand":[],"product_cat":[14940],"product_tag":[],"class_list":{"0":"post-123795","1":"product","2":"type-product","3":"status-publish","4":"has-post-thumbnail","6":"product_cat-dekoratif-obje-biblo-dekoratif-obje-biblo","8":"first","9":"instock","10":"purchasable","11":"product-type-simple","12":"entry","13":"content-bg","14":"loop-entry"},"_links":{"self":[{"href":"https:\/\/www.hediyepazar.com\/index.php?rest_route=\/wp\/v2\/product\/123795","targetHints":{"allow":["GET"]}}],"collection":[{"href":"https:\/\/www.hediyepazar.com\/index.php?rest_route=\/wp\/v2\/product"}],"about":[{"href":"https:\/\/www.hediyepazar.com\/index.php?rest_route=\/wp\/v2\/types\/product"}],"replies":[{"embeddable":true,"href":"https:\/\/www.hediyepazar.com\/index.php?rest_route=%2Fwp%2Fv2%2Fcomments&post=123795"}],"wp:featuredmedia":[{"embeddable":true,"href":"https:\/\/www.hediyepazar.com\/index.php?rest_route=\/wp\/v2\/media\/123794"}],"wp:attachment":[{"href":"https:\/\/www.hediyepazar.com\/index.php?rest_route=%2Fwp%2Fv2%2Fmedia&parent=123795"}],"wp:term":[{"taxonomy":"product_brand","embeddable":true,"href":"https:\/\/www.hediyepazar.com\/index.php?rest_route=%2Fwp%2Fv2%2Fproduct_brand&post=123795"},{"taxonomy":"product_cat","embeddable":true,"href":"https:\/\/www.hediyepazar.com\/index.php?rest_route=%2Fwp%2Fv2%2Fproduct_cat&post=123795"},{"taxonomy":"product_tag","embeddable":true,"href":"https:\/\/www.hediyepazar.com\/index.php?rest_route=%2Fwp%2Fv2%2Fproduct_tag&post=123795"}],"curies":[{"name":"wp","href":"https:\/\/api.w.org\/{rel}","templated":true}]}}