{"id":123799,"date":"2026-05-06T14:01:19","date_gmt":"2026-05-06T17:01:19","guid":{"rendered":"https:\/\/www.hediyepazar.com\/?product=dekoratif-yildiz-seklinde-turuncu-mumluk-ev-aksesuari"},"modified":"2026-05-06T14:01:19","modified_gmt":"2026-05-06T17:01:19","slug":"dekoratif-yildiz-seklinde-turuncu-mumluk-ev-aksesuari","status":"publish","type":"product","link":"https:\/\/www.hediyepazar.com\/?product=dekoratif-yildiz-seklinde-turuncu-mumluk-ev-aksesuari","title":{"rendered":"Dekoratif Y\u0131ld\u0131z \u015eeklinde Turuncu Mumluk Ev Aksesuar\u0131"},"content":{"rendered":"<p>Y\u0131ld\u0131z formundaki turuncu mumluk, sade tasar\u0131m\u0131yla dikkat \u00e7ekerken rengiyle ortama canl\u0131l\u0131k katar. Ak\u015fam saatlerinde mum \u0131\u015f\u0131\u011f\u0131yla birle\u015ferek s\u0131cak ve rahatlat\u0131c\u0131 bir ortam olu\u015fturur. Minimal, bohem ve modern dekorasyon stilleriyle uyumlu yap\u0131s\u0131 sayesinde evin farkl\u0131 alanlar\u0131nda rahatl\u0131kla kullan\u0131labilir.<\/p>\n","protected":false},"excerpt":{"rendered":"<p>Y\u0131ld\u0131z formundaki turuncu mumluk, sade tasar\u0131m\u0131yla dikkat \u00e7ekerken rengiyle ortama canl\u0131l\u0131k katar. Ak\u015fam saatlerinde mum \u0131\u015f\u0131\u011f\u0131yla birle\u015ferek s\u0131cak ve rahatlat\u0131c\u0131 bir ortam olu\u015fturur. Minimal, bohem ve modern dekorasyon stilleriyle uyumlu yap\u0131s\u0131 sayesinde evin farkl\u0131 alanlar\u0131nda rahatl\u0131kla kullan\u0131labilir.<\/p>\n","protected":false},"featured_media":123798,"comment_status":"open","ping_status":"closed","template":"","meta":{"_kad_post_transparent":"","_kad_post_title":"","_kad_post_layout":"","_kad_post_sidebar_id":"","_kad_post_content_style":"","_kad_post_vertical_padding":"","_kad_post_feature":"","_kad_post_feature_position":"","_kad_post_header":false,"_kad_post_footer":false,"_kad_post_classname":""},"product_brand":[],"product_cat":[14940],"product_tag":[],"class_list":{"0":"post-123799","1":"product","2":"type-product","3":"status-publish","4":"has-post-thumbnail","6":"product_cat-dekoratif-obje-biblo-dekoratif-obje-biblo","8":"first","9":"instock","10":"purchasable","11":"product-type-simple","12":"entry","13":"content-bg","14":"loop-entry"},"_links":{"self":[{"href":"https:\/\/www.hediyepazar.com\/index.php?rest_route=\/wp\/v2\/product\/123799","targetHints":{"allow":["GET"]}}],"collection":[{"href":"https:\/\/www.hediyepazar.com\/index.php?rest_route=\/wp\/v2\/product"}],"about":[{"href":"https:\/\/www.hediyepazar.com\/index.php?rest_route=\/wp\/v2\/types\/product"}],"replies":[{"embeddable":true,"href":"https:\/\/www.hediyepazar.com\/index.php?rest_route=%2Fwp%2Fv2%2Fcomments&post=123799"}],"wp:featuredmedia":[{"embeddable":true,"href":"https:\/\/www.hediyepazar.com\/index.php?rest_route=\/wp\/v2\/media\/123798"}],"wp:attachment":[{"href":"https:\/\/www.hediyepazar.com\/index.php?rest_route=%2Fwp%2Fv2%2Fmedia&parent=123799"}],"wp:term":[{"taxonomy":"product_brand","embeddable":true,"href":"https:\/\/www.hediyepazar.com\/index.php?rest_route=%2Fwp%2Fv2%2Fproduct_brand&post=123799"},{"taxonomy":"product_cat","embeddable":true,"href":"https:\/\/www.hediyepazar.com\/index.php?rest_route=%2Fwp%2Fv2%2Fproduct_cat&post=123799"},{"taxonomy":"product_tag","embeddable":true,"href":"https:\/\/www.hediyepazar.com\/index.php?rest_route=%2Fwp%2Fv2%2Fproduct_tag&post=123799"}],"curies":[{"name":"wp","href":"https:\/\/api.w.org\/{rel}","templated":true}]}}