{"id":123801,"date":"2026-05-06T14:02:06","date_gmt":"2026-05-06T17:02:06","guid":{"rendered":"https:\/\/www.hediyepazar.com\/?product=turuncu-yildiz-mumluk-los-isik-salon-dekoru"},"modified":"2026-05-06T14:02:06","modified_gmt":"2026-05-06T17:02:06","slug":"turuncu-yildiz-mumluk-los-isik-salon-dekoru","status":"publish","type":"product","link":"https:\/\/www.hediyepazar.com\/?product=turuncu-yildiz-mumluk-los-isik-salon-dekoru","title":{"rendered":"Turuncu Y\u0131ld\u0131z Mumluk Lo\u015f I\u015f\u0131k Salon Dekoru"},"content":{"rendered":"<p>Turuncu y\u0131ld\u0131z mumluk, s\u0131cak ve enerjik rengiyle ya\u015fam alanlar\u0131na samimi bir atmosfer kazand\u0131r\u0131r. 21\u00d723 cm \u00f6l\u00e7\u00fcs\u00fc sayesinde raf, masa, \u015fifonyer veya TV \u00fcnitesi \u00fczerinde dengeli ve \u015f\u0131k bir duru\u015f sergiler. Mum \u0131\u015f\u0131\u011f\u0131yla birlikte lo\u015f ve huzurlu bir ayd\u0131nlatma sunarak salon dekorasyonunu tamamlar. Modern ve cozy tarz sevenler i\u00e7in ideal bir dekoratif aksesuard\u0131r.<\/p>\n","protected":false},"excerpt":{"rendered":"<p>Turuncu y\u0131ld\u0131z mumluk, s\u0131cak ve enerjik rengiyle ya\u015fam alanlar\u0131na samimi bir atmosfer kazand\u0131r\u0131r. 21\u00d723 cm \u00f6l\u00e7\u00fcs\u00fc sayesinde raf, masa, \u015fifonyer veya TV \u00fcnitesi \u00fczerinde dengeli ve \u015f\u0131k bir duru\u015f sergiler. Mum \u0131\u015f\u0131\u011f\u0131yla birlikte lo\u015f ve huzurlu bir ayd\u0131nlatma sunarak salon dekorasyonunu tamamlar. Modern ve cozy tarz sevenler i\u00e7in ideal bir dekoratif aksesuard\u0131r.<\/p>\n","protected":false},"featured_media":123800,"comment_status":"open","ping_status":"closed","template":"","meta":{"_kad_post_transparent":"","_kad_post_title":"","_kad_post_layout":"","_kad_post_sidebar_id":"","_kad_post_content_style":"","_kad_post_vertical_padding":"","_kad_post_feature":"","_kad_post_feature_position":"","_kad_post_header":false,"_kad_post_footer":false,"_kad_post_classname":""},"product_brand":[],"product_cat":[14940],"product_tag":[],"class_list":{"0":"post-123801","1":"product","2":"type-product","3":"status-publish","4":"has-post-thumbnail","6":"product_cat-dekoratif-obje-biblo-dekoratif-obje-biblo","8":"first","9":"instock","10":"purchasable","11":"product-type-simple","12":"entry","13":"content-bg","14":"loop-entry"},"_links":{"self":[{"href":"https:\/\/www.hediyepazar.com\/index.php?rest_route=\/wp\/v2\/product\/123801","targetHints":{"allow":["GET"]}}],"collection":[{"href":"https:\/\/www.hediyepazar.com\/index.php?rest_route=\/wp\/v2\/product"}],"about":[{"href":"https:\/\/www.hediyepazar.com\/index.php?rest_route=\/wp\/v2\/types\/product"}],"replies":[{"embeddable":true,"href":"https:\/\/www.hediyepazar.com\/index.php?rest_route=%2Fwp%2Fv2%2Fcomments&post=123801"}],"wp:featuredmedia":[{"embeddable":true,"href":"https:\/\/www.hediyepazar.com\/index.php?rest_route=\/wp\/v2\/media\/123800"}],"wp:attachment":[{"href":"https:\/\/www.hediyepazar.com\/index.php?rest_route=%2Fwp%2Fv2%2Fmedia&parent=123801"}],"wp:term":[{"taxonomy":"product_brand","embeddable":true,"href":"https:\/\/www.hediyepazar.com\/index.php?rest_route=%2Fwp%2Fv2%2Fproduct_brand&post=123801"},{"taxonomy":"product_cat","embeddable":true,"href":"https:\/\/www.hediyepazar.com\/index.php?rest_route=%2Fwp%2Fv2%2Fproduct_cat&post=123801"},{"taxonomy":"product_tag","embeddable":true,"href":"https:\/\/www.hediyepazar.com\/index.php?rest_route=%2Fwp%2Fv2%2Fproduct_tag&post=123801"}],"curies":[{"name":"wp","href":"https:\/\/api.w.org\/{rel}","templated":true}]}}