{"id":123803,"date":"2026-05-06T14:02:12","date_gmt":"2026-05-06T17:02:12","guid":{"rendered":"https:\/\/www.hediyepazar.com\/?product=yildiz-seklinde-sari-mumluk-los-isik-ev-aksesuari"},"modified":"2026-05-06T14:02:12","modified_gmt":"2026-05-06T17:02:12","slug":"yildiz-seklinde-sari-mumluk-los-isik-ev-aksesuari","status":"publish","type":"product","link":"https:\/\/www.hediyepazar.com\/?product=yildiz-seklinde-sari-mumluk-los-isik-ev-aksesuari","title":{"rendered":"Y\u0131ld\u0131z \u015eeklinde Sar\u0131 Mumluk Lo\u015f I\u015f\u0131k Ev Aksesuar\u0131"},"content":{"rendered":"<p>Y\u0131ld\u0131z formundaki bu sar\u0131 mumluk, sade ama dikkat \u00e7ekici tasar\u0131m\u0131yla ev dekorasyonunu tamamlar. Mum alevinin yayd\u0131\u011f\u0131 yumu\u015fak \u0131\u015f\u0131k, ak\u015fam saatlerinde huzurlu ve cozy bir ortam sa\u011flar. Modern, bohem ve minimal dekorasyon stilleriyle uyumlu yap\u0131s\u0131 sayesinde farkl\u0131 alanlarda kolayca kombinlenebilir. G\u00fcnl\u00fck kullan\u0131m\u0131n yan\u0131 s\u0131ra \u00f6zel g\u00fcn s\u00fcslemeleri i\u00e7in de idealdir.<\/p>\n","protected":false},"excerpt":{"rendered":"<p>Y\u0131ld\u0131z formundaki bu sar\u0131 mumluk, sade ama dikkat \u00e7ekici tasar\u0131m\u0131yla ev dekorasyonunu tamamlar. Mum alevinin yayd\u0131\u011f\u0131 yumu\u015fak \u0131\u015f\u0131k, ak\u015fam saatlerinde huzurlu ve cozy bir ortam sa\u011flar. Modern, bohem ve minimal dekorasyon stilleriyle uyumlu yap\u0131s\u0131 sayesinde farkl\u0131 alanlarda kolayca kombinlenebilir. G\u00fcnl\u00fck kullan\u0131m\u0131n yan\u0131 s\u0131ra \u00f6zel g\u00fcn s\u00fcslemeleri i\u00e7in de idealdir.<\/p>\n","protected":false},"featured_media":123802,"comment_status":"open","ping_status":"closed","template":"","meta":{"_kad_post_transparent":"","_kad_post_title":"","_kad_post_layout":"","_kad_post_sidebar_id":"","_kad_post_content_style":"","_kad_post_vertical_padding":"","_kad_post_feature":"","_kad_post_feature_position":"","_kad_post_header":false,"_kad_post_footer":false,"_kad_post_classname":""},"product_brand":[],"product_cat":[14940],"product_tag":[],"class_list":{"0":"post-123803","1":"product","2":"type-product","3":"status-publish","4":"has-post-thumbnail","6":"product_cat-dekoratif-obje-biblo-dekoratif-obje-biblo","8":"first","9":"instock","10":"purchasable","11":"product-type-simple","12":"entry","13":"content-bg","14":"loop-entry"},"_links":{"self":[{"href":"https:\/\/www.hediyepazar.com\/index.php?rest_route=\/wp\/v2\/product\/123803","targetHints":{"allow":["GET"]}}],"collection":[{"href":"https:\/\/www.hediyepazar.com\/index.php?rest_route=\/wp\/v2\/product"}],"about":[{"href":"https:\/\/www.hediyepazar.com\/index.php?rest_route=\/wp\/v2\/types\/product"}],"replies":[{"embeddable":true,"href":"https:\/\/www.hediyepazar.com\/index.php?rest_route=%2Fwp%2Fv2%2Fcomments&post=123803"}],"wp:featuredmedia":[{"embeddable":true,"href":"https:\/\/www.hediyepazar.com\/index.php?rest_route=\/wp\/v2\/media\/123802"}],"wp:attachment":[{"href":"https:\/\/www.hediyepazar.com\/index.php?rest_route=%2Fwp%2Fv2%2Fmedia&parent=123803"}],"wp:term":[{"taxonomy":"product_brand","embeddable":true,"href":"https:\/\/www.hediyepazar.com\/index.php?rest_route=%2Fwp%2Fv2%2Fproduct_brand&post=123803"},{"taxonomy":"product_cat","embeddable":true,"href":"https:\/\/www.hediyepazar.com\/index.php?rest_route=%2Fwp%2Fv2%2Fproduct_cat&post=123803"},{"taxonomy":"product_tag","embeddable":true,"href":"https:\/\/www.hediyepazar.com\/index.php?rest_route=%2Fwp%2Fv2%2Fproduct_tag&post=123803"}],"curies":[{"name":"wp","href":"https:\/\/api.w.org\/{rel}","templated":true}]}}