{"id":123807,"date":"2026-05-06T14:03:56","date_gmt":"2026-05-06T17:03:56","guid":{"rendered":"https:\/\/www.hediyepazar.com\/?product=siyah-yildiz-seklinde-mumluk-los-isik-dekor-aksesuari"},"modified":"2026-05-06T14:03:56","modified_gmt":"2026-05-06T17:03:56","slug":"siyah-yildiz-seklinde-mumluk-los-isik-dekor-aksesuari","status":"publish","type":"product","link":"https:\/\/www.hediyepazar.com\/?product=siyah-yildiz-seklinde-mumluk-los-isik-dekor-aksesuari","title":{"rendered":"Siyah Y\u0131ld\u0131z \u015eeklinde Mumluk Lo\u015f I\u015f\u0131k Dekor Aksesuar\u0131"},"content":{"rendered":"<p>Geometrik y\u0131ld\u0131z tasar\u0131m\u0131yla \u00f6ne \u00e7\u0131kan siyah mumluk, ya\u015fam alanlar\u0131n\u0131za modern bir dokunu\u015f katar. Mum yerle\u015fimi sayesinde yumu\u015fak ve huzurlu bir \u0131\u015f\u0131k yayarak ak\u015fam saatlerinde rahatlat\u0131c\u0131 bir ortam sunar. Minimal \u00e7izgileri sayesinde \u0130skandinav, modern ve end\u00fcstriyel dekorasyon stilleriyle uyumludur. G\u00fcnl\u00fck kullan\u0131m\u0131n yan\u0131 s\u0131ra \u00f6zel g\u00fcn dekorasyonu i\u00e7in de idealdir.<\/p>\n","protected":false},"excerpt":{"rendered":"<p>Geometrik y\u0131ld\u0131z tasar\u0131m\u0131yla \u00f6ne \u00e7\u0131kan siyah mumluk, ya\u015fam alanlar\u0131n\u0131za modern bir dokunu\u015f katar. Mum yerle\u015fimi sayesinde yumu\u015fak ve huzurlu bir \u0131\u015f\u0131k yayarak ak\u015fam saatlerinde rahatlat\u0131c\u0131 bir ortam sunar. Minimal \u00e7izgileri sayesinde \u0130skandinav, modern ve end\u00fcstriyel dekorasyon stilleriyle uyumludur. G\u00fcnl\u00fck kullan\u0131m\u0131n yan\u0131 s\u0131ra \u00f6zel g\u00fcn dekorasyonu i\u00e7in de idealdir.<\/p>\n","protected":false},"featured_media":123806,"comment_status":"open","ping_status":"closed","template":"","meta":{"_kad_post_transparent":"","_kad_post_title":"","_kad_post_layout":"","_kad_post_sidebar_id":"","_kad_post_content_style":"","_kad_post_vertical_padding":"","_kad_post_feature":"","_kad_post_feature_position":"","_kad_post_header":false,"_kad_post_footer":false,"_kad_post_classname":""},"product_brand":[],"product_cat":[14940],"product_tag":[],"class_list":{"0":"post-123807","1":"product","2":"type-product","3":"status-publish","4":"has-post-thumbnail","6":"product_cat-dekoratif-obje-biblo-dekoratif-obje-biblo","8":"first","9":"instock","10":"purchasable","11":"product-type-simple","12":"entry","13":"content-bg","14":"loop-entry"},"_links":{"self":[{"href":"https:\/\/www.hediyepazar.com\/index.php?rest_route=\/wp\/v2\/product\/123807","targetHints":{"allow":["GET"]}}],"collection":[{"href":"https:\/\/www.hediyepazar.com\/index.php?rest_route=\/wp\/v2\/product"}],"about":[{"href":"https:\/\/www.hediyepazar.com\/index.php?rest_route=\/wp\/v2\/types\/product"}],"replies":[{"embeddable":true,"href":"https:\/\/www.hediyepazar.com\/index.php?rest_route=%2Fwp%2Fv2%2Fcomments&post=123807"}],"wp:featuredmedia":[{"embeddable":true,"href":"https:\/\/www.hediyepazar.com\/index.php?rest_route=\/wp\/v2\/media\/123806"}],"wp:attachment":[{"href":"https:\/\/www.hediyepazar.com\/index.php?rest_route=%2Fwp%2Fv2%2Fmedia&parent=123807"}],"wp:term":[{"taxonomy":"product_brand","embeddable":true,"href":"https:\/\/www.hediyepazar.com\/index.php?rest_route=%2Fwp%2Fv2%2Fproduct_brand&post=123807"},{"taxonomy":"product_cat","embeddable":true,"href":"https:\/\/www.hediyepazar.com\/index.php?rest_route=%2Fwp%2Fv2%2Fproduct_cat&post=123807"},{"taxonomy":"product_tag","embeddable":true,"href":"https:\/\/www.hediyepazar.com\/index.php?rest_route=%2Fwp%2Fv2%2Fproduct_tag&post=123807"}],"curies":[{"name":"wp","href":"https:\/\/api.w.org\/{rel}","templated":true}]}}