{"id":123809,"date":"2026-05-06T14:04:02","date_gmt":"2026-05-06T17:04:02","guid":{"rendered":"https:\/\/www.hediyepazar.com\/?product=yildiz-mumluk-siyah-modern-salon-ve-raf-dekoru"},"modified":"2026-05-06T14:04:02","modified_gmt":"2026-05-06T17:04:02","slug":"yildiz-mumluk-siyah-modern-salon-ve-raf-dekoru","status":"publish","type":"product","link":"https:\/\/www.hediyepazar.com\/?product=yildiz-mumluk-siyah-modern-salon-ve-raf-dekoru","title":{"rendered":"Y\u0131ld\u0131z Mumluk Siyah Modern Salon ve Raf Dekoru"},"content":{"rendered":"<p>Siyah y\u0131ld\u0131z formundaki bu mumluk, modern ve minimal dekorasyon sevenler i\u00e7in \u015f\u0131k bir tamamlay\u0131c\u0131d\u0131r. 21\u00d723 cm \u00f6l\u00e7\u00fcs\u00fcyle raf, masa, \u015fifonyer veya TV \u00fcnitesi \u00fczerinde rahatl\u0131kla kullan\u0131labilir. Lo\u015f \u0131\u015f\u0131kta mum alevinin yaratt\u0131\u011f\u0131 s\u0131cak ambiyans sayesinde salon, oturma odas\u0131 veya yatak odas\u0131nda cozy bir atmosfer olu\u015fturur. Mat siyah rengi, hem a\u00e7\u0131k hem koyu tonlu dekorasyonlarla kolayca uyum sa\u011flar.<\/p>\n","protected":false},"excerpt":{"rendered":"<p>Siyah y\u0131ld\u0131z formundaki bu mumluk, modern ve minimal dekorasyon sevenler i\u00e7in \u015f\u0131k bir tamamlay\u0131c\u0131d\u0131r. 21\u00d723 cm \u00f6l\u00e7\u00fcs\u00fcyle raf, masa, \u015fifonyer veya TV \u00fcnitesi \u00fczerinde rahatl\u0131kla kullan\u0131labilir. Lo\u015f \u0131\u015f\u0131kta mum alevinin yaratt\u0131\u011f\u0131 s\u0131cak ambiyans sayesinde salon, oturma odas\u0131 veya yatak odas\u0131nda cozy bir atmosfer olu\u015fturur. Mat siyah rengi, hem a\u00e7\u0131k hem koyu tonlu dekorasyonlarla kolayca uyum&#8230;<\/p>\n","protected":false},"featured_media":123808,"comment_status":"open","ping_status":"closed","template":"","meta":{"_kad_post_transparent":"","_kad_post_title":"","_kad_post_layout":"","_kad_post_sidebar_id":"","_kad_post_content_style":"","_kad_post_vertical_padding":"","_kad_post_feature":"","_kad_post_feature_position":"","_kad_post_header":false,"_kad_post_footer":false,"_kad_post_classname":""},"product_brand":[],"product_cat":[14940],"product_tag":[],"class_list":{"0":"post-123809","1":"product","2":"type-product","3":"status-publish","4":"has-post-thumbnail","6":"product_cat-dekoratif-obje-biblo-dekoratif-obje-biblo","8":"first","9":"instock","10":"purchasable","11":"product-type-simple","12":"entry","13":"content-bg","14":"loop-entry"},"_links":{"self":[{"href":"https:\/\/www.hediyepazar.com\/index.php?rest_route=\/wp\/v2\/product\/123809","targetHints":{"allow":["GET"]}}],"collection":[{"href":"https:\/\/www.hediyepazar.com\/index.php?rest_route=\/wp\/v2\/product"}],"about":[{"href":"https:\/\/www.hediyepazar.com\/index.php?rest_route=\/wp\/v2\/types\/product"}],"replies":[{"embeddable":true,"href":"https:\/\/www.hediyepazar.com\/index.php?rest_route=%2Fwp%2Fv2%2Fcomments&post=123809"}],"wp:featuredmedia":[{"embeddable":true,"href":"https:\/\/www.hediyepazar.com\/index.php?rest_route=\/wp\/v2\/media\/123808"}],"wp:attachment":[{"href":"https:\/\/www.hediyepazar.com\/index.php?rest_route=%2Fwp%2Fv2%2Fmedia&parent=123809"}],"wp:term":[{"taxonomy":"product_brand","embeddable":true,"href":"https:\/\/www.hediyepazar.com\/index.php?rest_route=%2Fwp%2Fv2%2Fproduct_brand&post=123809"},{"taxonomy":"product_cat","embeddable":true,"href":"https:\/\/www.hediyepazar.com\/index.php?rest_route=%2Fwp%2Fv2%2Fproduct_cat&post=123809"},{"taxonomy":"product_tag","embeddable":true,"href":"https:\/\/www.hediyepazar.com\/index.php?rest_route=%2Fwp%2Fv2%2Fproduct_tag&post=123809"}],"curies":[{"name":"wp","href":"https:\/\/api.w.org\/{rel}","templated":true}]}}