{"id":123811,"date":"2026-05-06T14:04:10","date_gmt":"2026-05-06T17:04:10","guid":{"rendered":"https:\/\/www.hediyepazar.com\/?product=noel-temali-tabelali-lamba-dekoratif-aydinlatma-yilbasi-susu"},"modified":"2026-05-06T14:04:10","modified_gmt":"2026-05-06T17:04:10","slug":"noel-temali-tabelali-lamba-dekoratif-aydinlatma-yilbasi-susu","status":"publish","type":"product","link":"https:\/\/www.hediyepazar.com\/?product=noel-temali-tabelali-lamba-dekoratif-aydinlatma-yilbasi-susu","title":{"rendered":"Noel Temal\u0131 Tabelal\u0131 Lamba Dekoratif Ayd\u0131nlatma Y\u0131lba\u015f\u0131 S\u00fcs\u00fc"},"content":{"rendered":"<p>Klasik Noel tasar\u0131m\u0131ndan ilham alan Y\u0131lba\u015f\u0131 Tabelal\u0131 Dekoratif Lamba, k\u0131rm\u0131z\u0131 \u015fapkal\u0131 direk formu ve as\u0131l\u0131 \u201cMerry Christmas\u201d tabelas\u0131yla y\u0131lba\u015f\u0131 s\u00fcslemelerine nostaljik bir dokunu\u015f katar. 60 cm y\u00fcksekli\u011fi sayesinde bulundu\u011fu ortamda hemen fark edilir ve dekorasyonun odak noktas\u0131 haline gelir.Aparatl\u0131 yap\u0131s\u0131 sayesinde istenirse daha y\u00fcksek konumland\u0131r\u0131labilir, masa \u00fcst\u00fc, yer dekoru veya vitrin \u00f6n\u00fc kullan\u0131m\u0131na uygundur. Yumu\u015fak ayd\u0131nlatmas\u0131 sayesinde ortam\u0131 bo\u011fmadan s\u0131cak bir \u0131\u015f\u0131k yayar. \u00d6zellikle salon, antre, ma\u011faza vitrini ve y\u0131lba\u015f\u0131 konseptli alanlarda \u015f\u0131k bir g\u00f6r\u00fcn\u00fcm sa\u011flar.Y\u0131lba\u015f\u0131 dekorasyonunu tamamlamak isteyenler i\u00e7in hem dekoratif hem de ayd\u0131nlat\u0131c\u0131 bir \u00fcr\u00fcnd\u00fcr.<\/p>\n","protected":false},"excerpt":{"rendered":"<p>Klasik Noel tasar\u0131m\u0131ndan ilham alan Y\u0131lba\u015f\u0131 Tabelal\u0131 Dekoratif Lamba, k\u0131rm\u0131z\u0131 \u015fapkal\u0131 direk formu ve as\u0131l\u0131 \u201cMerry Christmas\u201d tabelas\u0131yla y\u0131lba\u015f\u0131 s\u00fcslemelerine nostaljik bir dokunu\u015f katar. 60 cm y\u00fcksekli\u011fi sayesinde bulundu\u011fu ortamda hemen fark edilir ve dekorasyonun odak noktas\u0131 haline gelir.Aparatl\u0131 yap\u0131s\u0131 sayesinde istenirse daha y\u00fcksek konumland\u0131r\u0131labilir, masa \u00fcst\u00fc, yer dekoru veya vitrin \u00f6n\u00fc kullan\u0131m\u0131na uygundur. Yumu\u015fak&#8230;<\/p>\n","protected":false},"featured_media":123810,"comment_status":"open","ping_status":"closed","template":"","meta":{"_kad_post_transparent":"","_kad_post_title":"","_kad_post_layout":"","_kad_post_sidebar_id":"","_kad_post_content_style":"","_kad_post_vertical_padding":"","_kad_post_feature":"","_kad_post_feature_position":"","_kad_post_header":false,"_kad_post_footer":false,"_kad_post_classname":""},"product_brand":[],"product_cat":[14967],"product_tag":[],"class_list":{"0":"post-123811","1":"product","2":"type-product","3":"status-publish","4":"has-post-thumbnail","6":"product_cat-gece-lambasi-gece-lambasi","8":"first","9":"instock","10":"purchasable","11":"product-type-simple","12":"entry","13":"content-bg","14":"loop-entry"},"_links":{"self":[{"href":"https:\/\/www.hediyepazar.com\/index.php?rest_route=\/wp\/v2\/product\/123811","targetHints":{"allow":["GET"]}}],"collection":[{"href":"https:\/\/www.hediyepazar.com\/index.php?rest_route=\/wp\/v2\/product"}],"about":[{"href":"https:\/\/www.hediyepazar.com\/index.php?rest_route=\/wp\/v2\/types\/product"}],"replies":[{"embeddable":true,"href":"https:\/\/www.hediyepazar.com\/index.php?rest_route=%2Fwp%2Fv2%2Fcomments&post=123811"}],"wp:featuredmedia":[{"embeddable":true,"href":"https:\/\/www.hediyepazar.com\/index.php?rest_route=\/wp\/v2\/media\/123810"}],"wp:attachment":[{"href":"https:\/\/www.hediyepazar.com\/index.php?rest_route=%2Fwp%2Fv2%2Fmedia&parent=123811"}],"wp:term":[{"taxonomy":"product_brand","embeddable":true,"href":"https:\/\/www.hediyepazar.com\/index.php?rest_route=%2Fwp%2Fv2%2Fproduct_brand&post=123811"},{"taxonomy":"product_cat","embeddable":true,"href":"https:\/\/www.hediyepazar.com\/index.php?rest_route=%2Fwp%2Fv2%2Fproduct_cat&post=123811"},{"taxonomy":"product_tag","embeddable":true,"href":"https:\/\/www.hediyepazar.com\/index.php?rest_route=%2Fwp%2Fv2%2Fproduct_tag&post=123811"}],"curies":[{"name":"wp","href":"https:\/\/api.w.org\/{rel}","templated":true}]}}