{"id":123813,"date":"2026-05-06T14:04:16","date_gmt":"2026-05-06T17:04:16","guid":{"rendered":"https:\/\/www.hediyepazar.com\/?product=yilbasi-tabelali-dekoratif-lamba-merry-christmas-isikli-tasarim"},"modified":"2026-05-06T14:04:16","modified_gmt":"2026-05-06T17:04:16","slug":"yilbasi-tabelali-dekoratif-lamba-merry-christmas-isikli-tasarim","status":"publish","type":"product","link":"https:\/\/www.hediyepazar.com\/?product=yilbasi-tabelali-dekoratif-lamba-merry-christmas-isikli-tasarim","title":{"rendered":"Y\u0131lba\u015f\u0131 Tabelal\u0131 Dekoratif Lamba Merry Christmas I\u015f\u0131kl\u0131 Tasar\u0131m"},"content":{"rendered":"<p>Y\u0131lba\u015f\u0131 ruhunu ya\u015fam alanlar\u0131n\u0131za ta\u015f\u0131yan Y\u0131lba\u015f\u0131 Tabelal\u0131 Lamba, klasik k\u0131rm\u0131z\u0131-beyaz renkleri ve \u201cMerry Christmas\u201d tabelas\u0131yla s\u0131cak ve ne\u015feli bir atmosfer olu\u015fturur. 17\u00d760 cm \u00f6l\u00e7\u00fcs\u00fcyle dikkat \u00e7eken bu dekoratif lamba, salon, vitrin, ma\u011faza giri\u015fi veya y\u0131lba\u015f\u0131 k\u00f6\u015feleri i\u00e7in ideal bir tamamlay\u0131c\u0131d\u0131r.Direk formundaki tasar\u0131m\u0131 sayesinde ayakta durur ve aparat ile y\u00fckseltilebilir yap\u0131s\u0131 sayesinde farkl\u0131 alanlara kolayca uyum sa\u011flar. Yumu\u015fak ve g\u00f6z yormayan \u0131\u015f\u0131\u011f\u0131, \u00f6zellikle ak\u015fam saatlerinde lo\u015f ve cozy bir ortam yarat\u0131r. Y\u0131lba\u015f\u0131 dekorasyonuna karakter katan bu lamba, foto\u011fraf \u00e7ekimleri ve vitrin s\u00fcslemeleri i\u00e7in de olduk\u00e7a \u015f\u0131k bir tercihtir.Evde, ofiste veya ticari alanlarda Noel ve y\u0131lba\u015f\u0131 konseptini vurgulamak isteyenler i\u00e7in estetik ve dikkat \u00e7ekici bir dekoratif \u00fcr\u00fcnd\u00fcr.<\/p>\n","protected":false},"excerpt":{"rendered":"<p>Y\u0131lba\u015f\u0131 ruhunu ya\u015fam alanlar\u0131n\u0131za ta\u015f\u0131yan Y\u0131lba\u015f\u0131 Tabelal\u0131 Lamba, klasik k\u0131rm\u0131z\u0131-beyaz renkleri ve \u201cMerry Christmas\u201d tabelas\u0131yla s\u0131cak ve ne\u015feli bir atmosfer olu\u015fturur. 17\u00d760 cm \u00f6l\u00e7\u00fcs\u00fcyle dikkat \u00e7eken bu dekoratif lamba, salon, vitrin, ma\u011faza giri\u015fi veya y\u0131lba\u015f\u0131 k\u00f6\u015feleri i\u00e7in ideal bir tamamlay\u0131c\u0131d\u0131r.Direk formundaki tasar\u0131m\u0131 sayesinde ayakta durur ve aparat ile y\u00fckseltilebilir yap\u0131s\u0131 sayesinde farkl\u0131 alanlara kolayca uyum&#8230;<\/p>\n","protected":false},"featured_media":123812,"comment_status":"open","ping_status":"closed","template":"","meta":{"_kad_post_transparent":"","_kad_post_title":"","_kad_post_layout":"","_kad_post_sidebar_id":"","_kad_post_content_style":"","_kad_post_vertical_padding":"","_kad_post_feature":"","_kad_post_feature_position":"","_kad_post_header":false,"_kad_post_footer":false,"_kad_post_classname":""},"product_brand":[],"product_cat":[14967],"product_tag":[],"class_list":{"0":"post-123813","1":"product","2":"type-product","3":"status-publish","4":"has-post-thumbnail","6":"product_cat-gece-lambasi-gece-lambasi","8":"first","9":"instock","10":"purchasable","11":"product-type-simple","12":"entry","13":"content-bg","14":"loop-entry"},"_links":{"self":[{"href":"https:\/\/www.hediyepazar.com\/index.php?rest_route=\/wp\/v2\/product\/123813","targetHints":{"allow":["GET"]}}],"collection":[{"href":"https:\/\/www.hediyepazar.com\/index.php?rest_route=\/wp\/v2\/product"}],"about":[{"href":"https:\/\/www.hediyepazar.com\/index.php?rest_route=\/wp\/v2\/types\/product"}],"replies":[{"embeddable":true,"href":"https:\/\/www.hediyepazar.com\/index.php?rest_route=%2Fwp%2Fv2%2Fcomments&post=123813"}],"wp:featuredmedia":[{"embeddable":true,"href":"https:\/\/www.hediyepazar.com\/index.php?rest_route=\/wp\/v2\/media\/123812"}],"wp:attachment":[{"href":"https:\/\/www.hediyepazar.com\/index.php?rest_route=%2Fwp%2Fv2%2Fmedia&parent=123813"}],"wp:term":[{"taxonomy":"product_brand","embeddable":true,"href":"https:\/\/www.hediyepazar.com\/index.php?rest_route=%2Fwp%2Fv2%2Fproduct_brand&post=123813"},{"taxonomy":"product_cat","embeddable":true,"href":"https:\/\/www.hediyepazar.com\/index.php?rest_route=%2Fwp%2Fv2%2Fproduct_cat&post=123813"},{"taxonomy":"product_tag","embeddable":true,"href":"https:\/\/www.hediyepazar.com\/index.php?rest_route=%2Fwp%2Fv2%2Fproduct_tag&post=123813"}],"curies":[{"name":"wp","href":"https:\/\/api.w.org\/{rel}","templated":true}]}}