{"id":123827,"date":"2026-05-06T14:08:21","date_gmt":"2026-05-06T17:08:21","guid":{"rendered":"https:\/\/www.hediyepazar.com\/?product=minimal-insan-figuru-biblo-yesil-ev-ve-ofis-dekoru"},"modified":"2026-05-06T14:08:21","modified_gmt":"2026-05-06T17:08:21","slug":"minimal-insan-figuru-biblo-yesil-ev-ve-ofis-dekoru","status":"publish","type":"product","link":"https:\/\/www.hediyepazar.com\/?product=minimal-insan-figuru-biblo-yesil-ev-ve-ofis-dekoru","title":{"rendered":"Minimal \u0130nsan Fig\u00fcr\u00fc Biblo Ye\u015fil Ev ve Ofis Dekoru"},"content":{"rendered":"<p>Ye\u015fil insan fig\u00fcr\u00fc biblo, d\u00fc\u015f\u00fcnceli pozuyla dekorasyona karakter katar. K\u00fc\u00e7\u00fck boyutlar\u0131 sayesinde dar alanlarda bile \u015f\u0131k bir tamamlay\u0131c\u0131 olarak kullan\u0131labilir. Evde, ofiste veya \u00e7al\u0131\u015fma alanlar\u0131nda masa \u00fcst\u00fc ya da raf dekoru olarak tercih edilebilir. Minimal tasar\u0131m\u0131, lo\u015f ya da ayd\u0131nl\u0131k ortamlarda estetik bir duru\u015f sergiler ve dekorasyona modern bir hava kazand\u0131r\u0131r.<\/p>\n","protected":false},"excerpt":{"rendered":"<p>Ye\u015fil insan fig\u00fcr\u00fc biblo, d\u00fc\u015f\u00fcnceli pozuyla dekorasyona karakter katar. K\u00fc\u00e7\u00fck boyutlar\u0131 sayesinde dar alanlarda bile \u015f\u0131k bir tamamlay\u0131c\u0131 olarak kullan\u0131labilir. Evde, ofiste veya \u00e7al\u0131\u015fma alanlar\u0131nda masa \u00fcst\u00fc ya da raf dekoru olarak tercih edilebilir. Minimal tasar\u0131m\u0131, lo\u015f ya da ayd\u0131nl\u0131k ortamlarda estetik bir duru\u015f sergiler ve dekorasyona modern bir hava kazand\u0131r\u0131r.<\/p>\n","protected":false},"featured_media":123826,"comment_status":"open","ping_status":"closed","template":"","meta":{"_kad_post_transparent":"","_kad_post_title":"","_kad_post_layout":"","_kad_post_sidebar_id":"","_kad_post_content_style":"","_kad_post_vertical_padding":"","_kad_post_feature":"","_kad_post_feature_position":"","_kad_post_header":false,"_kad_post_footer":false,"_kad_post_classname":""},"product_brand":[],"product_cat":[14940],"product_tag":[],"class_list":{"0":"post-123827","1":"product","2":"type-product","3":"status-publish","4":"has-post-thumbnail","6":"product_cat-dekoratif-obje-biblo-dekoratif-obje-biblo","8":"first","9":"instock","10":"purchasable","11":"product-type-simple","12":"entry","13":"content-bg","14":"loop-entry"},"_links":{"self":[{"href":"https:\/\/www.hediyepazar.com\/index.php?rest_route=\/wp\/v2\/product\/123827","targetHints":{"allow":["GET"]}}],"collection":[{"href":"https:\/\/www.hediyepazar.com\/index.php?rest_route=\/wp\/v2\/product"}],"about":[{"href":"https:\/\/www.hediyepazar.com\/index.php?rest_route=\/wp\/v2\/types\/product"}],"replies":[{"embeddable":true,"href":"https:\/\/www.hediyepazar.com\/index.php?rest_route=%2Fwp%2Fv2%2Fcomments&post=123827"}],"wp:featuredmedia":[{"embeddable":true,"href":"https:\/\/www.hediyepazar.com\/index.php?rest_route=\/wp\/v2\/media\/123826"}],"wp:attachment":[{"href":"https:\/\/www.hediyepazar.com\/index.php?rest_route=%2Fwp%2Fv2%2Fmedia&parent=123827"}],"wp:term":[{"taxonomy":"product_brand","embeddable":true,"href":"https:\/\/www.hediyepazar.com\/index.php?rest_route=%2Fwp%2Fv2%2Fproduct_brand&post=123827"},{"taxonomy":"product_cat","embeddable":true,"href":"https:\/\/www.hediyepazar.com\/index.php?rest_route=%2Fwp%2Fv2%2Fproduct_cat&post=123827"},{"taxonomy":"product_tag","embeddable":true,"href":"https:\/\/www.hediyepazar.com\/index.php?rest_route=%2Fwp%2Fv2%2Fproduct_tag&post=123827"}],"curies":[{"name":"wp","href":"https:\/\/api.w.org\/{rel}","templated":true}]}}