{"id":123829,"date":"2026-05-06T14:08:28","date_gmt":"2026-05-06T17:08:28","guid":{"rendered":"https:\/\/www.hediyepazar.com\/?product=dekoratif-yesil-insan-figuru-modern-masa-ve-raf-susu"},"modified":"2026-05-06T14:08:28","modified_gmt":"2026-05-06T17:08:28","slug":"dekoratif-yesil-insan-figuru-modern-masa-ve-raf-susu","status":"publish","type":"product","link":"https:\/\/www.hediyepazar.com\/?product=dekoratif-yesil-insan-figuru-modern-masa-ve-raf-susu","title":{"rendered":"Dekoratif Ye\u015fil \u0130nsan Fig\u00fcr\u00fc Modern Masa ve Raf S\u00fcs\u00fc"},"content":{"rendered":"<p>Dekoratif ye\u015fil insan fig\u00fcr\u00fc, minimalist formu ve modern duru\u015fu ile ya\u015fam alanlar\u0131na sanatsal bir dokunu\u015f kazand\u0131r\u0131r. 8\u00d713 cm \u00f6l\u00e7\u00fcs\u00fc sayesinde masa, raf, konsol veya kitapl\u0131k \u00fczerinde rahatl\u0131kla kullan\u0131labilir. Ye\u015fil rengi ortama canl\u0131l\u0131k katarken sade tasar\u0131m\u0131 sayesinde g\u00f6z yormaz. Modern, minimalist ve cozy dekorasyon stilleriyle uyum sa\u011flayan bu fig\u00fcr, bulundu\u011fu alanda dikkat \u00e7ekici ama dengeli bir g\u00f6r\u00fcn\u00fcm olu\u015fturur.<\/p>\n","protected":false},"excerpt":{"rendered":"<p>Dekoratif ye\u015fil insan fig\u00fcr\u00fc, minimalist formu ve modern duru\u015fu ile ya\u015fam alanlar\u0131na sanatsal bir dokunu\u015f kazand\u0131r\u0131r. 8\u00d713 cm \u00f6l\u00e7\u00fcs\u00fc sayesinde masa, raf, konsol veya kitapl\u0131k \u00fczerinde rahatl\u0131kla kullan\u0131labilir. Ye\u015fil rengi ortama canl\u0131l\u0131k katarken sade tasar\u0131m\u0131 sayesinde g\u00f6z yormaz. Modern, minimalist ve cozy dekorasyon stilleriyle uyum sa\u011flayan bu fig\u00fcr, bulundu\u011fu alanda dikkat \u00e7ekici ama dengeli bir&#8230;<\/p>\n","protected":false},"featured_media":123828,"comment_status":"open","ping_status":"closed","template":"","meta":{"_kad_post_transparent":"","_kad_post_title":"","_kad_post_layout":"","_kad_post_sidebar_id":"","_kad_post_content_style":"","_kad_post_vertical_padding":"","_kad_post_feature":"","_kad_post_feature_position":"","_kad_post_header":false,"_kad_post_footer":false,"_kad_post_classname":""},"product_brand":[],"product_cat":[14940],"product_tag":[],"class_list":{"0":"post-123829","1":"product","2":"type-product","3":"status-publish","4":"has-post-thumbnail","6":"product_cat-dekoratif-obje-biblo-dekoratif-obje-biblo","8":"first","9":"instock","10":"purchasable","11":"product-type-simple","12":"entry","13":"content-bg","14":"loop-entry"},"_links":{"self":[{"href":"https:\/\/www.hediyepazar.com\/index.php?rest_route=\/wp\/v2\/product\/123829","targetHints":{"allow":["GET"]}}],"collection":[{"href":"https:\/\/www.hediyepazar.com\/index.php?rest_route=\/wp\/v2\/product"}],"about":[{"href":"https:\/\/www.hediyepazar.com\/index.php?rest_route=\/wp\/v2\/types\/product"}],"replies":[{"embeddable":true,"href":"https:\/\/www.hediyepazar.com\/index.php?rest_route=%2Fwp%2Fv2%2Fcomments&post=123829"}],"wp:featuredmedia":[{"embeddable":true,"href":"https:\/\/www.hediyepazar.com\/index.php?rest_route=\/wp\/v2\/media\/123828"}],"wp:attachment":[{"href":"https:\/\/www.hediyepazar.com\/index.php?rest_route=%2Fwp%2Fv2%2Fmedia&parent=123829"}],"wp:term":[{"taxonomy":"product_brand","embeddable":true,"href":"https:\/\/www.hediyepazar.com\/index.php?rest_route=%2Fwp%2Fv2%2Fproduct_brand&post=123829"},{"taxonomy":"product_cat","embeddable":true,"href":"https:\/\/www.hediyepazar.com\/index.php?rest_route=%2Fwp%2Fv2%2Fproduct_cat&post=123829"},{"taxonomy":"product_tag","embeddable":true,"href":"https:\/\/www.hediyepazar.com\/index.php?rest_route=%2Fwp%2Fv2%2Fproduct_tag&post=123829"}],"curies":[{"name":"wp","href":"https:\/\/api.w.org\/{rel}","templated":true}]}}