{"id":123835,"date":"2026-05-06T14:08:48","date_gmt":"2026-05-06T17:08:48","guid":{"rendered":"https:\/\/www.hediyepazar.com\/?product=rainbow-renkli-kedi-biblosu-dekoratif-masa-ve-raf-susu"},"modified":"2026-05-06T14:08:48","modified_gmt":"2026-05-06T17:08:48","slug":"rainbow-renkli-kedi-biblosu-dekoratif-masa-ve-raf-susu","status":"publish","type":"product","link":"https:\/\/www.hediyepazar.com\/?product=rainbow-renkli-kedi-biblosu-dekoratif-masa-ve-raf-susu","title":{"rendered":"Rainbow Renkli Kedi Biblosu Dekoratif Masa ve Raf S\u00fcs\u00fc"},"content":{"rendered":"<p>Rainbow tonlara sahip kedi fig\u00fcr\u00fc, sade formu ve \u015f\u0131k duru\u015fuyla ev dekorasyonunda \u00f6ne \u00e7\u0131kar. Koyu renk ge\u00e7i\u015fleri sayesinde hem ayd\u0131nl\u0131k hem de lo\u015f ortamlarda estetik bir duru\u015f sergiler. Masa \u00fcst\u00fc, kitapl\u0131k raf\u0131 veya vitrin alanlar\u0131nda tek ba\u015f\u0131na kullan\u0131ld\u0131\u011f\u0131nda bile g\u00fc\u00e7l\u00fc bir dekor unsuru olu\u015fturur. Modern, minimal ve \u00e7a\u011fda\u015f ya\u015fam alanlar\u0131 i\u00e7in ideal bir tamamlay\u0131c\u0131d\u0131r.<\/p>\n","protected":false},"excerpt":{"rendered":"<p>Rainbow tonlara sahip kedi fig\u00fcr\u00fc, sade formu ve \u015f\u0131k duru\u015fuyla ev dekorasyonunda \u00f6ne \u00e7\u0131kar. Koyu renk ge\u00e7i\u015fleri sayesinde hem ayd\u0131nl\u0131k hem de lo\u015f ortamlarda estetik bir duru\u015f sergiler. Masa \u00fcst\u00fc, kitapl\u0131k raf\u0131 veya vitrin alanlar\u0131nda tek ba\u015f\u0131na kullan\u0131ld\u0131\u011f\u0131nda bile g\u00fc\u00e7l\u00fc bir dekor unsuru olu\u015fturur. Modern, minimal ve \u00e7a\u011fda\u015f ya\u015fam alanlar\u0131 i\u00e7in ideal bir tamamlay\u0131c\u0131d\u0131r.<\/p>\n","protected":false},"featured_media":123834,"comment_status":"open","ping_status":"closed","template":"","meta":{"_kad_post_transparent":"","_kad_post_title":"","_kad_post_layout":"","_kad_post_sidebar_id":"","_kad_post_content_style":"","_kad_post_vertical_padding":"","_kad_post_feature":"","_kad_post_feature_position":"","_kad_post_header":false,"_kad_post_footer":false,"_kad_post_classname":""},"product_brand":[],"product_cat":[14940],"product_tag":[],"class_list":{"0":"post-123835","1":"product","2":"type-product","3":"status-publish","4":"has-post-thumbnail","6":"product_cat-dekoratif-obje-biblo-dekoratif-obje-biblo","8":"first","9":"instock","10":"purchasable","11":"product-type-simple","12":"entry","13":"content-bg","14":"loop-entry"},"_links":{"self":[{"href":"https:\/\/www.hediyepazar.com\/index.php?rest_route=\/wp\/v2\/product\/123835","targetHints":{"allow":["GET"]}}],"collection":[{"href":"https:\/\/www.hediyepazar.com\/index.php?rest_route=\/wp\/v2\/product"}],"about":[{"href":"https:\/\/www.hediyepazar.com\/index.php?rest_route=\/wp\/v2\/types\/product"}],"replies":[{"embeddable":true,"href":"https:\/\/www.hediyepazar.com\/index.php?rest_route=%2Fwp%2Fv2%2Fcomments&post=123835"}],"wp:featuredmedia":[{"embeddable":true,"href":"https:\/\/www.hediyepazar.com\/index.php?rest_route=\/wp\/v2\/media\/123834"}],"wp:attachment":[{"href":"https:\/\/www.hediyepazar.com\/index.php?rest_route=%2Fwp%2Fv2%2Fmedia&parent=123835"}],"wp:term":[{"taxonomy":"product_brand","embeddable":true,"href":"https:\/\/www.hediyepazar.com\/index.php?rest_route=%2Fwp%2Fv2%2Fproduct_brand&post=123835"},{"taxonomy":"product_cat","embeddable":true,"href":"https:\/\/www.hediyepazar.com\/index.php?rest_route=%2Fwp%2Fv2%2Fproduct_cat&post=123835"},{"taxonomy":"product_tag","embeddable":true,"href":"https:\/\/www.hediyepazar.com\/index.php?rest_route=%2Fwp%2Fv2%2Fproduct_tag&post=123835"}],"curies":[{"name":"wp","href":"https:\/\/api.w.org\/{rel}","templated":true}]}}