{"id":123845,"date":"2026-05-06T14:10:56","date_gmt":"2026-05-06T17:10:56","guid":{"rendered":"https:\/\/www.hediyepazar.com\/?product=akilli-vakumlu-kupa-masaj-cihazi-agri-giderici-ve-rahatlatici-terapi"},"modified":"2026-05-06T14:10:56","modified_gmt":"2026-05-06T17:10:56","slug":"akilli-vakumlu-kupa-masaj-cihazi-agri-giderici-ve-rahatlatici-terapi","status":"publish","type":"product","link":"https:\/\/www.hediyepazar.com\/?product=akilli-vakumlu-kupa-masaj-cihazi-agri-giderici-ve-rahatlatici-terapi","title":{"rendered":"Ak\u0131ll\u0131 Vakumlu Kupa Masaj Cihaz\u0131 A\u011fr\u0131 Giderici ve Rahatlat\u0131c\u0131 Terapi"},"content":{"rendered":"<p>Elektrikli vakumlu masaj cihaz\u0131, kas d\u00fc\u011f\u00fcmleri ve sertle\u015fmi\u015f b\u00f6lgelerde derinlemesine etki sa\u011flamak i\u00e7in tasarlanm\u0131\u015ft\u0131r. Ak\u0131ll\u0131 s\u0131cakl\u0131k kontrol sistemi, masaj s\u0131ras\u0131nda sabit \u0131s\u0131 sa\u011flayarak konforlu ve g\u00fcvenli kullan\u0131m sunar. K\u0131rm\u0131z\u0131 \u0131\u015f\u0131k fonksiyonu masaj etkisini destekler ve rahatlama hissini art\u0131r\u0131r.20 dakikal\u0131k otomatik kapanma \u00f6zelli\u011fi sayesinde a\u015f\u0131r\u0131 kullan\u0131m\u0131 \u00f6nler. \u015earj edilebilir bataryas\u0131 ile kablosuz kullan\u0131m imk\u00e2n\u0131 sunar ve tek \u015farjla uzun s\u00fcreli performans sa\u011flar. Evde, ofiste veya seyahat s\u0131ras\u0131nda rahatl\u0131kla kullan\u0131labilir.<\/p>\n","protected":false},"excerpt":{"rendered":"<p>Elektrikli vakumlu masaj cihaz\u0131, kas d\u00fc\u011f\u00fcmleri ve sertle\u015fmi\u015f b\u00f6lgelerde derinlemesine etki sa\u011flamak i\u00e7in tasarlanm\u0131\u015ft\u0131r. Ak\u0131ll\u0131 s\u0131cakl\u0131k kontrol sistemi, masaj s\u0131ras\u0131nda sabit \u0131s\u0131 sa\u011flayarak konforlu ve g\u00fcvenli kullan\u0131m sunar. K\u0131rm\u0131z\u0131 \u0131\u015f\u0131k fonksiyonu masaj etkisini destekler ve rahatlama hissini art\u0131r\u0131r.20 dakikal\u0131k otomatik kapanma \u00f6zelli\u011fi sayesinde a\u015f\u0131r\u0131 kullan\u0131m\u0131 \u00f6nler. \u015earj edilebilir bataryas\u0131 ile kablosuz kullan\u0131m imk\u00e2n\u0131 sunar ve&#8230;<\/p>\n","protected":false},"featured_media":123844,"comment_status":"open","ping_status":"closed","template":"","meta":{"_kad_post_transparent":"","_kad_post_title":"","_kad_post_layout":"","_kad_post_sidebar_id":"","_kad_post_content_style":"","_kad_post_vertical_padding":"","_kad_post_feature":"","_kad_post_feature_position":"","_kad_post_header":false,"_kad_post_footer":false,"_kad_post_classname":""},"product_brand":[],"product_cat":[14939],"product_tag":[],"class_list":{"0":"post-123845","1":"product","2":"type-product","3":"status-publish","4":"has-post-thumbnail","6":"product_cat-masaj-cihazi-masaj-cihazi","8":"first","9":"instock","10":"purchasable","11":"product-type-simple","12":"entry","13":"content-bg","14":"loop-entry"},"_links":{"self":[{"href":"https:\/\/www.hediyepazar.com\/index.php?rest_route=\/wp\/v2\/product\/123845","targetHints":{"allow":["GET"]}}],"collection":[{"href":"https:\/\/www.hediyepazar.com\/index.php?rest_route=\/wp\/v2\/product"}],"about":[{"href":"https:\/\/www.hediyepazar.com\/index.php?rest_route=\/wp\/v2\/types\/product"}],"replies":[{"embeddable":true,"href":"https:\/\/www.hediyepazar.com\/index.php?rest_route=%2Fwp%2Fv2%2Fcomments&post=123845"}],"wp:featuredmedia":[{"embeddable":true,"href":"https:\/\/www.hediyepazar.com\/index.php?rest_route=\/wp\/v2\/media\/123844"}],"wp:attachment":[{"href":"https:\/\/www.hediyepazar.com\/index.php?rest_route=%2Fwp%2Fv2%2Fmedia&parent=123845"}],"wp:term":[{"taxonomy":"product_brand","embeddable":true,"href":"https:\/\/www.hediyepazar.com\/index.php?rest_route=%2Fwp%2Fv2%2Fproduct_brand&post=123845"},{"taxonomy":"product_cat","embeddable":true,"href":"https:\/\/www.hediyepazar.com\/index.php?rest_route=%2Fwp%2Fv2%2Fproduct_cat&post=123845"},{"taxonomy":"product_tag","embeddable":true,"href":"https:\/\/www.hediyepazar.com\/index.php?rest_route=%2Fwp%2Fv2%2Fproduct_tag&post=123845"}],"curies":[{"name":"wp","href":"https:\/\/api.w.org\/{rel}","templated":true}]}}