{"id":123851,"date":"2026-05-06T14:11:12","date_gmt":"2026-05-06T17:11:12","guid":{"rendered":"https:\/\/www.hediyepazar.com\/?product=tasinabilir-elektrikli-kafa-masaj-cihazi-sessiz-motor-ve-ergonomik-tasarim"},"modified":"2026-05-06T14:11:12","modified_gmt":"2026-05-06T17:11:12","slug":"tasinabilir-elektrikli-kafa-masaj-cihazi-sessiz-motor-ve-ergonomik-tasarim","status":"publish","type":"product","link":"https:\/\/www.hediyepazar.com\/?product=tasinabilir-elektrikli-kafa-masaj-cihazi-sessiz-motor-ve-ergonomik-tasarim","title":{"rendered":"Ta\u015f\u0131nabilir Elektrikli Kafa Masaj Cihaz\u0131 Sessiz Motor ve Ergonomik Tasar\u0131m"},"content":{"rendered":"<p>Elektrikli kafa masaj cihaz\u0131, yo\u011fun ge\u00e7en g\u00fcnlerin ard\u0131ndan rahatlamak isteyen herkes i\u00e7in pratik bir \u00e7\u00f6z\u00fcmd\u00fcr. Kompakt ve hafif yap\u0131s\u0131 sayesinde \u00e7antada ta\u015f\u0131nabilir ve istenilen her yerde kullan\u0131labilir. Evde dinlenirken, ofiste mola s\u0131ras\u0131nda veya seyahatlerde rahatl\u0131kla kullan\u0131labilir.Masaj s\u0131ras\u0131nda uygulanan yumu\u015fak bask\u0131, v\u00fccudun genelinde gev\u015feme hissi yarat\u0131r ve zihinsel rahatlamaya katk\u0131 sa\u011flar. D\u00fczenli kullan\u0131mda stresin azalmas\u0131na ve kendinizi daha din\u00e7 hissetmenize yard\u0131mc\u0131 olur.<\/p>\n","protected":false},"excerpt":{"rendered":"<p>Elektrikli kafa masaj cihaz\u0131, yo\u011fun ge\u00e7en g\u00fcnlerin ard\u0131ndan rahatlamak isteyen herkes i\u00e7in pratik bir \u00e7\u00f6z\u00fcmd\u00fcr. Kompakt ve hafif yap\u0131s\u0131 sayesinde \u00e7antada ta\u015f\u0131nabilir ve istenilen her yerde kullan\u0131labilir. Evde dinlenirken, ofiste mola s\u0131ras\u0131nda veya seyahatlerde rahatl\u0131kla kullan\u0131labilir.Masaj s\u0131ras\u0131nda uygulanan yumu\u015fak bask\u0131, v\u00fccudun genelinde gev\u015feme hissi yarat\u0131r ve zihinsel rahatlamaya katk\u0131 sa\u011flar. D\u00fczenli kullan\u0131mda stresin azalmas\u0131na ve&#8230;<\/p>\n","protected":false},"featured_media":123850,"comment_status":"open","ping_status":"closed","template":"","meta":{"_kad_post_transparent":"","_kad_post_title":"","_kad_post_layout":"","_kad_post_sidebar_id":"","_kad_post_content_style":"","_kad_post_vertical_padding":"","_kad_post_feature":"","_kad_post_feature_position":"","_kad_post_header":false,"_kad_post_footer":false,"_kad_post_classname":""},"product_brand":[],"product_cat":[14939],"product_tag":[],"class_list":{"0":"post-123851","1":"product","2":"type-product","3":"status-publish","4":"has-post-thumbnail","6":"product_cat-masaj-cihazi-masaj-cihazi","8":"first","9":"instock","10":"purchasable","11":"product-type-simple","12":"entry","13":"content-bg","14":"loop-entry"},"_links":{"self":[{"href":"https:\/\/www.hediyepazar.com\/index.php?rest_route=\/wp\/v2\/product\/123851","targetHints":{"allow":["GET"]}}],"collection":[{"href":"https:\/\/www.hediyepazar.com\/index.php?rest_route=\/wp\/v2\/product"}],"about":[{"href":"https:\/\/www.hediyepazar.com\/index.php?rest_route=\/wp\/v2\/types\/product"}],"replies":[{"embeddable":true,"href":"https:\/\/www.hediyepazar.com\/index.php?rest_route=%2Fwp%2Fv2%2Fcomments&post=123851"}],"wp:featuredmedia":[{"embeddable":true,"href":"https:\/\/www.hediyepazar.com\/index.php?rest_route=\/wp\/v2\/media\/123850"}],"wp:attachment":[{"href":"https:\/\/www.hediyepazar.com\/index.php?rest_route=%2Fwp%2Fv2%2Fmedia&parent=123851"}],"wp:term":[{"taxonomy":"product_brand","embeddable":true,"href":"https:\/\/www.hediyepazar.com\/index.php?rest_route=%2Fwp%2Fv2%2Fproduct_brand&post=123851"},{"taxonomy":"product_cat","embeddable":true,"href":"https:\/\/www.hediyepazar.com\/index.php?rest_route=%2Fwp%2Fv2%2Fproduct_cat&post=123851"},{"taxonomy":"product_tag","embeddable":true,"href":"https:\/\/www.hediyepazar.com\/index.php?rest_route=%2Fwp%2Fv2%2Fproduct_tag&post=123851"}],"curies":[{"name":"wp","href":"https:\/\/api.w.org\/{rel}","templated":true}]}}