{"id":123855,"date":"2026-05-06T14:12:03","date_gmt":"2026-05-06T17:12:03","guid":{"rendered":"https:\/\/www.hediyepazar.com\/?product=kablosuz-kafa-ve-boyun-masaj-aleti-akilli-kapanmali-derin-rahatlama"},"modified":"2026-05-06T14:12:03","modified_gmt":"2026-05-06T17:12:03","slug":"kablosuz-kafa-ve-boyun-masaj-aleti-akilli-kapanmali-derin-rahatlama","status":"publish","type":"product","link":"https:\/\/www.hediyepazar.com\/?product=kablosuz-kafa-ve-boyun-masaj-aleti-akilli-kapanmali-derin-rahatlama","title":{"rendered":"Kablosuz Kafa ve Boyun Masaj Aleti Ak\u0131ll\u0131 Kapanmal\u0131 Derin Rahatlama"},"content":{"rendered":"<p>G\u00fcn boyu zihinsel yorgunluk ya\u015fayanlar i\u00e7in ideal olan bu kafa masaj aleti, sadece ba\u015f b\u00f6lgesini de\u011fil ayn\u0131 zamanda boyun ve ense \u00e7evresini de rahatlatmaya yard\u0131mc\u0131 olur. \u015eekillendirilmi\u015f esnek masaj u\u00e7lar\u0131, kafa derisi \u00fczerinde yumu\u015fak ve ritmik hareketler yaparak canland\u0131r\u0131c\u0131 bir etki sunar.10 dakika sonra otomatik kapanma \u00f6zelli\u011fi, g\u00fcvenli kullan\u0131m sa\u011flarken a\u015f\u0131r\u0131 \u00e7al\u0131\u015fmay\u0131 \u00f6nler. USB-C \u015farj sistemi sayesinde powerbank, adapt\u00f6r veya bilgisayar \u00fczerinden kolayca \u015farj edilebilir.<\/p>\n","protected":false},"excerpt":{"rendered":"<p>G\u00fcn boyu zihinsel yorgunluk ya\u015fayanlar i\u00e7in ideal olan bu kafa masaj aleti, sadece ba\u015f b\u00f6lgesini de\u011fil ayn\u0131 zamanda boyun ve ense \u00e7evresini de rahatlatmaya yard\u0131mc\u0131 olur. \u015eekillendirilmi\u015f esnek masaj u\u00e7lar\u0131, kafa derisi \u00fczerinde yumu\u015fak ve ritmik hareketler yaparak canland\u0131r\u0131c\u0131 bir etki sunar.10 dakika sonra otomatik kapanma \u00f6zelli\u011fi, g\u00fcvenli kullan\u0131m sa\u011flarken a\u015f\u0131r\u0131 \u00e7al\u0131\u015fmay\u0131 \u00f6nler. USB-C \u015farj&#8230;<\/p>\n","protected":false},"featured_media":123854,"comment_status":"open","ping_status":"closed","template":"","meta":{"_kad_post_transparent":"","_kad_post_title":"","_kad_post_layout":"","_kad_post_sidebar_id":"","_kad_post_content_style":"","_kad_post_vertical_padding":"","_kad_post_feature":"","_kad_post_feature_position":"","_kad_post_header":false,"_kad_post_footer":false,"_kad_post_classname":""},"product_brand":[],"product_cat":[14939],"product_tag":[],"class_list":{"0":"post-123855","1":"product","2":"type-product","3":"status-publish","4":"has-post-thumbnail","6":"product_cat-masaj-cihazi-masaj-cihazi","8":"first","9":"instock","10":"purchasable","11":"product-type-simple","12":"entry","13":"content-bg","14":"loop-entry"},"_links":{"self":[{"href":"https:\/\/www.hediyepazar.com\/index.php?rest_route=\/wp\/v2\/product\/123855","targetHints":{"allow":["GET"]}}],"collection":[{"href":"https:\/\/www.hediyepazar.com\/index.php?rest_route=\/wp\/v2\/product"}],"about":[{"href":"https:\/\/www.hediyepazar.com\/index.php?rest_route=\/wp\/v2\/types\/product"}],"replies":[{"embeddable":true,"href":"https:\/\/www.hediyepazar.com\/index.php?rest_route=%2Fwp%2Fv2%2Fcomments&post=123855"}],"wp:featuredmedia":[{"embeddable":true,"href":"https:\/\/www.hediyepazar.com\/index.php?rest_route=\/wp\/v2\/media\/123854"}],"wp:attachment":[{"href":"https:\/\/www.hediyepazar.com\/index.php?rest_route=%2Fwp%2Fv2%2Fmedia&parent=123855"}],"wp:term":[{"taxonomy":"product_brand","embeddable":true,"href":"https:\/\/www.hediyepazar.com\/index.php?rest_route=%2Fwp%2Fv2%2Fproduct_brand&post=123855"},{"taxonomy":"product_cat","embeddable":true,"href":"https:\/\/www.hediyepazar.com\/index.php?rest_route=%2Fwp%2Fv2%2Fproduct_cat&post=123855"},{"taxonomy":"product_tag","embeddable":true,"href":"https:\/\/www.hediyepazar.com\/index.php?rest_route=%2Fwp%2Fv2%2Fproduct_tag&post=123855"}],"curies":[{"name":"wp","href":"https:\/\/api.w.org\/{rel}","templated":true}]}}