{"id":123871,"date":"2026-05-06T14:16:04","date_gmt":"2026-05-06T17:16:04","guid":{"rendered":"https:\/\/www.hediyepazar.com\/?product=akilli-uyku-lambasi-gundogumu-alarmi-kablosuz-sarj-ve-muzik-calar"},"modified":"2026-05-06T14:16:04","modified_gmt":"2026-05-06T17:16:04","slug":"akilli-uyku-lambasi-gundogumu-alarmi-kablosuz-sarj-ve-muzik-calar","status":"publish","type":"product","link":"https:\/\/www.hediyepazar.com\/?product=akilli-uyku-lambasi-gundogumu-alarmi-kablosuz-sarj-ve-muzik-calar","title":{"rendered":"Ak\u0131ll\u0131 Uyku Lambas\u0131 G\u00fcndo\u011fumu Alarm\u0131 Kablosuz \u015earj ve M\u00fczik \u00c7alar"},"content":{"rendered":"<p>Ak\u0131ll\u0131 uyand\u0131rma ve ayd\u0131nlatma \u00f6zellikleriyle \u00f6ne \u00e7\u0131kan bu \u00fcr\u00fcn, g\u00fcnl\u00fck rutininizi daha konforlu hale getirir. Uygulama deste\u011fi sayesinde alarm sesi, \u0131\u015f\u0131k rengi, parlakl\u0131k ve ses seviyesi ki\u015fisel tercihlere g\u00f6re ayarlanabilir. Erteleme alarm\u0131, v\u00fccudun daha yumu\u015fak \u015fekilde uyanmas\u0131na yard\u0131mc\u0131 olur.RGB \u0131\u015f\u0131k sistemi ile tek renkli, \u00e7ok renkli ve ge\u00e7i\u015fli efektler sunar. I\u015f\u0131k seviyesi yava\u015f\u00e7a art\u0131r\u0131l\u0131p azalt\u0131labilir, b\u00f6ylece g\u00f6z kama\u015ft\u0131rmadan ideal ayd\u0131nlatma sa\u011flan\u0131r. Hem uyku hem \u00e7al\u0131\u015fma ortamlar\u0131 i\u00e7in uygundur.<\/p>\n","protected":false},"excerpt":{"rendered":"<p>Ak\u0131ll\u0131 uyand\u0131rma ve ayd\u0131nlatma \u00f6zellikleriyle \u00f6ne \u00e7\u0131kan bu \u00fcr\u00fcn, g\u00fcnl\u00fck rutininizi daha konforlu hale getirir. Uygulama deste\u011fi sayesinde alarm sesi, \u0131\u015f\u0131k rengi, parlakl\u0131k ve ses seviyesi ki\u015fisel tercihlere g\u00f6re ayarlanabilir. Erteleme alarm\u0131, v\u00fccudun daha yumu\u015fak \u015fekilde uyanmas\u0131na yard\u0131mc\u0131 olur.RGB \u0131\u015f\u0131k sistemi ile tek renkli, \u00e7ok renkli ve ge\u00e7i\u015fli efektler sunar. I\u015f\u0131k seviyesi yava\u015f\u00e7a art\u0131r\u0131l\u0131p azalt\u0131labilir,&#8230;<\/p>\n","protected":false},"featured_media":123870,"comment_status":"open","ping_status":"closed","template":"","meta":{"_kad_post_transparent":"","_kad_post_title":"","_kad_post_layout":"","_kad_post_sidebar_id":"","_kad_post_content_style":"","_kad_post_vertical_padding":"","_kad_post_feature":"","_kad_post_feature_position":"","_kad_post_header":false,"_kad_post_footer":false,"_kad_post_classname":""},"product_brand":[],"product_cat":[14911],"product_tag":[],"class_list":{"0":"post-123871","1":"product","2":"type-product","3":"status-publish","4":"has-post-thumbnail","6":"product_cat-kablosuz-hoparlor-kablosuz-hoparlor","8":"first","9":"instock","10":"purchasable","11":"product-type-simple","12":"entry","13":"content-bg","14":"loop-entry"},"_links":{"self":[{"href":"https:\/\/www.hediyepazar.com\/index.php?rest_route=\/wp\/v2\/product\/123871","targetHints":{"allow":["GET"]}}],"collection":[{"href":"https:\/\/www.hediyepazar.com\/index.php?rest_route=\/wp\/v2\/product"}],"about":[{"href":"https:\/\/www.hediyepazar.com\/index.php?rest_route=\/wp\/v2\/types\/product"}],"replies":[{"embeddable":true,"href":"https:\/\/www.hediyepazar.com\/index.php?rest_route=%2Fwp%2Fv2%2Fcomments&post=123871"}],"wp:featuredmedia":[{"embeddable":true,"href":"https:\/\/www.hediyepazar.com\/index.php?rest_route=\/wp\/v2\/media\/123870"}],"wp:attachment":[{"href":"https:\/\/www.hediyepazar.com\/index.php?rest_route=%2Fwp%2Fv2%2Fmedia&parent=123871"}],"wp:term":[{"taxonomy":"product_brand","embeddable":true,"href":"https:\/\/www.hediyepazar.com\/index.php?rest_route=%2Fwp%2Fv2%2Fproduct_brand&post=123871"},{"taxonomy":"product_cat","embeddable":true,"href":"https:\/\/www.hediyepazar.com\/index.php?rest_route=%2Fwp%2Fv2%2Fproduct_cat&post=123871"},{"taxonomy":"product_tag","embeddable":true,"href":"https:\/\/www.hediyepazar.com\/index.php?rest_route=%2Fwp%2Fv2%2Fproduct_tag&post=123871"}],"curies":[{"name":"wp","href":"https:\/\/api.w.org\/{rel}","templated":true}]}}