{"id":123873,"date":"2026-05-06T14:16:10","date_gmt":"2026-05-06T17:16:10","guid":{"rendered":"https:\/\/www.hediyepazar.com\/?product=bluetooth-hoparlorlu-rgb-atmosfer-lambasi-kablosuz-sarj-ve-saat-ozellikli"},"modified":"2026-05-06T14:16:10","modified_gmt":"2026-05-06T17:16:10","slug":"bluetooth-hoparlorlu-rgb-atmosfer-lambasi-kablosuz-sarj-ve-saat-ozellikli","status":"publish","type":"product","link":"https:\/\/www.hediyepazar.com\/?product=bluetooth-hoparlorlu-rgb-atmosfer-lambasi-kablosuz-sarj-ve-saat-ozellikli","title":{"rendered":"Bluetooth Hoparl\u00f6rl\u00fc RGB Atmosfer Lambas\u0131 Kablosuz \u015earj ve Saat \u00d6zellikli"},"content":{"rendered":"<p>Bu \u00e7ok ama\u00e7l\u0131 atmosfer lambas\u0131, ya\u015fam alanlar\u0131n\u0131za hem teknoloji hem de \u015f\u0131kl\u0131k katar. Bluetooth hoparl\u00f6r \u00f6zelli\u011fi sayesinde telefonunuza ba\u011flanarak m\u00fczik, podcast veya meditasyon seslerini dinleyebilirsiniz. Kablosuz \u015farj \u00f6zelli\u011fi ile telefonunuzu masan\u0131zdan kald\u0131rmadan pratik \u015fekilde \u015farj edebilirsiniz.G\u00fcndo\u011fumu alarm fonksiyonu, \u0131\u015f\u0131\u011f\u0131n yava\u015f yava\u015f artmas\u0131n\u0131 sa\u011flayarak do\u011fal ve huzurlu bir uyanma deneyimi sunar. Ani seslerle uyanmak istemeyenler i\u00e7in ideal bir \u00e7\u00f6z\u00fcmd\u00fcr. Uyku \u00f6ncesi lo\u015f \u0131\u015f\u0131k ve m\u00fczik kombinasyonu ile rahatlat\u0131c\u0131 bir ortam olu\u015fturur.<\/p>\n","protected":false},"excerpt":{"rendered":"<p>Bu \u00e7ok ama\u00e7l\u0131 atmosfer lambas\u0131, ya\u015fam alanlar\u0131n\u0131za hem teknoloji hem de \u015f\u0131kl\u0131k katar. Bluetooth hoparl\u00f6r \u00f6zelli\u011fi sayesinde telefonunuza ba\u011flanarak m\u00fczik, podcast veya meditasyon seslerini dinleyebilirsiniz. Kablosuz \u015farj \u00f6zelli\u011fi ile telefonunuzu masan\u0131zdan kald\u0131rmadan pratik \u015fekilde \u015farj edebilirsiniz.G\u00fcndo\u011fumu alarm fonksiyonu, \u0131\u015f\u0131\u011f\u0131n yava\u015f yava\u015f artmas\u0131n\u0131 sa\u011flayarak do\u011fal ve huzurlu bir uyanma deneyimi sunar. Ani seslerle uyanmak istemeyenler i\u00e7in&#8230;<\/p>\n","protected":false},"featured_media":123872,"comment_status":"open","ping_status":"closed","template":"","meta":{"_kad_post_transparent":"","_kad_post_title":"","_kad_post_layout":"","_kad_post_sidebar_id":"","_kad_post_content_style":"","_kad_post_vertical_padding":"","_kad_post_feature":"","_kad_post_feature_position":"","_kad_post_header":false,"_kad_post_footer":false,"_kad_post_classname":""},"product_brand":[],"product_cat":[14911],"product_tag":[],"class_list":{"0":"post-123873","1":"product","2":"type-product","3":"status-publish","4":"has-post-thumbnail","6":"product_cat-kablosuz-hoparlor-kablosuz-hoparlor","8":"first","9":"instock","10":"purchasable","11":"product-type-simple","12":"entry","13":"content-bg","14":"loop-entry"},"_links":{"self":[{"href":"https:\/\/www.hediyepazar.com\/index.php?rest_route=\/wp\/v2\/product\/123873","targetHints":{"allow":["GET"]}}],"collection":[{"href":"https:\/\/www.hediyepazar.com\/index.php?rest_route=\/wp\/v2\/product"}],"about":[{"href":"https:\/\/www.hediyepazar.com\/index.php?rest_route=\/wp\/v2\/types\/product"}],"replies":[{"embeddable":true,"href":"https:\/\/www.hediyepazar.com\/index.php?rest_route=%2Fwp%2Fv2%2Fcomments&post=123873"}],"wp:featuredmedia":[{"embeddable":true,"href":"https:\/\/www.hediyepazar.com\/index.php?rest_route=\/wp\/v2\/media\/123872"}],"wp:attachment":[{"href":"https:\/\/www.hediyepazar.com\/index.php?rest_route=%2Fwp%2Fv2%2Fmedia&parent=123873"}],"wp:term":[{"taxonomy":"product_brand","embeddable":true,"href":"https:\/\/www.hediyepazar.com\/index.php?rest_route=%2Fwp%2Fv2%2Fproduct_brand&post=123873"},{"taxonomy":"product_cat","embeddable":true,"href":"https:\/\/www.hediyepazar.com\/index.php?rest_route=%2Fwp%2Fv2%2Fproduct_cat&post=123873"},{"taxonomy":"product_tag","embeddable":true,"href":"https:\/\/www.hediyepazar.com\/index.php?rest_route=%2Fwp%2Fv2%2Fproduct_tag&post=123873"}],"curies":[{"name":"wp","href":"https:\/\/api.w.org\/{rel}","templated":true}]}}