{"id":123875,"date":"2026-05-06T14:16:17","date_gmt":"2026-05-06T17:16:17","guid":{"rendered":"https:\/\/www.hediyepazar.com\/?product=15w-hizli-kablosuz-sarj-destekli-cok-fonksiyonlu-akilli-masa-lambasi"},"modified":"2026-05-06T14:16:17","modified_gmt":"2026-05-06T17:16:17","slug":"15w-hizli-kablosuz-sarj-destekli-cok-fonksiyonlu-akilli-masa-lambasi","status":"publish","type":"product","link":"https:\/\/www.hediyepazar.com\/?product=15w-hizli-kablosuz-sarj-destekli-cok-fonksiyonlu-akilli-masa-lambasi","title":{"rendered":"15W H\u0131zl\u0131 Kablosuz \u015earj Destekli \u00c7ok Fonksiyonlu Ak\u0131ll\u0131 Masa Lambas\u0131"},"content":{"rendered":"<p>Tek bir \u00fcr\u00fcnle birden fazla ihtiyaca \u00e7\u00f6z\u00fcm sunan bu ak\u0131ll\u0131 masa lambas\u0131, hem i\u015flevsellik hem de estetik arayanlar i\u00e7in tasarlanm\u0131\u015ft\u0131r. 15W kablosuz h\u0131zl\u0131 \u015farj deste\u011fi sayesinde telefonunuzu \u015farj ederken ayn\u0131 anda ayd\u0131nlatma ve m\u00fczik keyfi ya\u015fayabilirsiniz.RGB ayd\u0131nlatma sistemi ile 10 haz\u0131r \u0131\u015f\u0131k modu ve uygulama \u00fczerinden kontrol edilebilen 16 milyon renk se\u00e7ene\u011fi sunar. I\u015f\u0131k parlakl\u0131\u011f\u0131 kademesiz olarak ayarlanabilir ve her ortama uyum sa\u011flar. \u00d6zellikle gece kullan\u0131m\u0131 i\u00e7in g\u00f6z yormayan yumu\u015fak \u0131\u015f\u0131k modlar\u0131 bulunur.<\/p>\n","protected":false},"excerpt":{"rendered":"<p>Tek bir \u00fcr\u00fcnle birden fazla ihtiyaca \u00e7\u00f6z\u00fcm sunan bu ak\u0131ll\u0131 masa lambas\u0131, hem i\u015flevsellik hem de estetik arayanlar i\u00e7in tasarlanm\u0131\u015ft\u0131r. 15W kablosuz h\u0131zl\u0131 \u015farj deste\u011fi sayesinde telefonunuzu \u015farj ederken ayn\u0131 anda ayd\u0131nlatma ve m\u00fczik keyfi ya\u015fayabilirsiniz.RGB ayd\u0131nlatma sistemi ile 10 haz\u0131r \u0131\u015f\u0131k modu ve uygulama \u00fczerinden kontrol edilebilen 16 milyon renk se\u00e7ene\u011fi sunar. I\u015f\u0131k parlakl\u0131\u011f\u0131&#8230;<\/p>\n","protected":false},"featured_media":123874,"comment_status":"open","ping_status":"closed","template":"","meta":{"_kad_post_transparent":"","_kad_post_title":"","_kad_post_layout":"","_kad_post_sidebar_id":"","_kad_post_content_style":"","_kad_post_vertical_padding":"","_kad_post_feature":"","_kad_post_feature_position":"","_kad_post_header":false,"_kad_post_footer":false,"_kad_post_classname":""},"product_brand":[],"product_cat":[14911],"product_tag":[],"class_list":{"0":"post-123875","1":"product","2":"type-product","3":"status-publish","4":"has-post-thumbnail","6":"product_cat-kablosuz-hoparlor-kablosuz-hoparlor","8":"first","9":"instock","10":"purchasable","11":"product-type-simple","12":"entry","13":"content-bg","14":"loop-entry"},"_links":{"self":[{"href":"https:\/\/www.hediyepazar.com\/index.php?rest_route=\/wp\/v2\/product\/123875","targetHints":{"allow":["GET"]}}],"collection":[{"href":"https:\/\/www.hediyepazar.com\/index.php?rest_route=\/wp\/v2\/product"}],"about":[{"href":"https:\/\/www.hediyepazar.com\/index.php?rest_route=\/wp\/v2\/types\/product"}],"replies":[{"embeddable":true,"href":"https:\/\/www.hediyepazar.com\/index.php?rest_route=%2Fwp%2Fv2%2Fcomments&post=123875"}],"wp:featuredmedia":[{"embeddable":true,"href":"https:\/\/www.hediyepazar.com\/index.php?rest_route=\/wp\/v2\/media\/123874"}],"wp:attachment":[{"href":"https:\/\/www.hediyepazar.com\/index.php?rest_route=%2Fwp%2Fv2%2Fmedia&parent=123875"}],"wp:term":[{"taxonomy":"product_brand","embeddable":true,"href":"https:\/\/www.hediyepazar.com\/index.php?rest_route=%2Fwp%2Fv2%2Fproduct_brand&post=123875"},{"taxonomy":"product_cat","embeddable":true,"href":"https:\/\/www.hediyepazar.com\/index.php?rest_route=%2Fwp%2Fv2%2Fproduct_cat&post=123875"},{"taxonomy":"product_tag","embeddable":true,"href":"https:\/\/www.hediyepazar.com\/index.php?rest_route=%2Fwp%2Fv2%2Fproduct_tag&post=123875"}],"curies":[{"name":"wp","href":"https:\/\/api.w.org\/{rel}","templated":true}]}}