{"id":123885,"date":"2026-05-06T14:19:03","date_gmt":"2026-05-06T17:19:03","guid":{"rendered":"https:\/\/www.hediyepazar.com\/?product=profesyonel-gunluk-video-ve-vlog-cekimleri-icin-kompakt-tasinabilir-kamera"},"modified":"2026-05-06T14:19:03","modified_gmt":"2026-05-06T17:19:03","slug":"profesyonel-gunluk-video-ve-vlog-cekimleri-icin-kompakt-tasinabilir-kamera","status":"publish","type":"product","link":"https:\/\/www.hediyepazar.com\/?product=profesyonel-gunluk-video-ve-vlog-cekimleri-icin-kompakt-tasinabilir-kamera","title":{"rendered":"Profesyonel G\u00fcnl\u00fck Video ve Vlog \u00c7ekimleri \u0130\u00e7in Kompakt Ta\u015f\u0131nabilir Kamera"},"content":{"rendered":"<p>Bu mini kamera, g\u00fcnl\u00fck video \u00e7ekimleri ve vlog i\u00e7erikleri i\u00e7in kullan\u0131c\u0131ya \u00f6zg\u00fcrl\u00fck sunar. K\u00fc\u00e7\u00fck boyutu sayesinde her an yan\u0131n\u0131zda ta\u015f\u0131yabilir, an\u0131 ka\u00e7\u0131rmadan \u00e7ekim yapabilirsiniz. B\u00fcy\u00fck ekipmanlar\u0131n yaratt\u0131\u011f\u0131 y\u00fck ve karma\u015fay\u0131 ortadan kald\u0131r\u0131r.Sade ve anla\u015f\u0131l\u0131r kullan\u0131m\u0131 sayesinde herkes rahatl\u0131kla kullanabilir. G\u00fcnl\u00fck vlog \u00e7ekenler i\u00e7in teknik detaylarla u\u011fra\u015fmadan i\u00e7erik \u00fcretme imk\u00e2n\u0131 sunar. A\u00e7\u0131k alanlarda, kapal\u0131 mek\u00e2nlarda veya hareket halindeyken rahatl\u0131kla kullan\u0131labilir.Seyahat vloglar\u0131, g\u00fcnl\u00fck ya\u015fam videolar\u0131 ve sosyal medya i\u00e7erikleri i\u00e7in idealdir. Hafif yap\u0131s\u0131 sayesinde uzun s\u00fcre elde ta\u015f\u0131maya uygundur. Pratik tasar\u0131m\u0131 ile her ortamda \u00e7ekim yapman\u0131za olanak tan\u0131r.Do\u011fal g\u00f6r\u00fcnt\u00fcler elde etmek isteyen kullan\u0131c\u0131lar i\u00e7in dikkat \u00e7ekmeyen yap\u0131s\u0131 b\u00fcy\u00fck avantaj sa\u011flar. G\u00fcnl\u00fck hayat\u0131n ak\u0131\u015f\u0131n\u0131 bozmadan video kayd\u0131 yapabilirsiniz. Bu da vlog i\u00e7eriklerinde samimi bir etki yarat\u0131r.Kompakt ve ta\u015f\u0131nabilir bir kamera arayan herkes i\u00e7in uygun bir tercihtir. G\u00fcnl\u00fck an\u0131lar\u0131n\u0131z\u0131 kay\u0131t alt\u0131na al\u0131rken pratiklikten \u00f6d\u00fcn vermez.<\/p>\n","protected":false},"excerpt":{"rendered":"<p>Bu mini kamera, g\u00fcnl\u00fck video \u00e7ekimleri ve vlog i\u00e7erikleri i\u00e7in kullan\u0131c\u0131ya \u00f6zg\u00fcrl\u00fck sunar. K\u00fc\u00e7\u00fck boyutu sayesinde her an yan\u0131n\u0131zda ta\u015f\u0131yabilir, an\u0131 ka\u00e7\u0131rmadan \u00e7ekim yapabilirsiniz. B\u00fcy\u00fck ekipmanlar\u0131n yaratt\u0131\u011f\u0131 y\u00fck ve karma\u015fay\u0131 ortadan kald\u0131r\u0131r.Sade ve anla\u015f\u0131l\u0131r kullan\u0131m\u0131 sayesinde herkes rahatl\u0131kla kullanabilir. G\u00fcnl\u00fck vlog \u00e7ekenler i\u00e7in teknik detaylarla u\u011fra\u015fmadan i\u00e7erik \u00fcretme imk\u00e2n\u0131 sunar. A\u00e7\u0131k alanlarda, kapal\u0131 mek\u00e2nlarda veya&#8230;<\/p>\n","protected":false},"featured_media":123884,"comment_status":"open","ping_status":"closed","template":"","meta":{"_kad_post_transparent":"","_kad_post_title":"","_kad_post_layout":"","_kad_post_sidebar_id":"","_kad_post_content_style":"","_kad_post_vertical_padding":"","_kad_post_feature":"","_kad_post_feature_position":"","_kad_post_header":false,"_kad_post_footer":false,"_kad_post_classname":""},"product_brand":[],"product_cat":[14927],"product_tag":[],"class_list":{"0":"post-123885","1":"product","2":"type-product","3":"status-publish","4":"has-post-thumbnail","6":"product_cat-akilli-kamera-akilli-kamera","8":"first","9":"instock","10":"purchasable","11":"product-type-simple","12":"entry","13":"content-bg","14":"loop-entry"},"_links":{"self":[{"href":"https:\/\/www.hediyepazar.com\/index.php?rest_route=\/wp\/v2\/product\/123885","targetHints":{"allow":["GET"]}}],"collection":[{"href":"https:\/\/www.hediyepazar.com\/index.php?rest_route=\/wp\/v2\/product"}],"about":[{"href":"https:\/\/www.hediyepazar.com\/index.php?rest_route=\/wp\/v2\/types\/product"}],"replies":[{"embeddable":true,"href":"https:\/\/www.hediyepazar.com\/index.php?rest_route=%2Fwp%2Fv2%2Fcomments&post=123885"}],"wp:featuredmedia":[{"embeddable":true,"href":"https:\/\/www.hediyepazar.com\/index.php?rest_route=\/wp\/v2\/media\/123884"}],"wp:attachment":[{"href":"https:\/\/www.hediyepazar.com\/index.php?rest_route=%2Fwp%2Fv2%2Fmedia&parent=123885"}],"wp:term":[{"taxonomy":"product_brand","embeddable":true,"href":"https:\/\/www.hediyepazar.com\/index.php?rest_route=%2Fwp%2Fv2%2Fproduct_brand&post=123885"},{"taxonomy":"product_cat","embeddable":true,"href":"https:\/\/www.hediyepazar.com\/index.php?rest_route=%2Fwp%2Fv2%2Fproduct_cat&post=123885"},{"taxonomy":"product_tag","embeddable":true,"href":"https:\/\/www.hediyepazar.com\/index.php?rest_route=%2Fwp%2Fv2%2Fproduct_tag&post=123885"}],"curies":[{"name":"wp","href":"https:\/\/api.w.org\/{rel}","templated":true}]}}