{"id":123895,"date":"2026-05-06T14:21:16","date_gmt":"2026-05-06T17:21:16","guid":{"rendered":"https:\/\/www.hediyepazar.com\/?product=s7-ultra-akilli-saat-2"},"modified":"2026-05-06T14:21:16","modified_gmt":"2026-05-06T17:21:16","slug":"s7-ultra-akilli-saat-2","status":"publish","type":"product","link":"https:\/\/www.hediyepazar.com\/?product=s7-ultra-akilli-saat-2","title":{"rendered":"S7 ULTRA AKILLI SAAT"},"content":{"rendered":"<p>Bu ak\u0131ll\u0131 saat, estetik tasar\u0131m\u0131 ve zengin fonksiyonlar\u0131yla teknoloji tutkunlar\u0131 i\u00e7in ideal bir tercihtir. IPS ekran\u0131, kablosuz \u015farj \u00f6zelli\u011fi ve \u00e7oklu spor modlar\u0131 ile donat\u0131lm\u0131\u015ft\u0131r.Sesli asistan uyumlulu\u011fu, g\u00fcnl\u00fck i\u015fleri h\u0131zland\u0131r\u0131r. De\u011fi\u015ftirilebilir kordon yap\u0131s\u0131 ile ki\u015fisel stilinizi yans\u0131tman\u0131z\u0131 sa\u011flar. IP67 suya dayan\u0131kl\u0131l\u0131\u011f\u0131 g\u00fcnl\u00fck kullan\u0131mda g\u00fcven verir.<\/p>\n","protected":false},"excerpt":{"rendered":"<p>Bu ak\u0131ll\u0131 saat, estetik tasar\u0131m\u0131 ve zengin fonksiyonlar\u0131yla teknoloji tutkunlar\u0131 i\u00e7in ideal bir tercihtir. IPS ekran\u0131, kablosuz \u015farj \u00f6zelli\u011fi ve \u00e7oklu spor modlar\u0131 ile donat\u0131lm\u0131\u015ft\u0131r.Sesli asistan uyumlulu\u011fu, g\u00fcnl\u00fck i\u015fleri h\u0131zland\u0131r\u0131r. De\u011fi\u015ftirilebilir kordon yap\u0131s\u0131 ile ki\u015fisel stilinizi yans\u0131tman\u0131z\u0131 sa\u011flar. IP67 suya dayan\u0131kl\u0131l\u0131\u011f\u0131 g\u00fcnl\u00fck kullan\u0131mda g\u00fcven verir.<\/p>\n","protected":false},"featured_media":123894,"comment_status":"open","ping_status":"closed","template":"","meta":{"_kad_post_transparent":"","_kad_post_title":"","_kad_post_layout":"","_kad_post_sidebar_id":"","_kad_post_content_style":"","_kad_post_vertical_padding":"","_kad_post_feature":"","_kad_post_feature_position":"","_kad_post_header":false,"_kad_post_footer":false,"_kad_post_classname":""},"product_brand":[],"product_cat":[14935],"product_tag":[],"class_list":{"0":"post-123895","1":"product","2":"type-product","3":"status-publish","4":"has-post-thumbnail","6":"product_cat-akilli-saatler-akilli-saatler","8":"first","9":"instock","10":"purchasable","11":"product-type-simple","12":"entry","13":"content-bg","14":"loop-entry"},"_links":{"self":[{"href":"https:\/\/www.hediyepazar.com\/index.php?rest_route=\/wp\/v2\/product\/123895","targetHints":{"allow":["GET"]}}],"collection":[{"href":"https:\/\/www.hediyepazar.com\/index.php?rest_route=\/wp\/v2\/product"}],"about":[{"href":"https:\/\/www.hediyepazar.com\/index.php?rest_route=\/wp\/v2\/types\/product"}],"replies":[{"embeddable":true,"href":"https:\/\/www.hediyepazar.com\/index.php?rest_route=%2Fwp%2Fv2%2Fcomments&post=123895"}],"wp:featuredmedia":[{"embeddable":true,"href":"https:\/\/www.hediyepazar.com\/index.php?rest_route=\/wp\/v2\/media\/123894"}],"wp:attachment":[{"href":"https:\/\/www.hediyepazar.com\/index.php?rest_route=%2Fwp%2Fv2%2Fmedia&parent=123895"}],"wp:term":[{"taxonomy":"product_brand","embeddable":true,"href":"https:\/\/www.hediyepazar.com\/index.php?rest_route=%2Fwp%2Fv2%2Fproduct_brand&post=123895"},{"taxonomy":"product_cat","embeddable":true,"href":"https:\/\/www.hediyepazar.com\/index.php?rest_route=%2Fwp%2Fv2%2Fproduct_cat&post=123895"},{"taxonomy":"product_tag","embeddable":true,"href":"https:\/\/www.hediyepazar.com\/index.php?rest_route=%2Fwp%2Fv2%2Fproduct_tag&post=123895"}],"curies":[{"name":"wp","href":"https:\/\/api.w.org\/{rel}","templated":true}]}}