{"id":123897,"date":"2026-05-06T14:21:22","date_gmt":"2026-05-06T17:21:22","guid":{"rendered":"https:\/\/www.hediyepazar.com\/?product=modern-akilli-saat-kablosuz-sarj-sosyal-medya-bildirimli"},"modified":"2026-05-06T14:21:22","modified_gmt":"2026-05-06T17:21:22","slug":"modern-akilli-saat-kablosuz-sarj-sosyal-medya-bildirimli","status":"publish","type":"product","link":"https:\/\/www.hediyepazar.com\/?product=modern-akilli-saat-kablosuz-sarj-sosyal-medya-bildirimli","title":{"rendered":"Modern Ak\u0131ll\u0131 Saat Kablosuz \u015earj Sosyal Medya Bildirimli"},"content":{"rendered":"<p>Modern kullan\u0131c\u0131lar\u0131n ihtiya\u00e7lar\u0131 d\u00fc\u015f\u00fcn\u00fclerek tasarlanan bu ak\u0131ll\u0131 saat, \u00e7ok y\u00f6nl\u00fc \u00f6zellikleriyle \u00f6ne \u00e7\u0131kar. Geni\u015f ekran\u0131, kablosuz \u015farj deste\u011fi ve sa\u011fl\u0131k takibi fonksiyonlar\u0131 ile g\u00fcnl\u00fck ya\u015famda b\u00fcy\u00fck kolayl\u0131k sa\u011flar.Arama cevaplama, sosyal medya bildirimleri ve m\u00fczik kontrol\u00fc sayesinde telefon ba\u011f\u0131ml\u0131l\u0131\u011f\u0131n\u0131 azalt\u0131r. Spor ve sa\u011fl\u0131k verileri, g\u00fcn i\u00e7i performans\u0131n\u0131z\u0131 takip etmenize yard\u0131mc\u0131 olur.<\/p>\n","protected":false},"excerpt":{"rendered":"<p>Modern kullan\u0131c\u0131lar\u0131n ihtiya\u00e7lar\u0131 d\u00fc\u015f\u00fcn\u00fclerek tasarlanan bu ak\u0131ll\u0131 saat, \u00e7ok y\u00f6nl\u00fc \u00f6zellikleriyle \u00f6ne \u00e7\u0131kar. Geni\u015f ekran\u0131, kablosuz \u015farj deste\u011fi ve sa\u011fl\u0131k takibi fonksiyonlar\u0131 ile g\u00fcnl\u00fck ya\u015famda b\u00fcy\u00fck kolayl\u0131k sa\u011flar.Arama cevaplama, sosyal medya bildirimleri ve m\u00fczik kontrol\u00fc sayesinde telefon ba\u011f\u0131ml\u0131l\u0131\u011f\u0131n\u0131 azalt\u0131r. Spor ve sa\u011fl\u0131k verileri, g\u00fcn i\u00e7i performans\u0131n\u0131z\u0131 takip etmenize yard\u0131mc\u0131 olur.<\/p>\n","protected":false},"featured_media":123896,"comment_status":"open","ping_status":"closed","template":"","meta":{"_kad_post_transparent":"","_kad_post_title":"","_kad_post_layout":"","_kad_post_sidebar_id":"","_kad_post_content_style":"","_kad_post_vertical_padding":"","_kad_post_feature":"","_kad_post_feature_position":"","_kad_post_header":false,"_kad_post_footer":false,"_kad_post_classname":""},"product_brand":[],"product_cat":[14935],"product_tag":[],"class_list":{"0":"post-123897","1":"product","2":"type-product","3":"status-publish","4":"has-post-thumbnail","6":"product_cat-akilli-saatler-akilli-saatler","8":"first","9":"instock","10":"purchasable","11":"product-type-simple","12":"entry","13":"content-bg","14":"loop-entry"},"_links":{"self":[{"href":"https:\/\/www.hediyepazar.com\/index.php?rest_route=\/wp\/v2\/product\/123897","targetHints":{"allow":["GET"]}}],"collection":[{"href":"https:\/\/www.hediyepazar.com\/index.php?rest_route=\/wp\/v2\/product"}],"about":[{"href":"https:\/\/www.hediyepazar.com\/index.php?rest_route=\/wp\/v2\/types\/product"}],"replies":[{"embeddable":true,"href":"https:\/\/www.hediyepazar.com\/index.php?rest_route=%2Fwp%2Fv2%2Fcomments&post=123897"}],"wp:featuredmedia":[{"embeddable":true,"href":"https:\/\/www.hediyepazar.com\/index.php?rest_route=\/wp\/v2\/media\/123896"}],"wp:attachment":[{"href":"https:\/\/www.hediyepazar.com\/index.php?rest_route=%2Fwp%2Fv2%2Fmedia&parent=123897"}],"wp:term":[{"taxonomy":"product_brand","embeddable":true,"href":"https:\/\/www.hediyepazar.com\/index.php?rest_route=%2Fwp%2Fv2%2Fproduct_brand&post=123897"},{"taxonomy":"product_cat","embeddable":true,"href":"https:\/\/www.hediyepazar.com\/index.php?rest_route=%2Fwp%2Fv2%2Fproduct_cat&post=123897"},{"taxonomy":"product_tag","embeddable":true,"href":"https:\/\/www.hediyepazar.com\/index.php?rest_route=%2Fwp%2Fv2%2Fproduct_tag&post=123897"}],"curies":[{"name":"wp","href":"https:\/\/api.w.org\/{rel}","templated":true}]}}