{"id":123899,"date":"2026-05-06T14:23:05","date_gmt":"2026-05-06T17:23:05","guid":{"rendered":"https:\/\/www.hediyepazar.com\/?product=degistirilebilir-kordonlu-akilli-saat-ips-ekran-ve-bildirim-destegi"},"modified":"2026-05-06T14:23:05","modified_gmt":"2026-05-06T17:23:05","slug":"degistirilebilir-kordonlu-akilli-saat-ips-ekran-ve-bildirim-destegi","status":"publish","type":"product","link":"https:\/\/www.hediyepazar.com\/?product=degistirilebilir-kordonlu-akilli-saat-ips-ekran-ve-bildirim-destegi","title":{"rendered":"De\u011fi\u015ftirilebilir Kordonlu Ak\u0131ll\u0131 Saat IPS Ekran ve Bildirim Deste\u011fi"},"content":{"rendered":"<p>Bu model, \u015f\u0131k tasar\u0131m\u0131 ve geli\u015fmi\u015f \u00f6zellikleriyle hem g\u00fcnl\u00fck hem sportif kullan\u0131m i\u00e7in idealdir. De\u011fi\u015ftirilebilir kordon sistemi sayesinde saatinizi ister klasik ister sportif kombinlerle kullanabilirsiniz.IPS ekran teknolojisi, y\u00fcksek \u00e7\u00f6z\u00fcn\u00fcrl\u00fckle birle\u015ferek kaliteli bir g\u00f6r\u00fcnt\u00fc deneyimi sunar. Arama yapma ve cevaplama, sosyal medya bildirimleri ve sesli asistan deste\u011fi ile ak\u0131ll\u0131 telefonunuzun en b\u00fcy\u00fck yard\u0131mc\u0131s\u0131 olur.Kablosuz \u015farj \u00f6zelli\u011fi, kullan\u0131m kolayl\u0131\u011f\u0131n\u0131 art\u0131r\u0131r. Sa\u011fl\u0131k ve spor modlar\u0131, aktif ya\u015fam\u0131 destekler. IP67 sertifikas\u0131 g\u00fcnl\u00fck s\u0131v\u0131 temaslar\u0131na kar\u015f\u0131 koruma sa\u011flar.<\/p>\n","protected":false},"excerpt":{"rendered":"<p>Bu model, \u015f\u0131k tasar\u0131m\u0131 ve geli\u015fmi\u015f \u00f6zellikleriyle hem g\u00fcnl\u00fck hem sportif kullan\u0131m i\u00e7in idealdir. De\u011fi\u015ftirilebilir kordon sistemi sayesinde saatinizi ister klasik ister sportif kombinlerle kullanabilirsiniz.IPS ekran teknolojisi, y\u00fcksek \u00e7\u00f6z\u00fcn\u00fcrl\u00fckle birle\u015ferek kaliteli bir g\u00f6r\u00fcnt\u00fc deneyimi sunar. Arama yapma ve cevaplama, sosyal medya bildirimleri ve sesli asistan deste\u011fi ile ak\u0131ll\u0131 telefonunuzun en b\u00fcy\u00fck yard\u0131mc\u0131s\u0131 olur.Kablosuz \u015farj \u00f6zelli\u011fi,&#8230;<\/p>\n","protected":false},"featured_media":123898,"comment_status":"open","ping_status":"closed","template":"","meta":{"_kad_post_transparent":"","_kad_post_title":"","_kad_post_layout":"","_kad_post_sidebar_id":"","_kad_post_content_style":"","_kad_post_vertical_padding":"","_kad_post_feature":"","_kad_post_feature_position":"","_kad_post_header":false,"_kad_post_footer":false,"_kad_post_classname":""},"product_brand":[],"product_cat":[14935],"product_tag":[],"class_list":{"0":"post-123899","1":"product","2":"type-product","3":"status-publish","4":"has-post-thumbnail","6":"product_cat-akilli-saatler-akilli-saatler","8":"first","9":"instock","10":"purchasable","11":"product-type-simple","12":"entry","13":"content-bg","14":"loop-entry"},"_links":{"self":[{"href":"https:\/\/www.hediyepazar.com\/index.php?rest_route=\/wp\/v2\/product\/123899","targetHints":{"allow":["GET"]}}],"collection":[{"href":"https:\/\/www.hediyepazar.com\/index.php?rest_route=\/wp\/v2\/product"}],"about":[{"href":"https:\/\/www.hediyepazar.com\/index.php?rest_route=\/wp\/v2\/types\/product"}],"replies":[{"embeddable":true,"href":"https:\/\/www.hediyepazar.com\/index.php?rest_route=%2Fwp%2Fv2%2Fcomments&post=123899"}],"wp:featuredmedia":[{"embeddable":true,"href":"https:\/\/www.hediyepazar.com\/index.php?rest_route=\/wp\/v2\/media\/123898"}],"wp:attachment":[{"href":"https:\/\/www.hediyepazar.com\/index.php?rest_route=%2Fwp%2Fv2%2Fmedia&parent=123899"}],"wp:term":[{"taxonomy":"product_brand","embeddable":true,"href":"https:\/\/www.hediyepazar.com\/index.php?rest_route=%2Fwp%2Fv2%2Fproduct_brand&post=123899"},{"taxonomy":"product_cat","embeddable":true,"href":"https:\/\/www.hediyepazar.com\/index.php?rest_route=%2Fwp%2Fv2%2Fproduct_cat&post=123899"},{"taxonomy":"product_tag","embeddable":true,"href":"https:\/\/www.hediyepazar.com\/index.php?rest_route=%2Fwp%2Fv2%2Fproduct_tag&post=123899"}],"curies":[{"name":"wp","href":"https:\/\/api.w.org\/{rel}","templated":true}]}}