{"id":123931,"date":"2026-05-06T14:29:12","date_gmt":"2026-05-06T17:29:12","guid":{"rendered":"https:\/\/www.hediyepazar.com\/?product=sm-galaxy-i9100-galaxy-s2-icin-buzzer-hoparlor-5775"},"modified":"2026-05-06T14:29:12","modified_gmt":"2026-05-06T17:29:12","slug":"sm-galaxy-i9100-galaxy-s2-icin-buzzer-hoparlor-5775","status":"publish","type":"product","link":"https:\/\/www.hediyepazar.com\/?product=sm-galaxy-i9100-galaxy-s2-icin-buzzer-hoparlor-5775","title":{"rendered":"SM Galaxy \u01309100 Galaxy S2 \u0130\u00e7in Buzzer Hoparl\u00f6r-(5775)"},"content":{"rendered":"<p>&nbsp;<\/p>\n<p><span style=\"color:#333333; font-family:Arial,Lucida,Verdana,Helvetica,sans-serif\">(S&#305;n&#305;f &nbsp;) De&#287;i&#351;tirilebilir cep telefonu&nbsp;<\/span><span style=\"color:#333333; font-family:Arial,Lucida,Verdana,Helvetica,sans-serif\">&nbsp;film Flex cable<\/span><br \/> (Kalite )<\/p>\n<p>&nbsp;<\/p>\n<div class=\"params_hint\" style=\"color:#333333; font-family:Arial,Lucida,Verdana,Helvetica,sans-serif; font-weight:bold; line-height:18px; margin-bottom:0px; margin-left:0px; margin-right:0px; margin-top:12px; padding-bottom:5px; padding-left:5px; padding-right:5px; padding-top:5px\">Uyumlu oldu&#287;u modeler<\/div>\n<p>&nbsp;<\/p>\n<div style=\"color:#333333; font-family:Arial,Lucida,Verdana,Helvetica,sans-serif; line-height:18px; margin-bottom:7px; margin-left:0px; margin-right:0px; margin-top:7px; padding-bottom:0px; padding-left:0px; padding-right:0px; padding-top:0px\">Ally I9100 Galaxy S 2 buzzer\/Hoparlor<br \/> &nbsp;<\/div>\n<p>&nbsp;<\/p>\n<p>&nbsp;<\/p>\n","protected":false},"excerpt":{"rendered":"<p>&nbsp; (S&#305;n&#305;f &nbsp;) De&#287;i&#351;tirilebilir cep telefonu&nbsp;&nbsp;film Flex cable (Kalite ) &nbsp; Uyumlu oldu&#287;u modeler &nbsp; Ally I9100 Galaxy S 2 buzzer\/Hoparlor &nbsp; &nbsp; &nbsp;<\/p>\n","protected":false},"featured_media":123930,"comment_status":"open","ping_status":"closed","template":"","meta":{"_kad_post_transparent":"","_kad_post_title":"","_kad_post_layout":"","_kad_post_sidebar_id":"","_kad_post_content_style":"","_kad_post_vertical_padding":"","_kad_post_feature":"","_kad_post_feature_position":"","_kad_post_header":false,"_kad_post_footer":false,"_kad_post_classname":""},"product_brand":[],"product_cat":[14754],"product_tag":[],"class_list":{"0":"post-123931","1":"product","2":"type-product","3":"status-publish","4":"has-post-thumbnail","6":"product_cat-hoparlor-buzzer-anten-cep-telefonu-yedek-parcalari-cep-telefonu-elektronik-hoparlor-buzzer-anten","8":"first","9":"instock","10":"purchasable","11":"product-type-simple","12":"entry","13":"content-bg","14":"loop-entry"},"_links":{"self":[{"href":"https:\/\/www.hediyepazar.com\/index.php?rest_route=\/wp\/v2\/product\/123931","targetHints":{"allow":["GET"]}}],"collection":[{"href":"https:\/\/www.hediyepazar.com\/index.php?rest_route=\/wp\/v2\/product"}],"about":[{"href":"https:\/\/www.hediyepazar.com\/index.php?rest_route=\/wp\/v2\/types\/product"}],"replies":[{"embeddable":true,"href":"https:\/\/www.hediyepazar.com\/index.php?rest_route=%2Fwp%2Fv2%2Fcomments&post=123931"}],"wp:featuredmedia":[{"embeddable":true,"href":"https:\/\/www.hediyepazar.com\/index.php?rest_route=\/wp\/v2\/media\/123930"}],"wp:attachment":[{"href":"https:\/\/www.hediyepazar.com\/index.php?rest_route=%2Fwp%2Fv2%2Fmedia&parent=123931"}],"wp:term":[{"taxonomy":"product_brand","embeddable":true,"href":"https:\/\/www.hediyepazar.com\/index.php?rest_route=%2Fwp%2Fv2%2Fproduct_brand&post=123931"},{"taxonomy":"product_cat","embeddable":true,"href":"https:\/\/www.hediyepazar.com\/index.php?rest_route=%2Fwp%2Fv2%2Fproduct_cat&post=123931"},{"taxonomy":"product_tag","embeddable":true,"href":"https:\/\/www.hediyepazar.com\/index.php?rest_route=%2Fwp%2Fv2%2Fproduct_tag&post=123931"}],"curies":[{"name":"wp","href":"https:\/\/api.w.org\/{rel}","templated":true}]}}