{"id":123959,"date":"2026-05-06T14:34:08","date_gmt":"2026-05-06T17:34:08","guid":{"rendered":"https:\/\/www.hediyepazar.com\/?product=21-cm-kapakli-balkabagi-kutu-konsept-dekor"},"modified":"2026-05-06T14:34:08","modified_gmt":"2026-05-06T17:34:08","slug":"21-cm-kapakli-balkabagi-kutu-konsept-dekor","status":"publish","type":"product","link":"https:\/\/www.hediyepazar.com\/?product=21-cm-kapakli-balkabagi-kutu-konsept-dekor","title":{"rendered":"21 cm Kapakl\u0131 Balkaba\u011f\u0131 Kutu Konsept Dekor"},"content":{"rendered":"<p>Bu \u00f6zel tasar\u0131m kapakl\u0131 balkaba\u011f\u0131, hem estetik g\u00f6r\u00fcn\u00fcm\u00fc hem de i\u015flevselli\u011fiyle ev dekorasyonuna konsept bir dokunu\u015f yapmak isteyenler i\u00e7in idealdir. 21\u00d715 cm boyutlar\u0131, hem kullan\u0131m kolayl\u0131\u011f\u0131 sa\u011flar hem de dekoratif anlamda g\u00fc\u00e7l\u00fc bir duru\u015f sergiler. Turuncu rengi ve detayl\u0131 y\u00fcz hatlar\u0131, balkaba\u011f\u0131 fig\u00fcr\u00fcn\u00fc \u00f6n plana \u00e7\u0131kar\u0131rken Halloween temas\u0131 i\u00e7in vazge\u00e7ilmez bir obje h\u00e2line getirir.Bu \u00fcr\u00fcn; \u015feker saklama kab\u0131, dekoratif kase, masa\u00fcst\u00fc aksesuar d\u00fczenleyici veya vitrin s\u00fcs\u00fc olarak kullan\u0131labilir. \u00d6zellikle tematik kutlama ve partilerde e\u015fsiz bir tamamlay\u0131c\u0131 olarak masa d\u00fczenine hemen uyum sa\u011flar. Ayr\u0131ca \u00e7ocuklar i\u00e7in e\u011flenceli bir hediye kutusu, odalarda tematik dekor, ofislerde dikkat \u00e7ekici bir obje olarak de\u011ferlendirilir.Kutu kapa\u011f\u0131n\u0131n rahat a\u00e7\u0131l\u0131p kapanabilmesi, kullan\u0131m alan\u0131n\u0131 daha da geni\u015fletir. Dayan\u0131kl\u0131 malzeme yap\u0131s\u0131 sayesinde \u015fekil bozulmas\u0131 ya\u015famadan uzun s\u00fcre kullan\u0131m sunar. Temizlik a\u00e7\u0131s\u0131ndan da pratik bir \u00fcr\u00fcnd\u00fcr. Hem konsept dekor sevenlere hem de farkl\u0131 tasar\u0131mlara ilgi duyanlara hitap eden bu balkaba\u011f\u0131 kutusu evinizin enerjisini an\u0131nda y\u00fckseltir.<\/p>\n","protected":false},"excerpt":{"rendered":"<p>Bu \u00f6zel tasar\u0131m kapakl\u0131 balkaba\u011f\u0131, hem estetik g\u00f6r\u00fcn\u00fcm\u00fc hem de i\u015flevselli\u011fiyle ev dekorasyonuna konsept bir dokunu\u015f yapmak isteyenler i\u00e7in idealdir. 21\u00d715 cm boyutlar\u0131, hem kullan\u0131m kolayl\u0131\u011f\u0131 sa\u011flar hem de dekoratif anlamda g\u00fc\u00e7l\u00fc bir duru\u015f sergiler. Turuncu rengi ve detayl\u0131 y\u00fcz hatlar\u0131, balkaba\u011f\u0131 fig\u00fcr\u00fcn\u00fc \u00f6n plana \u00e7\u0131kar\u0131rken Halloween temas\u0131 i\u00e7in vazge\u00e7ilmez bir obje h\u00e2line getirir.Bu \u00fcr\u00fcn;&#8230;<\/p>\n","protected":false},"featured_media":123958,"comment_status":"open","ping_status":"closed","template":"","meta":{"_kad_post_transparent":"","_kad_post_title":"","_kad_post_layout":"","_kad_post_sidebar_id":"","_kad_post_content_style":"","_kad_post_vertical_padding":"","_kad_post_feature":"","_kad_post_feature_position":"","_kad_post_header":false,"_kad_post_footer":false,"_kad_post_classname":""},"product_brand":[],"product_cat":[14940],"product_tag":[],"class_list":{"0":"post-123959","1":"product","2":"type-product","3":"status-publish","4":"has-post-thumbnail","6":"product_cat-dekoratif-obje-biblo-dekoratif-obje-biblo","8":"first","9":"instock","10":"purchasable","11":"product-type-simple","12":"entry","13":"content-bg","14":"loop-entry"},"_links":{"self":[{"href":"https:\/\/www.hediyepazar.com\/index.php?rest_route=\/wp\/v2\/product\/123959","targetHints":{"allow":["GET"]}}],"collection":[{"href":"https:\/\/www.hediyepazar.com\/index.php?rest_route=\/wp\/v2\/product"}],"about":[{"href":"https:\/\/www.hediyepazar.com\/index.php?rest_route=\/wp\/v2\/types\/product"}],"replies":[{"embeddable":true,"href":"https:\/\/www.hediyepazar.com\/index.php?rest_route=%2Fwp%2Fv2%2Fcomments&post=123959"}],"wp:featuredmedia":[{"embeddable":true,"href":"https:\/\/www.hediyepazar.com\/index.php?rest_route=\/wp\/v2\/media\/123958"}],"wp:attachment":[{"href":"https:\/\/www.hediyepazar.com\/index.php?rest_route=%2Fwp%2Fv2%2Fmedia&parent=123959"}],"wp:term":[{"taxonomy":"product_brand","embeddable":true,"href":"https:\/\/www.hediyepazar.com\/index.php?rest_route=%2Fwp%2Fv2%2Fproduct_brand&post=123959"},{"taxonomy":"product_cat","embeddable":true,"href":"https:\/\/www.hediyepazar.com\/index.php?rest_route=%2Fwp%2Fv2%2Fproduct_cat&post=123959"},{"taxonomy":"product_tag","embeddable":true,"href":"https:\/\/www.hediyepazar.com\/index.php?rest_route=%2Fwp%2Fv2%2Fproduct_tag&post=123959"}],"curies":[{"name":"wp","href":"https:\/\/api.w.org\/{rel}","templated":true}]}}