{"id":123965,"date":"2026-05-06T14:34:24","date_gmt":"2026-05-06T17:34:24","guid":{"rendered":"https:\/\/www.hediyepazar.com\/?product=dekoratif-el-heykeli-22x7-cm-fantastik-koleksiyonluk-masaustu-figur"},"modified":"2026-05-06T14:34:24","modified_gmt":"2026-05-06T17:34:24","slug":"dekoratif-el-heykeli-22x7-cm-fantastik-koleksiyonluk-masaustu-figur","status":"publish","type":"product","link":"https:\/\/www.hediyepazar.com\/?product=dekoratif-el-heykeli-22x7-cm-fantastik-koleksiyonluk-masaustu-figur","title":{"rendered":"Dekoratif El Heykeli 22\u00d77 cm Fantastik Koleksiyonluk Masa\u00fcst\u00fc Fig\u00fcr"},"content":{"rendered":"<p>22\u00d77 cm \u00f6l\u00e7\u00fclerindeki bu dekoratif el heykeli, modern ve fantastik tasar\u0131m detaylar\u0131yla dikkat \u00e7eken \u00f6zel bir koleksiyon par\u00e7as\u0131d\u0131r. Elin ger\u00e7ek\u00e7i k\u0131vr\u0131mlar\u0131, damar ve doku izleri ile birle\u015fen parlak alt\u0131n-ye\u015fil y\u00fczey, heykele hem mistik hem de sanatsal bir hava kazand\u0131r\u0131r. Masa\u00fcst\u00fc, vitrin, \u00e7al\u0131\u015fma masas\u0131, kitapl\u0131k veya raf gibi alanlarda sergilendi\u011finde bulundu\u011fu ortam\u0131n enerjisini tamamen de\u011fi\u015ftirir.Sanatsal el formlar\u0131, d\u00fcnyada dekoratif objeler aras\u0131nda en \u00e7ok tercih edilen sembolik fig\u00fcrler aras\u0131nda yer al\u0131r. El; g\u00fc\u00e7, yarat\u0131c\u0131l\u0131k, ileti\u015fim ve \u00fcretim anlamlar\u0131n\u0131 temsil eder. Bu nedenle \u00f6zellikle sanat, tasar\u0131m ve fantastik temal\u0131 dekorasyonlarda g\u00fc\u00e7l\u00fc bir vurgu olu\u015fturur. Heykelin modern y\u00fczey dokusu, 3D tasar\u0131m \u00e7izgileri ile birle\u015ferek objeyi s\u0131radan bir dekor \u00fcr\u00fcn\u00fc olmaktan \u00e7\u0131kar\u0131r ve \u00f6zel bir sanat par\u00e7as\u0131na d\u00f6n\u00fc\u015ft\u00fcr\u00fcr.Metallic tonlar\u0131 sayesinde farkl\u0131 \u0131\u015f\u0131k a\u00e7\u0131lar\u0131na g\u00f6re renk de\u011fi\u015fimi g\u00f6steren heykel, hem g\u00fcnd\u00fcz hem gece ortam\u0131nda etkileyici bir g\u00f6r\u00fcn\u00fcm sunar. Evinizde, ofisinizde veya st\u00fcdyo ortamlar\u0131nda dikkat \u00e7ekici bir obje ar\u0131yorsan\u0131z bu el heykeli ideal bir se\u00e7imdir. Ayn\u0131 zamanda koleksiyon yapanlara, fantastik objeleri sevenlere, modern dekor tutkunlar\u0131na ve \u00f6zel hediye arayanlara hitap eden benzersiz bir \u00fcr\u00fcnd\u00fcr.<\/p>\n","protected":false},"excerpt":{"rendered":"<p>22\u00d77 cm \u00f6l\u00e7\u00fclerindeki bu dekoratif el heykeli, modern ve fantastik tasar\u0131m detaylar\u0131yla dikkat \u00e7eken \u00f6zel bir koleksiyon par\u00e7as\u0131d\u0131r. Elin ger\u00e7ek\u00e7i k\u0131vr\u0131mlar\u0131, damar ve doku izleri ile birle\u015fen parlak alt\u0131n-ye\u015fil y\u00fczey, heykele hem mistik hem de sanatsal bir hava kazand\u0131r\u0131r. Masa\u00fcst\u00fc, vitrin, \u00e7al\u0131\u015fma masas\u0131, kitapl\u0131k veya raf gibi alanlarda sergilendi\u011finde bulundu\u011fu ortam\u0131n enerjisini tamamen de\u011fi\u015ftirir.Sanatsal el&#8230;<\/p>\n","protected":false},"featured_media":123964,"comment_status":"open","ping_status":"closed","template":"","meta":{"_kad_post_transparent":"","_kad_post_title":"","_kad_post_layout":"","_kad_post_sidebar_id":"","_kad_post_content_style":"","_kad_post_vertical_padding":"","_kad_post_feature":"","_kad_post_feature_position":"","_kad_post_header":false,"_kad_post_footer":false,"_kad_post_classname":""},"product_brand":[],"product_cat":[14940],"product_tag":[],"class_list":{"0":"post-123965","1":"product","2":"type-product","3":"status-publish","4":"has-post-thumbnail","6":"product_cat-dekoratif-obje-biblo-dekoratif-obje-biblo","8":"first","9":"instock","10":"purchasable","11":"product-type-simple","12":"entry","13":"content-bg","14":"loop-entry"},"_links":{"self":[{"href":"https:\/\/www.hediyepazar.com\/index.php?rest_route=\/wp\/v2\/product\/123965","targetHints":{"allow":["GET"]}}],"collection":[{"href":"https:\/\/www.hediyepazar.com\/index.php?rest_route=\/wp\/v2\/product"}],"about":[{"href":"https:\/\/www.hediyepazar.com\/index.php?rest_route=\/wp\/v2\/types\/product"}],"replies":[{"embeddable":true,"href":"https:\/\/www.hediyepazar.com\/index.php?rest_route=%2Fwp%2Fv2%2Fcomments&post=123965"}],"wp:featuredmedia":[{"embeddable":true,"href":"https:\/\/www.hediyepazar.com\/index.php?rest_route=\/wp\/v2\/media\/123964"}],"wp:attachment":[{"href":"https:\/\/www.hediyepazar.com\/index.php?rest_route=%2Fwp%2Fv2%2Fmedia&parent=123965"}],"wp:term":[{"taxonomy":"product_brand","embeddable":true,"href":"https:\/\/www.hediyepazar.com\/index.php?rest_route=%2Fwp%2Fv2%2Fproduct_brand&post=123965"},{"taxonomy":"product_cat","embeddable":true,"href":"https:\/\/www.hediyepazar.com\/index.php?rest_route=%2Fwp%2Fv2%2Fproduct_cat&post=123965"},{"taxonomy":"product_tag","embeddable":true,"href":"https:\/\/www.hediyepazar.com\/index.php?rest_route=%2Fwp%2Fv2%2Fproduct_tag&post=123965"}],"curies":[{"name":"wp","href":"https:\/\/api.w.org\/{rel}","templated":true}]}}