{"id":123977,"date":"2026-05-06T14:36:57","date_gmt":"2026-05-06T17:36:57","guid":{"rendered":"https:\/\/www.hediyepazar.com\/?product=dekoratif-ejderha-heykeli-ozel-tasarim-mitolojik-figur-22x17-cm"},"modified":"2026-05-06T14:36:57","modified_gmt":"2026-05-06T17:36:57","slug":"dekoratif-ejderha-heykeli-ozel-tasarim-mitolojik-figur-22x17-cm","status":"publish","type":"product","link":"https:\/\/www.hediyepazar.com\/?product=dekoratif-ejderha-heykeli-ozel-tasarim-mitolojik-figur-22x17-cm","title":{"rendered":"Dekoratif Ejderha Heykeli \u00d6zel Tasar\u0131m Mitolojik Fig\u00fcr 22&#215;17 cm"},"content":{"rendered":"<p>22&#215;17 cm \u00f6l\u00e7\u00fclerindeki bu ejderha heykeli, mitolojik fig\u00fcrleri sevenler i\u00e7in \u00f6zel olarak tasarlanm\u0131\u015f dikkat \u00e7ekici bir dekor \u00fcr\u00fcn\u00fcd\u00fcr. Ejderhan\u0131n keskin y\u00fcz hatlar\u0131, detayl\u0131 kabartma dokusu, kavisli boynuzlar\u0131 ve etraf\u0131n\u0131 \u00e7evreleyen pul efekti, \u00fcr\u00fcn\u00fc ger\u00e7ek bir sanat par\u00e7as\u0131 haline getirir. Olduk\u00e7a etkileyici bir duru\u015fa sahip olan bu heykel, bulundu\u011fu ortamda g\u00fc\u00e7l\u00fc bir enerji yarat\u0131r ve dekorasyonun merkezinde yer al\u0131r.Ejderha fig\u00fcr\u00fc, tarih boyunca g\u00fc\u00e7, bilgelik, koruyuculuk ve kudret sembol\u00fc olarak kabul edilmi\u015ftir. Bu heykel de tam olarak bu enerjiyi yans\u0131tarak ev, ofis, oda, koleksiyon k\u00f6\u015fesi, st\u00fcdyo gibi alanlarda benzersiz bir atmosfer olu\u015fturur. \u0130\u00e7 mekanlarda fantastik evren hissi uyand\u0131r\u0131r ve \u00f6zellikle mitoloji, fantastik evrenler ve ejderha temal\u0131 dekor sevenlerin koleksiyonlar\u0131nda olmazsa olmaz bir par\u00e7ad\u0131r.\u00dcr\u00fcn, hem masa\u00fcst\u00fc hem de vitrin dekorlar\u0131nda rahatl\u0131kla kullan\u0131labilir. \u00dc\u00e7 boyutlu kabartmal\u0131 yap\u0131s\u0131 sayesinde 360\u00b0 a\u00e7\u0131dan etkileyici bir g\u00f6r\u00fcn\u00fcm sunar. Modern, gotik, fantastik ve tematik dekorasyon tarzlar\u0131yla m\u00fckemmel uyum sa\u011flar. Koleksiyon yapanlar i\u00e7in ideal bir par\u00e7a olmakla birlikte fantastik evren tutkunlar\u0131na hediye olarak da harika bir se\u00e7enektir. Dayan\u0131kl\u0131 yap\u0131s\u0131 ve \u00f6zel tasar\u0131m\u0131yla uzun y\u0131llar kullan\u0131labilecek \u015f\u0131k bir dekor objesidir.<\/p>\n","protected":false},"excerpt":{"rendered":"<p>22&#215;17 cm \u00f6l\u00e7\u00fclerindeki bu ejderha heykeli, mitolojik fig\u00fcrleri sevenler i\u00e7in \u00f6zel olarak tasarlanm\u0131\u015f dikkat \u00e7ekici bir dekor \u00fcr\u00fcn\u00fcd\u00fcr. Ejderhan\u0131n keskin y\u00fcz hatlar\u0131, detayl\u0131 kabartma dokusu, kavisli boynuzlar\u0131 ve etraf\u0131n\u0131 \u00e7evreleyen pul efekti, \u00fcr\u00fcn\u00fc ger\u00e7ek bir sanat par\u00e7as\u0131 haline getirir. Olduk\u00e7a etkileyici bir duru\u015fa sahip olan bu heykel, bulundu\u011fu ortamda g\u00fc\u00e7l\u00fc bir enerji yarat\u0131r ve dekorasyonun&#8230;<\/p>\n","protected":false},"featured_media":123976,"comment_status":"open","ping_status":"closed","template":"","meta":{"_kad_post_transparent":"","_kad_post_title":"","_kad_post_layout":"","_kad_post_sidebar_id":"","_kad_post_content_style":"","_kad_post_vertical_padding":"","_kad_post_feature":"","_kad_post_feature_position":"","_kad_post_header":false,"_kad_post_footer":false,"_kad_post_classname":""},"product_brand":[],"product_cat":[14940],"product_tag":[],"class_list":{"0":"post-123977","1":"product","2":"type-product","3":"status-publish","4":"has-post-thumbnail","6":"product_cat-dekoratif-obje-biblo-dekoratif-obje-biblo","8":"first","9":"instock","10":"purchasable","11":"product-type-simple","12":"entry","13":"content-bg","14":"loop-entry"},"_links":{"self":[{"href":"https:\/\/www.hediyepazar.com\/index.php?rest_route=\/wp\/v2\/product\/123977","targetHints":{"allow":["GET"]}}],"collection":[{"href":"https:\/\/www.hediyepazar.com\/index.php?rest_route=\/wp\/v2\/product"}],"about":[{"href":"https:\/\/www.hediyepazar.com\/index.php?rest_route=\/wp\/v2\/types\/product"}],"replies":[{"embeddable":true,"href":"https:\/\/www.hediyepazar.com\/index.php?rest_route=%2Fwp%2Fv2%2Fcomments&post=123977"}],"wp:featuredmedia":[{"embeddable":true,"href":"https:\/\/www.hediyepazar.com\/index.php?rest_route=\/wp\/v2\/media\/123976"}],"wp:attachment":[{"href":"https:\/\/www.hediyepazar.com\/index.php?rest_route=%2Fwp%2Fv2%2Fmedia&parent=123977"}],"wp:term":[{"taxonomy":"product_brand","embeddable":true,"href":"https:\/\/www.hediyepazar.com\/index.php?rest_route=%2Fwp%2Fv2%2Fproduct_brand&post=123977"},{"taxonomy":"product_cat","embeddable":true,"href":"https:\/\/www.hediyepazar.com\/index.php?rest_route=%2Fwp%2Fv2%2Fproduct_cat&post=123977"},{"taxonomy":"product_tag","embeddable":true,"href":"https:\/\/www.hediyepazar.com\/index.php?rest_route=%2Fwp%2Fv2%2Fproduct_tag&post=123977"}],"curies":[{"name":"wp","href":"https:\/\/api.w.org\/{rel}","templated":true}]}}