{"id":123995,"date":"2026-05-06T14:37:46","date_gmt":"2026-05-06T17:37:46","guid":{"rendered":"https:\/\/www.hediyepazar.com\/?product=dekoratif-beyaz-ayi-duvar-heykeli-asilabilir-hediyelik-25x19-cm"},"modified":"2026-05-06T14:37:46","modified_gmt":"2026-05-06T17:37:46","slug":"dekoratif-beyaz-ayi-duvar-heykeli-asilabilir-hediyelik-25x19-cm","status":"publish","type":"product","link":"https:\/\/www.hediyepazar.com\/?product=dekoratif-beyaz-ayi-duvar-heykeli-asilabilir-hediyelik-25x19-cm","title":{"rendered":"Dekoratif Beyaz Ay\u0131 Duvar Heykeli As\u0131labilir Hediyelik 25&#215;19 cm"},"content":{"rendered":"<p>Beyaz 3D ay\u0131 ba\u015f\u0131 duvar heykeli, dekorasyonuna modern, etkileyici ve g\u00fc\u00e7l\u00fc bir dokunu\u015f eklemek isteyenler i\u00e7in \u00f6zel olarak tasarlanm\u0131\u015f bir \u00fcr\u00fcnd\u00fcr. 25&#215;19 cm \u00f6l\u00e7\u00fclerindeki bu dekoratif fig\u00fcr, beyaz renginin sadeli\u011fi ve \u015f\u0131kl\u0131\u011f\u0131 ile hem modern hem de minimal dekorasyon tarzlar\u0131na m\u00fckemmel uyum sa\u011flar. \u00dcr\u00fcn\u00fcn detayl\u0131 y\u00fcz hatlar\u0131 dikkat \u00e7ekici bir ger\u00e7ek\u00e7ilik sunarken, 3 boyutlu kabart\u0131 yap\u0131s\u0131 duvarda g\u00fc\u00e7l\u00fc bir g\u00f6lge etkisi olu\u015fturur.Hafif ve sa\u011flam yap\u0131s\u0131 sayesinde kolayca duvara monte edilebilir. Odan\u0131n odak noktas\u0131 olmas\u0131 i\u00e7in tek ba\u015f\u0131na kullan\u0131labilece\u011fi gibi, galeriler, \u00e7al\u0131\u015fma odalar\u0131, gen\u00e7 odalar\u0131, ofisler veya tasar\u0131m a\u011f\u0131rl\u0131kl\u0131 ortamlar i\u00e7in de harika bir tamamlay\u0131c\u0131d\u0131r. Ay\u0131 fig\u00fcr\u00fc; g\u00fc\u00e7, cesaret ve koruyucu enerji ile ili\u015fkilendirildi\u011fi i\u00e7in manevi anlamda bir sembol arayan kullan\u0131c\u0131lar\u0131n da ilk tercihleri aras\u0131nda yer al\u0131r.Estetik tasar\u0131m\u0131 sayesinde foto\u011fraf \u00e7ekimleri, video \u00e7ekim alanlar\u0131, st\u00fcdyo dekorasyonlar\u0131 veya ma\u011faza vitrinlerinde de \u00e7ok \u015f\u0131k bir g\u00f6r\u00fcn\u00fcm sa\u011flar. Beyaz rengi, her renkteki duvar ile uyumlu oldu\u011fu i\u00e7in dekorasyon se\u00e7eneklerini geni\u015fletir.Ayr\u0131ca \u00f6zel g\u00fcnler i\u00e7in benzersiz bir hediye se\u00e7ene\u011fidir. \u015e\u0131k, farkl\u0131 ve anlam\u0131 olan dekoratif objeler sevenler i\u00e7in ideal bir alternatiftir.<\/p>\n","protected":false},"excerpt":{"rendered":"<p>Beyaz 3D ay\u0131 ba\u015f\u0131 duvar heykeli, dekorasyonuna modern, etkileyici ve g\u00fc\u00e7l\u00fc bir dokunu\u015f eklemek isteyenler i\u00e7in \u00f6zel olarak tasarlanm\u0131\u015f bir \u00fcr\u00fcnd\u00fcr. 25&#215;19 cm \u00f6l\u00e7\u00fclerindeki bu dekoratif fig\u00fcr, beyaz renginin sadeli\u011fi ve \u015f\u0131kl\u0131\u011f\u0131 ile hem modern hem de minimal dekorasyon tarzlar\u0131na m\u00fckemmel uyum sa\u011flar. \u00dcr\u00fcn\u00fcn detayl\u0131 y\u00fcz hatlar\u0131 dikkat \u00e7ekici bir ger\u00e7ek\u00e7ilik sunarken, 3 boyutlu kabart\u0131&#8230;<\/p>\n","protected":false},"featured_media":123994,"comment_status":"open","ping_status":"closed","template":"","meta":{"_kad_post_transparent":"","_kad_post_title":"","_kad_post_layout":"","_kad_post_sidebar_id":"","_kad_post_content_style":"","_kad_post_vertical_padding":"","_kad_post_feature":"","_kad_post_feature_position":"","_kad_post_header":false,"_kad_post_footer":false,"_kad_post_classname":""},"product_brand":[],"product_cat":[14940],"product_tag":[],"class_list":{"0":"post-123995","1":"product","2":"type-product","3":"status-publish","4":"has-post-thumbnail","6":"product_cat-dekoratif-obje-biblo-dekoratif-obje-biblo","8":"first","9":"instock","10":"purchasable","11":"product-type-simple","12":"entry","13":"content-bg","14":"loop-entry"},"_links":{"self":[{"href":"https:\/\/www.hediyepazar.com\/index.php?rest_route=\/wp\/v2\/product\/123995","targetHints":{"allow":["GET"]}}],"collection":[{"href":"https:\/\/www.hediyepazar.com\/index.php?rest_route=\/wp\/v2\/product"}],"about":[{"href":"https:\/\/www.hediyepazar.com\/index.php?rest_route=\/wp\/v2\/types\/product"}],"replies":[{"embeddable":true,"href":"https:\/\/www.hediyepazar.com\/index.php?rest_route=%2Fwp%2Fv2%2Fcomments&post=123995"}],"wp:featuredmedia":[{"embeddable":true,"href":"https:\/\/www.hediyepazar.com\/index.php?rest_route=\/wp\/v2\/media\/123994"}],"wp:attachment":[{"href":"https:\/\/www.hediyepazar.com\/index.php?rest_route=%2Fwp%2Fv2%2Fmedia&parent=123995"}],"wp:term":[{"taxonomy":"product_brand","embeddable":true,"href":"https:\/\/www.hediyepazar.com\/index.php?rest_route=%2Fwp%2Fv2%2Fproduct_brand&post=123995"},{"taxonomy":"product_cat","embeddable":true,"href":"https:\/\/www.hediyepazar.com\/index.php?rest_route=%2Fwp%2Fv2%2Fproduct_cat&post=123995"},{"taxonomy":"product_tag","embeddable":true,"href":"https:\/\/www.hediyepazar.com\/index.php?rest_route=%2Fwp%2Fv2%2Fproduct_tag&post=123995"}],"curies":[{"name":"wp","href":"https:\/\/api.w.org\/{rel}","templated":true}]}}