{"id":124009,"date":"2026-05-06T14:40:10","date_gmt":"2026-05-06T17:40:10","guid":{"rendered":"https:\/\/www.hediyepazar.com\/?product=gold-renk-3d-kurt-basi-duvar-dekoru-2"},"modified":"2026-05-06T14:40:10","modified_gmt":"2026-05-06T17:40:10","slug":"gold-renk-3d-kurt-basi-duvar-dekoru-2","status":"publish","type":"product","link":"https:\/\/www.hediyepazar.com\/?product=gold-renk-3d-kurt-basi-duvar-dekoru-2","title":{"rendered":"Gold Renk 3D Kurt Ba\u015f\u0131 Duvar Dekoru"},"content":{"rendered":"<p>Bu gold renkli kurt ba\u015f\u0131 heykeli, ev ve ofis dekorasyonunda g\u00fc\u00e7l\u00fc bir vurgu yaratmak isteyenler i\u00e7in tasarlanm\u0131\u015f \u00f6zel bir par\u00e7ad\u0131r. 25 cm geni\u015flik ve 19 cm y\u00fckseklik \u00f6l\u00e7\u00fclerine sahip bu \u00fcr\u00fcn, alt\u0131n efektli g\u00f6r\u00fcn\u00fcm\u00fc ile standart dekor objelerinden \u00e7ok daha dikkat \u00e7ekicidir. Ger\u00e7ek\u00e7i detaylarla modellenmi\u015f y\u00fcz hatlar\u0131, heykelin duvarda adeta canl\u0131 bir fig\u00fcr gibi g\u00f6r\u00fcnmesini sa\u011flar.Gold y\u00fczey \u0131\u015f\u0131\u011f\u0131 m\u00fckemmel yans\u0131tt\u0131\u011f\u0131 i\u00e7in \u00f6zellikle spot \u0131\u015f\u0131\u011f\u0131, led ayd\u0131nlatma ve do\u011fal \u0131\u015f\u0131k alt\u0131nda g\u00f6z al\u0131c\u0131 bir etki olu\u015fturur. Duvara as\u0131labilir yap\u0131s\u0131 pratik kullan\u0131m sunar. Hafiftir, bu nedenle duvar\u0131 zorlamaz ve istenilen yere rahatl\u0131kla monte edilebilir.Bu dekoratif kurt heykeli; salon, antre, \u00e7al\u0131\u015fma odas\u0131, gen\u00e7 odas\u0131, toplant\u0131 odas\u0131, kafe, st\u00fcdyo ve konsept mekanlarda g\u00fc\u00e7l\u00fc bir atmosfer yarat\u0131r. \u00d6zellikle modern \u2013 l\u00fcks \u2013 loft \u2013 end\u00fcstriyel tarz dekorasyonlarda kusursuz bir tamamlay\u0131c\u0131 g\u00f6revi g\u00f6r\u00fcr.Gold kurt ba\u015f\u0131 heykeli hediyelik olarak da olduk\u00e7a pop\u00fclerdir. Yeni ofis a\u00e7\u0131l\u0131\u015flar\u0131, yeni ev hediyeleri, do\u011fum g\u00fcn\u00fc s\u00fcrprizleri ve koleksiyon \u00fcr\u00fcnleri aras\u0131nda yer alabilecek \u00f6zel bir objedir. G\u00fc\u00e7l\u00fc fig\u00fcr sevenlere, alt\u0131n tonlu dekorlardan ho\u015flananlara ve sanatsal objeler toplayanlara hitap eder.<\/p>\n","protected":false},"excerpt":{"rendered":"<p>Bu gold renkli kurt ba\u015f\u0131 heykeli, ev ve ofis dekorasyonunda g\u00fc\u00e7l\u00fc bir vurgu yaratmak isteyenler i\u00e7in tasarlanm\u0131\u015f \u00f6zel bir par\u00e7ad\u0131r. 25 cm geni\u015flik ve 19 cm y\u00fckseklik \u00f6l\u00e7\u00fclerine sahip bu \u00fcr\u00fcn, alt\u0131n efektli g\u00f6r\u00fcn\u00fcm\u00fc ile standart dekor objelerinden \u00e7ok daha dikkat \u00e7ekicidir. Ger\u00e7ek\u00e7i detaylarla modellenmi\u015f y\u00fcz hatlar\u0131, heykelin duvarda adeta canl\u0131 bir fig\u00fcr gibi g\u00f6r\u00fcnmesini&#8230;<\/p>\n","protected":false},"featured_media":124008,"comment_status":"open","ping_status":"closed","template":"","meta":{"_kad_post_transparent":"","_kad_post_title":"","_kad_post_layout":"","_kad_post_sidebar_id":"","_kad_post_content_style":"","_kad_post_vertical_padding":"","_kad_post_feature":"","_kad_post_feature_position":"","_kad_post_header":false,"_kad_post_footer":false,"_kad_post_classname":""},"product_brand":[],"product_cat":[14940],"product_tag":[],"class_list":{"0":"post-124009","1":"product","2":"type-product","3":"status-publish","4":"has-post-thumbnail","6":"product_cat-dekoratif-obje-biblo-dekoratif-obje-biblo","8":"first","9":"instock","10":"purchasable","11":"product-type-simple","12":"entry","13":"content-bg","14":"loop-entry"},"_links":{"self":[{"href":"https:\/\/www.hediyepazar.com\/index.php?rest_route=\/wp\/v2\/product\/124009","targetHints":{"allow":["GET"]}}],"collection":[{"href":"https:\/\/www.hediyepazar.com\/index.php?rest_route=\/wp\/v2\/product"}],"about":[{"href":"https:\/\/www.hediyepazar.com\/index.php?rest_route=\/wp\/v2\/types\/product"}],"replies":[{"embeddable":true,"href":"https:\/\/www.hediyepazar.com\/index.php?rest_route=%2Fwp%2Fv2%2Fcomments&post=124009"}],"wp:featuredmedia":[{"embeddable":true,"href":"https:\/\/www.hediyepazar.com\/index.php?rest_route=\/wp\/v2\/media\/124008"}],"wp:attachment":[{"href":"https:\/\/www.hediyepazar.com\/index.php?rest_route=%2Fwp%2Fv2%2Fmedia&parent=124009"}],"wp:term":[{"taxonomy":"product_brand","embeddable":true,"href":"https:\/\/www.hediyepazar.com\/index.php?rest_route=%2Fwp%2Fv2%2Fproduct_brand&post=124009"},{"taxonomy":"product_cat","embeddable":true,"href":"https:\/\/www.hediyepazar.com\/index.php?rest_route=%2Fwp%2Fv2%2Fproduct_cat&post=124009"},{"taxonomy":"product_tag","embeddable":true,"href":"https:\/\/www.hediyepazar.com\/index.php?rest_route=%2Fwp%2Fv2%2Fproduct_tag&post=124009"}],"curies":[{"name":"wp","href":"https:\/\/api.w.org\/{rel}","templated":true}]}}