{"id":124027,"date":"2026-05-06T14:42:15","date_gmt":"2026-05-06T17:42:15","guid":{"rendered":"https:\/\/www.hediyepazar.com\/?product=gri-kurt-duvar-biblosu-guclu-detayli-dekoratif-tasarim-25x19-cm"},"modified":"2026-05-06T14:42:15","modified_gmt":"2026-05-06T17:42:15","slug":"gri-kurt-duvar-biblosu-guclu-detayli-dekoratif-tasarim-25x19-cm","status":"publish","type":"product","link":"https:\/\/www.hediyepazar.com\/?product=gri-kurt-duvar-biblosu-guclu-detayli-dekoratif-tasarim-25x19-cm","title":{"rendered":"Gri Kurt Duvar Biblosu G\u00fc\u00e7l\u00fc Detayl\u0131 Dekoratif Tasar\u0131m 25&#215;19 cm"},"content":{"rendered":"<p>Gri kurt fig\u00fcrl\u00fc duvar biblosu, g\u00fc\u00e7l\u00fc duru\u015fu ve detayl\u0131 i\u015f\u00e7ili\u011fiyle ya\u015fam alanlar\u0131n\u0131za karakter kazand\u0131rmak i\u00e7in tasarlanm\u0131\u015ft\u0131r. 25 cm geni\u015flik ve 19 cm y\u00fckseklik \u00f6l\u00e7\u00fclerine sahip olan bu dekoratif par\u00e7a, duvar \u00fczerinde ideal boyutuyla dikkat \u00e7ekerken alan\u0131 bo\u011fmadan etkileyici bir odak noktas\u0131 olu\u015fturur. Kurt fig\u00fcr\u00fc; \u00f6zg\u00fcrl\u00fck, g\u00fc\u00e7 ve do\u011fall\u0131\u011f\u0131 simgelerken modern ve minimal dekorasyon anlay\u0131\u015f\u0131yla m\u00fckemmel uyum sa\u011flar.Duvara as\u0131labilen yap\u0131s\u0131 sayesinde salon, oturma odas\u0131, \u00e7al\u0131\u015fma alan\u0131, ofis ya da antre gibi bir\u00e7ok mek\u00e2nda rahatl\u0131kla kullan\u0131labilir. Gri renk tonu; a\u00e7\u0131k, koyu ve do\u011fal tonlardaki duvarlarla uyum sa\u011flar ve cozy, lo\u015f ya da ayd\u0131nl\u0131k ortamlarda estetik bir g\u00f6r\u00fcn\u00fcm sunar. Y\u00fczey detaylar\u0131 ve fig\u00fcr\u00fcn hacimli yap\u0131s\u0131, \u0131\u015f\u0131kla birlikte derinlik hissi olu\u015fturarak dekorunuzu daha etkileyici hale getirir.Modern, loft, rustik ve end\u00fcstriyel dekorasyon stillerine uyum sa\u011flayan bu gri kurt duvar biblosu, evine karakter katmak isteyenler i\u00e7in g\u00fc\u00e7l\u00fc bir tercihtir. Duvar dekorasyonunda klasik tablolar\u0131n d\u0131\u015f\u0131nda, farkl\u0131 ve dikkat \u00e7ekici bir par\u00e7a arayanlar i\u00e7in ideal bir se\u00e7enektir.<\/p>\n","protected":false},"excerpt":{"rendered":"<p>Gri kurt fig\u00fcrl\u00fc duvar biblosu, g\u00fc\u00e7l\u00fc duru\u015fu ve detayl\u0131 i\u015f\u00e7ili\u011fiyle ya\u015fam alanlar\u0131n\u0131za karakter kazand\u0131rmak i\u00e7in tasarlanm\u0131\u015ft\u0131r. 25 cm geni\u015flik ve 19 cm y\u00fckseklik \u00f6l\u00e7\u00fclerine sahip olan bu dekoratif par\u00e7a, duvar \u00fczerinde ideal boyutuyla dikkat \u00e7ekerken alan\u0131 bo\u011fmadan etkileyici bir odak noktas\u0131 olu\u015fturur. Kurt fig\u00fcr\u00fc; \u00f6zg\u00fcrl\u00fck, g\u00fc\u00e7 ve do\u011fall\u0131\u011f\u0131 simgelerken modern ve minimal dekorasyon anlay\u0131\u015f\u0131yla m\u00fckemmel&#8230;<\/p>\n","protected":false},"featured_media":124026,"comment_status":"open","ping_status":"closed","template":"","meta":{"_kad_post_transparent":"","_kad_post_title":"","_kad_post_layout":"","_kad_post_sidebar_id":"","_kad_post_content_style":"","_kad_post_vertical_padding":"","_kad_post_feature":"","_kad_post_feature_position":"","_kad_post_header":false,"_kad_post_footer":false,"_kad_post_classname":""},"product_brand":[],"product_cat":[14940],"product_tag":[],"class_list":{"0":"post-124027","1":"product","2":"type-product","3":"status-publish","4":"has-post-thumbnail","6":"product_cat-dekoratif-obje-biblo-dekoratif-obje-biblo","8":"first","9":"instock","10":"purchasable","11":"product-type-simple","12":"entry","13":"content-bg","14":"loop-entry"},"_links":{"self":[{"href":"https:\/\/www.hediyepazar.com\/index.php?rest_route=\/wp\/v2\/product\/124027","targetHints":{"allow":["GET"]}}],"collection":[{"href":"https:\/\/www.hediyepazar.com\/index.php?rest_route=\/wp\/v2\/product"}],"about":[{"href":"https:\/\/www.hediyepazar.com\/index.php?rest_route=\/wp\/v2\/types\/product"}],"replies":[{"embeddable":true,"href":"https:\/\/www.hediyepazar.com\/index.php?rest_route=%2Fwp%2Fv2%2Fcomments&post=124027"}],"wp:featuredmedia":[{"embeddable":true,"href":"https:\/\/www.hediyepazar.com\/index.php?rest_route=\/wp\/v2\/media\/124026"}],"wp:attachment":[{"href":"https:\/\/www.hediyepazar.com\/index.php?rest_route=%2Fwp%2Fv2%2Fmedia&parent=124027"}],"wp:term":[{"taxonomy":"product_brand","embeddable":true,"href":"https:\/\/www.hediyepazar.com\/index.php?rest_route=%2Fwp%2Fv2%2Fproduct_brand&post=124027"},{"taxonomy":"product_cat","embeddable":true,"href":"https:\/\/www.hediyepazar.com\/index.php?rest_route=%2Fwp%2Fv2%2Fproduct_cat&post=124027"},{"taxonomy":"product_tag","embeddable":true,"href":"https:\/\/www.hediyepazar.com\/index.php?rest_route=%2Fwp%2Fv2%2Fproduct_tag&post=124027"}],"curies":[{"name":"wp","href":"https:\/\/api.w.org\/{rel}","templated":true}]}}