{"id":124033,"date":"2026-05-06T14:43:04","date_gmt":"2026-05-06T17:43:04","guid":{"rendered":"https:\/\/www.hediyepazar.com\/?product=dikey-ve-yatay-cekim-destekli-selfie-stick-tripod"},"modified":"2026-05-06T14:43:04","modified_gmt":"2026-05-06T17:43:04","slug":"dikey-ve-yatay-cekim-destekli-selfie-stick-tripod","status":"publish","type":"product","link":"https:\/\/www.hediyepazar.com\/?product=dikey-ve-yatay-cekim-destekli-selfie-stick-tripod","title":{"rendered":"Dikey ve Yatay \u00c7ekim Destekli Selfie Stick Tripod"},"content":{"rendered":"<p>Selfie \u00e7ekimlerini ve video kay\u0131tlar\u0131n\u0131 daha pratik hale getiren tripodlu selfie stick, \u00e7ok ama\u00e7l\u0131 kullan\u0131m sunar. Uzat\u0131labilir yap\u0131s\u0131 sayesinde farkl\u0131 a\u00e7\u0131lardan \u00e7ekim yap\u0131labilir. Tripod \u00f6zelli\u011fi ile sabit \u00e7ekimler kolayla\u015f\u0131r.Ayarlanabilir telefon tutucu k\u0131sm\u0131, farkl\u0131 boyuttaki telefonlara uyum sa\u011flar. Dikey ve yatay \u00e7ekim modlar\u0131n\u0131 desteklemesi, sosyal medya payla\u015f\u0131mlar\u0131 i\u00e7in b\u00fcy\u00fck avantaj sunar. Uzaktan kumanda ile \u00e7ekim yap\u0131labilmesi kullan\u0131m konforunu art\u0131r\u0131r.Hafif ve ta\u015f\u0131nabilir tasar\u0131m\u0131 sayesinde g\u00fcnl\u00fck kullan\u0131m i\u00e7in uygundur. \u00c7anta i\u00e7inde kolayca ta\u015f\u0131nabilir. Dayan\u0131kl\u0131 malzemeden \u00fcretilmi\u015f olmas\u0131 uzun s\u00fcreli kullan\u0131m imk\u00e2n\u0131 sunar.Tripodlu selfie \u00e7ubu\u011fu, foto\u011fraf ve video \u00e7ekimlerinde konfor ve kalite arayan kullan\u0131c\u0131lar i\u00e7in ideal bir \u00fcr\u00fcnd\u00fcr.<\/p>\n","protected":false},"excerpt":{"rendered":"<p>Selfie \u00e7ekimlerini ve video kay\u0131tlar\u0131n\u0131 daha pratik hale getiren tripodlu selfie stick, \u00e7ok ama\u00e7l\u0131 kullan\u0131m sunar. Uzat\u0131labilir yap\u0131s\u0131 sayesinde farkl\u0131 a\u00e7\u0131lardan \u00e7ekim yap\u0131labilir. Tripod \u00f6zelli\u011fi ile sabit \u00e7ekimler kolayla\u015f\u0131r.Ayarlanabilir telefon tutucu k\u0131sm\u0131, farkl\u0131 boyuttaki telefonlara uyum sa\u011flar. Dikey ve yatay \u00e7ekim modlar\u0131n\u0131 desteklemesi, sosyal medya payla\u015f\u0131mlar\u0131 i\u00e7in b\u00fcy\u00fck avantaj sunar. Uzaktan kumanda ile \u00e7ekim yap\u0131labilmesi&#8230;<\/p>\n","protected":false},"featured_media":124032,"comment_status":"open","ping_status":"closed","template":"","meta":{"_kad_post_transparent":"","_kad_post_title":"","_kad_post_layout":"","_kad_post_sidebar_id":"","_kad_post_content_style":"","_kad_post_vertical_padding":"","_kad_post_feature":"","_kad_post_feature_position":"","_kad_post_header":false,"_kad_post_footer":false,"_kad_post_classname":""},"product_brand":[],"product_cat":[15008],"product_tag":[],"class_list":{"0":"post-124033","1":"product","2":"type-product","3":"status-publish","4":"has-post-thumbnail","6":"product_cat-selfie-cubugu-selfie-cubugu-2","8":"first","9":"instock","10":"purchasable","11":"product-type-simple","12":"entry","13":"content-bg","14":"loop-entry"},"_links":{"self":[{"href":"https:\/\/www.hediyepazar.com\/index.php?rest_route=\/wp\/v2\/product\/124033","targetHints":{"allow":["GET"]}}],"collection":[{"href":"https:\/\/www.hediyepazar.com\/index.php?rest_route=\/wp\/v2\/product"}],"about":[{"href":"https:\/\/www.hediyepazar.com\/index.php?rest_route=\/wp\/v2\/types\/product"}],"replies":[{"embeddable":true,"href":"https:\/\/www.hediyepazar.com\/index.php?rest_route=%2Fwp%2Fv2%2Fcomments&post=124033"}],"wp:featuredmedia":[{"embeddable":true,"href":"https:\/\/www.hediyepazar.com\/index.php?rest_route=\/wp\/v2\/media\/124032"}],"wp:attachment":[{"href":"https:\/\/www.hediyepazar.com\/index.php?rest_route=%2Fwp%2Fv2%2Fmedia&parent=124033"}],"wp:term":[{"taxonomy":"product_brand","embeddable":true,"href":"https:\/\/www.hediyepazar.com\/index.php?rest_route=%2Fwp%2Fv2%2Fproduct_brand&post=124033"},{"taxonomy":"product_cat","embeddable":true,"href":"https:\/\/www.hediyepazar.com\/index.php?rest_route=%2Fwp%2Fv2%2Fproduct_cat&post=124033"},{"taxonomy":"product_tag","embeddable":true,"href":"https:\/\/www.hediyepazar.com\/index.php?rest_route=%2Fwp%2Fv2%2Fproduct_tag&post=124033"}],"curies":[{"name":"wp","href":"https:\/\/api.w.org\/{rel}","templated":true}]}}