{"id":124043,"date":"2026-05-06T14:44:05","date_gmt":"2026-05-06T17:44:05","guid":{"rendered":"https:\/\/www.hediyepazar.com\/?product=derin-masaj-saglayan-elektrikli-kafa-masaj-aleti"},"modified":"2026-05-06T14:44:05","modified_gmt":"2026-05-06T17:44:05","slug":"derin-masaj-saglayan-elektrikli-kafa-masaj-aleti","status":"publish","type":"product","link":"https:\/\/www.hediyepazar.com\/?product=derin-masaj-saglayan-elektrikli-kafa-masaj-aleti","title":{"rendered":"Derin Masaj Sa\u011flayan Elektrikli Kafa Masaj Aleti"},"content":{"rendered":"<p>Kafa derisi masaj\u0131n\u0131 pratik hale getiren elektrikli masaj aleti, \u00e7oklu masaj ba\u015fl\u0131klar\u0131 sayesinde dengeli ve etkili bir masaj sunar. G\u00fcnl\u00fck stresin azalmas\u0131na yard\u0131mc\u0131 olur.IPX7 su ge\u00e7irmez yap\u0131s\u0131 sayesinde du\u015fta kullan\u0131labilir. 3 h\u0131z modu ile ki\u015fisel tercihlere uyum sa\u011flar. Kablosuz ve \u015farjl\u0131 olmas\u0131 kullan\u0131m kolayl\u0131\u011f\u0131 sunar.Ev, ofis veya seyahatlerde rahatl\u0131kla kullan\u0131labilir. Kompakt tasar\u0131m\u0131 sayesinde ta\u015f\u0131mas\u0131 kolayd\u0131r. Sevdikleriniz i\u00e7in kullan\u0131\u015fl\u0131 bir hediye se\u00e7ene\u011fidir.<\/p>\n","protected":false},"excerpt":{"rendered":"<p>Kafa derisi masaj\u0131n\u0131 pratik hale getiren elektrikli masaj aleti, \u00e7oklu masaj ba\u015fl\u0131klar\u0131 sayesinde dengeli ve etkili bir masaj sunar. G\u00fcnl\u00fck stresin azalmas\u0131na yard\u0131mc\u0131 olur.IPX7 su ge\u00e7irmez yap\u0131s\u0131 sayesinde du\u015fta kullan\u0131labilir. 3 h\u0131z modu ile ki\u015fisel tercihlere uyum sa\u011flar. Kablosuz ve \u015farjl\u0131 olmas\u0131 kullan\u0131m kolayl\u0131\u011f\u0131 sunar.Ev, ofis veya seyahatlerde rahatl\u0131kla kullan\u0131labilir. Kompakt tasar\u0131m\u0131 sayesinde ta\u015f\u0131mas\u0131 kolayd\u0131r&#8230;.<\/p>\n","protected":false},"featured_media":124042,"comment_status":"open","ping_status":"closed","template":"","meta":{"_kad_post_transparent":"","_kad_post_title":"","_kad_post_layout":"","_kad_post_sidebar_id":"","_kad_post_content_style":"","_kad_post_vertical_padding":"","_kad_post_feature":"","_kad_post_feature_position":"","_kad_post_header":false,"_kad_post_footer":false,"_kad_post_classname":""},"product_brand":[],"product_cat":[14939],"product_tag":[],"class_list":{"0":"post-124043","1":"product","2":"type-product","3":"status-publish","4":"has-post-thumbnail","6":"product_cat-masaj-cihazi-masaj-cihazi","8":"first","9":"instock","10":"purchasable","11":"product-type-simple","12":"entry","13":"content-bg","14":"loop-entry"},"_links":{"self":[{"href":"https:\/\/www.hediyepazar.com\/index.php?rest_route=\/wp\/v2\/product\/124043","targetHints":{"allow":["GET"]}}],"collection":[{"href":"https:\/\/www.hediyepazar.com\/index.php?rest_route=\/wp\/v2\/product"}],"about":[{"href":"https:\/\/www.hediyepazar.com\/index.php?rest_route=\/wp\/v2\/types\/product"}],"replies":[{"embeddable":true,"href":"https:\/\/www.hediyepazar.com\/index.php?rest_route=%2Fwp%2Fv2%2Fcomments&post=124043"}],"wp:featuredmedia":[{"embeddable":true,"href":"https:\/\/www.hediyepazar.com\/index.php?rest_route=\/wp\/v2\/media\/124042"}],"wp:attachment":[{"href":"https:\/\/www.hediyepazar.com\/index.php?rest_route=%2Fwp%2Fv2%2Fmedia&parent=124043"}],"wp:term":[{"taxonomy":"product_brand","embeddable":true,"href":"https:\/\/www.hediyepazar.com\/index.php?rest_route=%2Fwp%2Fv2%2Fproduct_brand&post=124043"},{"taxonomy":"product_cat","embeddable":true,"href":"https:\/\/www.hediyepazar.com\/index.php?rest_route=%2Fwp%2Fv2%2Fproduct_cat&post=124043"},{"taxonomy":"product_tag","embeddable":true,"href":"https:\/\/www.hediyepazar.com\/index.php?rest_route=%2Fwp%2Fv2%2Fproduct_tag&post=124043"}],"curies":[{"name":"wp","href":"https:\/\/api.w.org\/{rel}","templated":true}]}}