{"id":124049,"date":"2026-05-06T14:44:20","date_gmt":"2026-05-06T17:44:20","guid":{"rendered":"https:\/\/www.hediyepazar.com\/?product=sarjli-kafa-masaj-aleti-3-hiz-ayarli-derin-masaj"},"modified":"2026-05-06T14:44:20","modified_gmt":"2026-05-06T17:44:20","slug":"sarjli-kafa-masaj-aleti-3-hiz-ayarli-derin-masaj","status":"publish","type":"product","link":"https:\/\/www.hediyepazar.com\/?product=sarjli-kafa-masaj-aleti-3-hiz-ayarli-derin-masaj","title":{"rendered":"\u015earjl\u0131 Kafa Masaj Aleti 3 H\u0131z Ayarl\u0131 Derin Masaj"},"content":{"rendered":"<p>Kafa derisi i\u00e7in \u00f6zel olarak tasarlanan elektrikli masaj aleti, \u00e7ok ba\u015fl\u0131kl\u0131 yap\u0131s\u0131 sayesinde etkili ve dengeli bir masaj deneyimi sunar. D\u00f6rt masaj ba\u015fl\u0131\u011f\u0131nda bulunan 24 d\u00fc\u011f\u00fcml\u00fc sistem, kafa derisine e\u015fit bas\u0131n\u00e7 uygulayarak rahatlat\u0131c\u0131 bir masaj hissi olu\u015fturur. G\u00fcnl\u00fck stresin azalmas\u0131na yard\u0131mc\u0131 olur.IPX7 su ge\u00e7irmezlik \u00f6zelli\u011fi, \u00fcr\u00fcn\u00fc du\u015fta kullan\u0131m i\u00e7in uygun hale getirir. Islak ve kuru kullan\u0131m avantaj\u0131 sayesinde g\u00fcn\u00fcn her an\u0131nda masaj keyfi sunar. Cilt dostu malzemeden \u00fcretilmi\u015f olmas\u0131, uzun s\u00fcreli kullan\u0131mlarda dahi konfor sa\u011flar.3 ayarlanabilir h\u0131z modu ile ki\u015fisel tercihlere g\u00f6re masaj \u015fiddeti ayarlanabilir. Hafif masajdan yo\u011fun masaja kadar farkl\u0131 se\u00e7enekler sunar. Kablosuz kullan\u0131m \u00f6zelli\u011fi sayesinde hareket \u00f6zg\u00fcrl\u00fc\u011f\u00fc sa\u011flar.USB ile \u015farj edilebilir olmas\u0131, \u00fcr\u00fcn\u00fc pratik ve ta\u015f\u0131nabilir hale getirir. Ev, ofis veya ara\u00e7 i\u00e7inde kolayl\u0131kla kullan\u0131labilir. Kompakt tasar\u0131m\u0131 sayesinde \u00e7anta i\u00e7inde ta\u015f\u0131nabilir.Elektrikli kafa masaj aleti, kendiniz i\u00e7in rahatlat\u0131c\u0131 bir bak\u0131m \u00fcr\u00fcn\u00fc olmas\u0131n\u0131n yan\u0131 s\u0131ra sevdikleriniz i\u00e7in de i\u015flevsel bir hediye alternatifi sunar.<\/p>\n","protected":false},"excerpt":{"rendered":"<p>Kafa derisi i\u00e7in \u00f6zel olarak tasarlanan elektrikli masaj aleti, \u00e7ok ba\u015fl\u0131kl\u0131 yap\u0131s\u0131 sayesinde etkili ve dengeli bir masaj deneyimi sunar. D\u00f6rt masaj ba\u015fl\u0131\u011f\u0131nda bulunan 24 d\u00fc\u011f\u00fcml\u00fc sistem, kafa derisine e\u015fit bas\u0131n\u00e7 uygulayarak rahatlat\u0131c\u0131 bir masaj hissi olu\u015fturur. G\u00fcnl\u00fck stresin azalmas\u0131na yard\u0131mc\u0131 olur.IPX7 su ge\u00e7irmezlik \u00f6zelli\u011fi, \u00fcr\u00fcn\u00fc du\u015fta kullan\u0131m i\u00e7in uygun hale getirir. Islak ve kuru&#8230;<\/p>\n","protected":false},"featured_media":124048,"comment_status":"open","ping_status":"closed","template":"","meta":{"_kad_post_transparent":"","_kad_post_title":"","_kad_post_layout":"","_kad_post_sidebar_id":"","_kad_post_content_style":"","_kad_post_vertical_padding":"","_kad_post_feature":"","_kad_post_feature_position":"","_kad_post_header":false,"_kad_post_footer":false,"_kad_post_classname":""},"product_brand":[],"product_cat":[14939],"product_tag":[],"class_list":{"0":"post-124049","1":"product","2":"type-product","3":"status-publish","4":"has-post-thumbnail","6":"product_cat-masaj-cihazi-masaj-cihazi","8":"first","9":"instock","10":"purchasable","11":"product-type-simple","12":"entry","13":"content-bg","14":"loop-entry"},"_links":{"self":[{"href":"https:\/\/www.hediyepazar.com\/index.php?rest_route=\/wp\/v2\/product\/124049","targetHints":{"allow":["GET"]}}],"collection":[{"href":"https:\/\/www.hediyepazar.com\/index.php?rest_route=\/wp\/v2\/product"}],"about":[{"href":"https:\/\/www.hediyepazar.com\/index.php?rest_route=\/wp\/v2\/types\/product"}],"replies":[{"embeddable":true,"href":"https:\/\/www.hediyepazar.com\/index.php?rest_route=%2Fwp%2Fv2%2Fcomments&post=124049"}],"wp:featuredmedia":[{"embeddable":true,"href":"https:\/\/www.hediyepazar.com\/index.php?rest_route=\/wp\/v2\/media\/124048"}],"wp:attachment":[{"href":"https:\/\/www.hediyepazar.com\/index.php?rest_route=%2Fwp%2Fv2%2Fmedia&parent=124049"}],"wp:term":[{"taxonomy":"product_brand","embeddable":true,"href":"https:\/\/www.hediyepazar.com\/index.php?rest_route=%2Fwp%2Fv2%2Fproduct_brand&post=124049"},{"taxonomy":"product_cat","embeddable":true,"href":"https:\/\/www.hediyepazar.com\/index.php?rest_route=%2Fwp%2Fv2%2Fproduct_cat&post=124049"},{"taxonomy":"product_tag","embeddable":true,"href":"https:\/\/www.hediyepazar.com\/index.php?rest_route=%2Fwp%2Fv2%2Fproduct_tag&post=124049"}],"curies":[{"name":"wp","href":"https:\/\/api.w.org\/{rel}","templated":true}]}}